{"id":3189,"date":"2024-03-06T14:05:58","date_gmt":"2024-03-06T14:05:58","guid":{"rendered":"https:\/\/mdrhc.gov.tl\/bs-contact\/"},"modified":"2025-05-30T06:40:57","modified_gmt":"2025-05-30T06:40:57","slug":"bs-contact","status":"publish","type":"page","link":"https:\/\/mdrhc.gov.tl\/en\/bs-contact\/","title":{"rendered":"Contact"},"content":{"rendered":"<section class=\"wpb-content-wrapper\"><p>[vc_row][vc_column width=&#8221;2\/3&#8243; is_sidebar=&#8221;true&#8221;]\t<div\n\t\t\t\t\tclass=\"bs-shortcode bs-text \">\n\t\t\t\t<h3 class=\"section-heading sh-t7 sh-s1\">\n\t\t\t\t<span class=\"h-text\">About Me<\/span>\n\t\t\t\t<\/h3>\n\t\t\t\t<div class=\"bs-text-content\">\n\t\t\t<p>Dezenvolvimentu rur\u00e1l no habitasaun komunit\u00e1ria nu\u2019udar ai-riin fundament\u00e1l atu hadi\u2019a kondisaun moris populasaun, liuliu iha nasaun hanesan Timor-Leste, ne\u2019eb\u00e9 maioria populasaun hela iha \u00e1rea rur\u00e1l no hasoru dezafiu signifikativu.<\/p>\n\t\t<\/div>\n\t<\/div><!-- .bs-text -->\n\t<div\n\t\t\t\t\tclass=\"bs-shortcode bs-text \">\n\t\t\t\t<h3 class=\"section-heading sh-t7 sh-s1\">\n\t\t\t\t<span class=\"h-text\">SEND US A MESSAGE<\/span>\n\t\t\t\t<\/h3>\n\t\t\t\t<div class=\"bs-text-content\">\n\t\t\t<div class=\"wpcf7 no-js\" id=\"wpcf7-f4880-o1\" lang=\"en-US\" dir=\"ltr\" data-wpcf7-id=\"4880\">\n<div class=\"screen-reader-response\">\n<p role=\"status\" aria-live=\"polite\" aria-atomic=\"true\">\n<ul><\/ul>\n<\/div>\n<form action=\"\/en\/wp-json\/wp\/v2\/pages\/3189#wpcf7-f4880-o1\" method=\"post\" class=\"wpcf7-form init\" aria-label=\"Contact form\" novalidate=\"novalidate\" data-status=\"init\">\n<div style=\"display: none;\">\n<input type=\"hidden\" name=\"_wpcf7\" value=\"4880\" \/><br \/>\n<input type=\"hidden\" name=\"_wpcf7_version\" value=\"6.0.6\" \/><br \/>\n<input type=\"hidden\" name=\"_wpcf7_locale\" value=\"en_US\" \/><br \/>\n<input type=\"hidden\" name=\"_wpcf7_unit_tag\" value=\"wpcf7-f4880-o1\" \/><br \/>\n<input type=\"hidden\" name=\"_wpcf7_container_post\" value=\"0\" \/><br \/>\n<input type=\"hidden\" name=\"_wpcf7_posted_data_hash\" value=\"\" \/><br \/>\n<input type=\"hidden\" name=\"lang\" value=\"en\" \/>\n<\/div>\n<p><label> Your name<br \/>\n<span class=\"wpcf7-form-control-wrap\" data-name=\"your-name\"><input size=\"40\" maxlength=\"400\" class=\"wpcf7-form-control wpcf7-text wpcf7-validates-as-required\" autocomplete=\"name\" aria-required=\"true\" aria-invalid=\"false\" value=\"\" type=\"text\" name=\"your-name\" \/><\/span> <\/label>\n<\/p>\n<p><label> Your email<br \/>\n<span class=\"wpcf7-form-control-wrap\" data-name=\"your-email\"><input size=\"40\" maxlength=\"400\" class=\"wpcf7-form-control wpcf7-email wpcf7-validates-as-required wpcf7-text wpcf7-validates-as-email\" autocomplete=\"email\" aria-required=\"true\" aria-invalid=\"false\" value=\"\" type=\"email\" name=\"your-email\" \/><\/span> <\/label>\n<\/p>\n<p><label> Subject<br \/>\n<span class=\"wpcf7-form-control-wrap\" data-name=\"your-subject\"><input size=\"40\" maxlength=\"400\" class=\"wpcf7-form-control wpcf7-text wpcf7-validates-as-required\" aria-required=\"true\" aria-invalid=\"false\" value=\"\" type=\"text\" name=\"your-subject\" \/><\/span> <\/label>\n<\/p>\n<p><label> Your message (optional)<br \/>\n<span class=\"wpcf7-form-control-wrap\" data-name=\"your-message\"><textarea cols=\"40\" rows=\"10\" maxlength=\"2000\" class=\"wpcf7-form-control wpcf7-textarea\" aria-invalid=\"false\" name=\"your-message\"><\/textarea><\/span> <\/label>\n<\/p>\n<p><input class=\"wpcf7-form-control wpcf7-submit has-spinner\" type=\"submit\" value=\"Submit\" \/>\n<\/p>\n<div class=\"wpcf7-response-output\" aria-hidden=\"true\"><\/div>\n<\/form>\n<\/div>\n\t\t<\/div>\n\t<\/div><!-- .bs-text -->\n[\/vc_column][vc_column width=&#8221;1\/3&#8243; is_sidebar=&#8221;true&#8221;]\t<div\n\t\t\t\t\tclass=\"bs-shortcode bs-text \">\n\t\t\t\t<h3 class=\"section-heading sh-t7 sh-s1\">\n\t\t\t\t<span class=\"h-text\">CONTACT INFO<\/span>\n\t\t\t\t<\/h3>\n\t\t\t\t<div class=\"bs-text-content\">\n\t\t\t<p>Caicoli,<br \/>\nTimor &#8211; Leste<\/p>\n<p><strong>Phone<\/strong>: +670 75025979<br \/>\n<strong>Email<\/strong>: <a href=\"mailto:info@mdrhc.gov.tl\">info@mdrhc.gov.tl<\/a><br \/>\n<strong>Web<\/strong>: <a href=\"https:\/\/mdrhc.gov.tl\">mdrhc.gov.tl<\/a><\/p>\n\t\t<\/div>\n\t<\/div><!-- .bs-text -->\n[vc_gmaps link=&#8221;#E-8_JTNDaWZyYW1lJTIwc3JjJTNEJTIyaHR0cHMlM0ElMkYlMkZ3d3cuZ29vZ2xlLmNvbSUyRm1hcHMlMkZlbWJlZCUzRnBiJTNEJTIxMW0xOCUyMTFtMTIlMjExbTMlMjExZDUxNS4xNDYxODEwMjcwOTI2JTIxMmQxMjUuNTc1NDc2NzE5NDU3MTQlMjEzZC04LjU1NzY3NjM5OTc1NTk2NiUyMTJtMyUyMTFmMCUyMTJmMCUyMTNmMCUyMTNtMiUyMTFpMTAyNCUyMTJpNzY4JTIxNGYxMy4xJTIxM20zJTIxMW0yJTIxMXMweDJkMDFlNzAwNzM4NTQwOTUlMjUzQTB4YWI2N2QzNzc2ZGFhYmIwJTIxMnNNaW5pc3QlMjVDMyUyNUE5cmlvJTI1MjBkbyUyNTIwRGV6ZW52b2x2aW1lbnRvJTI1MjBSdXJhbCUyNTIwZSUyNTIwSGFiaXRhJTI1QzMlMjVBNyUyNUMzJTI1QTNvJTI1MjBDb211bml0YXJpYSUyMTVlMSUyMTNtMiUyMTFzZW4lMjEyc3RsJTIxNHYxNzQ4NTg3MTMyMzcwJTIxNW0yJTIxMXNlbiUyMTJzdGwlMjIlMjB3aWR0aCUzRCUyMjYwMCUyMiUyMGhlaWdodCUzRCUyMjQ1MCUyMiUyMHN0eWxlJTNEJTIyYm9yZGVyJTNBMCUzQiUyMiUyMGFsbG93ZnVsbHNjcmVlbiUzRCUyMiUyMiUyMGxvYWRpbmclM0QlMjJsYXp5JTIyJTIwcmVmZXJyZXJwb2xpY3klM0QlMjJuby1yZWZlcnJlci13aGVuLWRvd25ncmFkZSUyMiUzRSUzQyUyRmlmcmFtZSUzRQ==&#8221; title=&#8221;Lokalizasaun&#8221;][\/vc_column][\/vc_row]<\/p>\n<\/section>","protected":false},"excerpt":{"rendered":"<p>Other ultra-long-haul international flights connecting in the United States include a Delta one from Atlanta to Johannesburg, South Africa &#8230;<\/p>\n","protected":false},"author":1,"featured_media":0,"parent":0,"menu_order":0,"comment_status":"closed","ping_status":"closed","template":"","meta":{"_FSMCFIC_featured_image_caption":"","_FSMCFIC_featured_image_nocaption":"","_FSMCFIC_featured_image_hide":"","footnotes":""},"class_list":["post-3189","page","type-page","status-publish","hentry"],"_links":{"self":[{"href":"https:\/\/mdrhc.gov.tl\/en\/wp-json\/wp\/v2\/pages\/3189","targetHints":{"allow":["GET"]}}],"collection":[{"href":"https:\/\/mdrhc.gov.tl\/en\/wp-json\/wp\/v2\/pages"}],"about":[{"href":"https:\/\/mdrhc.gov.tl\/en\/wp-json\/wp\/v2\/types\/page"}],"author":[{"embeddable":true,"href":"https:\/\/mdrhc.gov.tl\/en\/wp-json\/wp\/v2\/users\/1"}],"replies":[{"embeddable":true,"href":"https:\/\/mdrhc.gov.tl\/en\/wp-json\/wp\/v2\/comments?post=3189"}],"version-history":[{"count":2,"href":"https:\/\/mdrhc.gov.tl\/en\/wp-json\/wp\/v2\/pages\/3189\/revisions"}],"predecessor-version":[{"id":5190,"href":"https:\/\/mdrhc.gov.tl\/en\/wp-json\/wp\/v2\/pages\/3189\/revisions\/5190"}],"wp:attachment":[{"href":"https:\/\/mdrhc.gov.tl\/en\/wp-json\/wp\/v2\/media?parent=3189"}],"curies":[{"name":"wp","href":"https:\/\/api.w.org\/{rel}","templated":true}]}}