{"id":3735,"date":"2024-03-14T02:50:04","date_gmt":"2024-03-14T02:50:04","guid":{"rendered":"https:\/\/mdrhc.gov.tl\/?page_id=3735"},"modified":"2025-06-10T03:20:33","modified_gmt":"2025-06-10T03:20:33","slug":"diresaun-nasional-ba-administrasaun-no-rekursu-umanu","status":"publish","type":"page","link":"https:\/\/mdrhc.gov.tl\/en\/diresaun-nasional-ba-administrasaun-no-rekursu-umanu\/","title":{"rendered":"Diresaun Nasion\u00e1l ba Administrasaun no Rekursu Umanu"},"content":{"rendered":"<section class=\"wpb-content-wrapper\"><p>[vc_row][vc_column][vc_column_text]<\/p>\n<p style=\"text-align: justify;\">Diresaun Nasion\u00e1l ba Administrasaun no Rekursu Umanu, abreviadamente DNARH, mak servisu husi DGSC ne&#8217;eb\u00e9 respons\u00e1vel ba pr\u00e1tika atu realiza atividade material ne&#8217;eb\u00e9 presiza, atu exerse kompet\u00e9nsia sira relasiona ho administrasaun jeral no jestaun rekursu umanu.<\/p>\n<p style=\"text-align: justify;\">DNARH nia responsabilidade mak :<\/p>\n<ol style=\"text-align: justify;\">\n<li>Elabora, promove, disemina no assegura implementasaun pol\u00edtika, estrat\u00e9jia, no padraun prosedimentu relasionadu ho jestaun administrasaun jeral no rekursu umanu, no kumpri ho lejislasaun vijente no pr\u00e1tika di&#8217;ak iha \u00e1rea jestaun rekursu umanu;<\/li>\n<li>Fornese servisu administrasaun ba unidade servisu hotu iha MDRHC, ho padraun sira ne&#8217;eb\u00e9 aprova atu garante satisfasaun ba nia utilizasaun;<\/li>\n<li>F\u00f3 apoiu t\u00e9kniku-administrativu, iha sira nia aspetu hotu, konforme orientasaun superi\u00f3r, ba \u00f3rgaun no servisu hotu iha MDRHC nian laran;<\/li>\n<li>Estabelese servisu arkivu sentr\u00e1l Minist\u00e9riu nian;<\/li>\n<li>Jere rejistu no arkivu hotu iha MDRHC;<\/li>\n<li>Garante organizasaun, instrusaun no prosesu dokumentu hotu relasionadu ho rekrutamentu no jestaun rekursu umanu iha MDRHC, no asegura atu la afeta atribuisaun Komisaun Servisu P\u00fabliku nian;<\/li>\n<li>Estabelese regra no prosedimentu uniforme ba rejistu no aprovasaun substituisaun, transfer\u00e9nsia, falta, lisensa, subsidiu no suplementu remunerat\u00f3riu ba rekursu umanu Minist\u00e9riu nian;<\/li>\n<li>Koordena no jere avaliasaun anu\u00e1l dezempe\u00f1u rekursu umanu Minist\u00e9riu nian;<\/li>\n<li>Elabora informasaun estat\u00edstika kona-ba rekursu umanu Minist\u00e9riu nian;<\/li>\n<li>Apoiu dezenvolvimentu estrat\u00e9jia atu inklui perspetiva j\u00e9neru iha Minist\u00e9riu;<\/li>\n<li>Koordena elaborasaun proposta mapa pesso\u00e1l Minist\u00e9riu nian, hamutuk ho \u00f3rgaun no servisu hotu iha Minist\u00e9riu nia laran.<\/li>\n<li>Realiza knaar ka tarefa seluk ne&#8217;eb\u00e9 atribu\u00eddu husi lei, regulamentu, ka determinasaun superior nian.<\/li>\n<\/ol>\n<p style=\"text-align: justify;\">DNARH dirije husi Diretor Nasion\u00e1l ida, ne&#8217;eb\u00e9 subordinadu ba Diretor-Jeral Servisu Korp\u00f3rativu, no nomeadu iha termu sira husi r\u00e9jimu jur\u00eddiku ba kargu diresaun no xefia iha Administra\u00e7\u00e3o P\u00fablika.<\/p>\n<blockquote>\n<pre><strong><em>*RESOURCE: DECRETO-LEI N.\u00ba 67\/2023 de 14 de Setembro Artigu 19.\u00ba Diresaun Nasion\u00e1l ba Administrasaun no Rekursu Umanu<\/em><\/strong><\/pre>\n<\/blockquote>\n<p>[\/vc_column_text][\/vc_column][\/vc_row]<\/p>\n<\/section>","protected":false},"excerpt":{"rendered":"<p>[vc_row][vc_column][vc_column_text] Diresaun Nasion\u00e1l ba Administrasaun no Rekursu Umanu, abreviadamente DNARH, mak servisu husi DGSC ne&#8217;eb\u00e9 respons\u00e1vel ba pr\u00e1tika atu realiza atividade material ne&#8217;eb\u00e9 presiza, atu exerse kompet\u00e9nsia sira relasiona ho administrasaun jeral no jestaun rekursu umanu. DNARH nia responsabilidade mak : Elabora, promove, disemina no assegura implementasaun pol\u00edtika, estrat\u00e9jia, no padraun prosedimentu relasionadu ho jestaun [&hellip;]<\/p>\n","protected":false},"author":1,"featured_media":0,"parent":0,"menu_order":0,"comment_status":"closed","ping_status":"closed","template":"","meta":{"_FSMCFIC_featured_image_caption":"","_FSMCFIC_featured_image_nocaption":"","_FSMCFIC_featured_image_hide":"","footnotes":""},"class_list":["post-3735","page","type-page","status-publish","hentry"],"_links":{"self":[{"href":"https:\/\/mdrhc.gov.tl\/en\/wp-json\/wp\/v2\/pages\/3735","targetHints":{"allow":["GET"]}}],"collection":[{"href":"https:\/\/mdrhc.gov.tl\/en\/wp-json\/wp\/v2\/pages"}],"about":[{"href":"https:\/\/mdrhc.gov.tl\/en\/wp-json\/wp\/v2\/types\/page"}],"author":[{"embeddable":true,"href":"https:\/\/mdrhc.gov.tl\/en\/wp-json\/wp\/v2\/users\/1"}],"replies":[{"embeddable":true,"href":"https:\/\/mdrhc.gov.tl\/en\/wp-json\/wp\/v2\/comments?post=3735"}],"version-history":[{"count":8,"href":"https:\/\/mdrhc.gov.tl\/en\/wp-json\/wp\/v2\/pages\/3735\/revisions"}],"predecessor-version":[{"id":5381,"href":"https:\/\/mdrhc.gov.tl\/en\/wp-json\/wp\/v2\/pages\/3735\/revisions\/5381"}],"wp:attachment":[{"href":"https:\/\/mdrhc.gov.tl\/en\/wp-json\/wp\/v2\/media?parent=3735"}],"curies":[{"name":"wp","href":"https:\/\/api.w.org\/{rel}","templated":true}]}}