{"id":3762,"date":"2024-03-14T02:44:58","date_gmt":"2024-03-14T02:44:58","guid":{"rendered":"https:\/\/mdrhc.gov.tl\/?page_id=3762"},"modified":"2025-06-10T05:13:11","modified_gmt":"2025-06-10T05:13:11","slug":"unidade-de-sistemas-de-gestao-de-dados-usgd","status":"publish","type":"page","link":"https:\/\/mdrhc.gov.tl\/en\/unidade-de-sistemas-de-gestao-de-dados-usgd\/","title":{"rendered":"Unidade Sistema Jestaun Dadus (USJD)"},"content":{"rendered":"<section class=\"wpb-content-wrapper\"><p>[vc_row][vc_column][vc_column_text]<\/p>\n<p style=\"text-align: justify;\">Unidade Sistema Jestaun Dadus, abreviadamente USGD, nud\u00e1r servisu husi Gabinete Transformasaun no Dijitalizasaun respons\u00e1vel atu implementa sistema Jestaun Dadus Minist\u00e9riu nian.<\/p>\n<p style=\"text-align: justify;\">Kompet\u00e9nsia USGD mak:<\/p>\n<ol style=\"text-align: justify;\">\n<li style=\"list-style-type: none;\">\n<ol>\n<li>Dezenvolve no implementa estrat\u00e9jia dadus ne&#8217;eb\u00e9 alinha ho metas no objetivu Minist\u00e9riu nian;<\/li>\n<li>Define norma dadus, klasifikasaun dadus no prosesu jestaun vida \u00fatil ka periudu dadus nian;<\/li>\n<li>Kompriede didiak no implementa sistema jestaun dadus Minist\u00e9riu nian, inklui modelu dadus, base dadus, armaz\u00e9ndadus no prosesu integrasaun dadus.<\/li>\n<li>Hametin kooperasaun ho ekipa TI atu asegura disponibilidade, eskalabilidade, no desempen husi stema no infrastrutura dadus;<\/li>\n<li>Implementa medida seguransa dadus, inklui kontrolu asesu, encryption ou seguru, no t\u00e9knika enkobrimentu dadus atu proteje dadus sens\u00edveis;<\/li>\n<li>Estabelese prosedimentu ba prevene, detekta no responde ba violasaun dadus;<\/li>\n<li>Supervisiona konsepsaun no aplikasaun prosesu integra dadus atu garante fluxu dadus kontinu iha sistema no fonts dadus ne&#8217;eb\u00e9 diferenti;<\/li>\n<li>Jere infrastrutura armazenamentu dadus organizasaun nian;<\/li>\n<li>Koopera ho ekipa auditoria interna atu halo avaliasaun tuir konformidade dadus no implementa medida korektiva atu rezolve problema konformidade ne\u2019eb\u00e9 akontese;<\/li>\n<li>Realiza tarefa seluk ne&#8217;eb\u00e9 atribui husi lei, regulamentu, ka desizaun superior nian.<\/li>\n<\/ol>\n<\/li>\n<\/ol>\n<p style=\"text-align: justify;\">Unidade Sistema Jestaun Dadus lidera husi Xefe Departamentu ida, ne&#8217;eb\u00e9 nomeadu tuir termus r\u00e9jime legal ba kargu diresaun no xefia iha Administra\u00e7\u00e3o P\u00fablika nian.<\/p>\n<p>&nbsp;<\/p>\n<pre><strong><em>*RESOURCE: Diploma Ministerial N.\u00ba 18 \/2024 de 28 de Fevereiro Artigu 33.\u00ba Unidade Sistemas Jestaun Dadus<\/em><\/strong><\/pre>\n<p>[\/vc_column_text][\/vc_column][\/vc_row]<\/p>\n<\/section>","protected":false},"excerpt":{"rendered":"<p>[vc_row][vc_column][vc_column_text] Unidade Sistema Jestaun Dadus, abreviadamente USGD, nud\u00e1r servisu husi Gabinete Transformasaun no Dijitalizasaun respons\u00e1vel atu implementa sistema Jestaun Dadus Minist\u00e9riu nian. Kompet\u00e9nsia USGD mak: Dezenvolve no implementa estrat\u00e9jia dadus ne&#8217;eb\u00e9 alinha ho metas no objetivu Minist\u00e9riu nian; Define norma dadus, klasifikasaun dadus no prosesu jestaun vida \u00fatil ka periudu dadus nian; Kompriede didiak no [&hellip;]<\/p>\n","protected":false},"author":1,"featured_media":0,"parent":0,"menu_order":0,"comment_status":"closed","ping_status":"closed","template":"","meta":{"_FSMCFIC_featured_image_caption":"","_FSMCFIC_featured_image_nocaption":"","_FSMCFIC_featured_image_hide":"","footnotes":""},"class_list":["post-3762","page","type-page","status-publish","hentry"],"_links":{"self":[{"href":"https:\/\/mdrhc.gov.tl\/en\/wp-json\/wp\/v2\/pages\/3762","targetHints":{"allow":["GET"]}}],"collection":[{"href":"https:\/\/mdrhc.gov.tl\/en\/wp-json\/wp\/v2\/pages"}],"about":[{"href":"https:\/\/mdrhc.gov.tl\/en\/wp-json\/wp\/v2\/types\/page"}],"author":[{"embeddable":true,"href":"https:\/\/mdrhc.gov.tl\/en\/wp-json\/wp\/v2\/users\/1"}],"replies":[{"embeddable":true,"href":"https:\/\/mdrhc.gov.tl\/en\/wp-json\/wp\/v2\/comments?post=3762"}],"version-history":[{"count":6,"href":"https:\/\/mdrhc.gov.tl\/en\/wp-json\/wp\/v2\/pages\/3762\/revisions"}],"predecessor-version":[{"id":5404,"href":"https:\/\/mdrhc.gov.tl\/en\/wp-json\/wp\/v2\/pages\/3762\/revisions\/5404"}],"wp:attachment":[{"href":"https:\/\/mdrhc.gov.tl\/en\/wp-json\/wp\/v2\/media?parent=3762"}],"curies":[{"name":"wp","href":"https:\/\/api.w.org\/{rel}","templated":true}]}}