{"id":4910,"date":"2025-05-29T04:54:35","date_gmt":"2025-05-29T04:54:35","guid":{"rendered":"https:\/\/mdrhc.gov.tl\/tl\/?page_id=4910"},"modified":"2025-06-10T04:13:24","modified_gmt":"2025-06-10T04:13:24","slug":"dirasaun-nasional-aprovisionamento","status":"publish","type":"page","link":"https:\/\/mdrhc.gov.tl\/en\/dirasaun-nasional-aprovisionamento\/","title":{"rendered":"Dirasaun Nasional Aprovisionamento"},"content":{"rendered":"<section class=\"wpb-content-wrapper\"><p>[vc_row][vc_column][vc_column_text]<\/p>\n<p style=\"text-align: justify;\">Diretoria Nasion\u00e1l ba Aprovisionamentu, abreviadamente DNA, mak servisu husi DGSC ne&#8217;eb\u00e9 asegura realizasaun atividade material ne&#8217;eb\u00e9 presiza atu hala&#8217;o prosesu aprovisionamentu no jestaun kontratu p\u00fabliku ne&#8217;eb\u00e9 Estadu sai partebaliu husi interm\u00e9diu MDRHC.<\/p>\n<p style=\"text-align: justify;\">DNA nia responsabilidade mak:<\/p>\n<ol style=\"text-align: justify;\">\n<li>Asegura realizasaun atividade ne&#8217;eb\u00e9 presiza atu hala&#8217;o prosesu administrativu aprovisionamentu MDRHC nian tuir lejislasaun no orientasaun superior nian;<\/li>\n<li>Dezenvolve planu aprovisionamentu Minist\u00e9riu nian no asegura katak planu ne&#8217;e mantein atualizadu durante tinan finanseiru nian, relata kona-ba an\u00e1lize tend\u00e9nsia, alterasaun ba planu no impaktu iha ezekusaun orsamentu nian;<\/li>\n<li>Elabora no f\u00f3 informasaun no indikad\u00f3r estat\u00edstiku kona-ba atividade aprovisionamentu no asegura rejistu kompletu no atualizadu ba prosesu aprovisionamentu hotu iha MDRHC;<\/li>\n<li>Prepara dokumentasaun relasionadu ho prosesu aprovisionamentu, tuir kalendaru ne&#8217;eb\u00e9 hatudu;<\/li>\n<li>Emite, wainhira neses\u00e1riu, pareser kona-ba prosedimentu aprovisionamentu atu hodi akompa\u00f1a akizisaun bens ka servisu ka wainhira halo obras ruma MDRHC nian;<\/li>\n<li>Dezenvolve, implementa, no disemina diretriza no prosedimentu operasion\u00e1l padronizadu ba prosesu aprovisionamentu no rekursu iha \u00e1rea aprovisionamentu; g. Koordena no harmoniza realizasaun aprovisionamentu tuir orientasaun superi\u00f3r husi Ministru sira ka entidade p\u00fabliku seluk ne&#8217;eb\u00e9 legalmente kompetente ba efeitu ne&#8217;e;<\/li>\n<li>Mantein atualizadu rejistu no arkivu ba kontratu p\u00fabliku hotu iha MDRHC no sira nia ezekusaun;<\/li>\n<li>Kria, jere, no mantein atualizadu baze dadus forneseidor MDRHC nian;<\/li>\n<li>Realiza tarefa seluk ne&#8217;eb\u00e9 atribu\u00eddu husi lei, regulamentu, ka determinasaun superior nian.<\/li>\n<\/ol>\n<p style=\"text-align: justify;\">DNA nia direta husi Diretor Nasion\u00e1l, ne&#8217;eb\u00e9 subordinadu hierarquicamente ba diretor-geral servisu korp\u00f3rativu, nomeadu iha termu sira husi r\u00e9gimu jur\u00eddiku ba kargu direta no lideransa iha Administra\u00e7\u00e3o P\u00fablika.<\/p>\n<p>&nbsp;<\/p>\n<pre><strong><em>*RESOURCE: DECRETO-LEI N.\u00ba 67\/2023 de 14 de Setembro Artigu 20.\u00ba Diresaun Nasion\u00e1l ba Aprovisionamentu<\/em><\/strong><\/pre>\n<p>[\/vc_column_text][\/vc_column][\/vc_row]<\/p>\n<\/section>","protected":false},"excerpt":{"rendered":"<p>[vc_row][vc_column][vc_column_text] Diretoria Nasion\u00e1l ba Aprovisionamentu, abreviadamente DNA, mak servisu husi DGSC ne&#8217;eb\u00e9 asegura realizasaun atividade material ne&#8217;eb\u00e9 presiza atu hala&#8217;o prosesu aprovisionamentu no jestaun kontratu p\u00fabliku ne&#8217;eb\u00e9 Estadu sai partebaliu husi interm\u00e9diu MDRHC. DNA nia responsabilidade mak: Asegura realizasaun atividade ne&#8217;eb\u00e9 presiza atu hala&#8217;o prosesu administrativu aprovisionamentu MDRHC nian tuir lejislasaun no orientasaun superior nian; [&hellip;]<\/p>\n","protected":false},"author":1,"featured_media":0,"parent":0,"menu_order":0,"comment_status":"closed","ping_status":"closed","template":"","meta":{"_FSMCFIC_featured_image_caption":"","_FSMCFIC_featured_image_nocaption":"","_FSMCFIC_featured_image_hide":"","footnotes":""},"class_list":["post-4910","page","type-page","status-publish","hentry"],"_links":{"self":[{"href":"https:\/\/mdrhc.gov.tl\/en\/wp-json\/wp\/v2\/pages\/4910","targetHints":{"allow":["GET"]}}],"collection":[{"href":"https:\/\/mdrhc.gov.tl\/en\/wp-json\/wp\/v2\/pages"}],"about":[{"href":"https:\/\/mdrhc.gov.tl\/en\/wp-json\/wp\/v2\/types\/page"}],"author":[{"embeddable":true,"href":"https:\/\/mdrhc.gov.tl\/en\/wp-json\/wp\/v2\/users\/1"}],"replies":[{"embeddable":true,"href":"https:\/\/mdrhc.gov.tl\/en\/wp-json\/wp\/v2\/comments?post=4910"}],"version-history":[{"count":3,"href":"https:\/\/mdrhc.gov.tl\/en\/wp-json\/wp\/v2\/pages\/4910\/revisions"}],"predecessor-version":[{"id":5385,"href":"https:\/\/mdrhc.gov.tl\/en\/wp-json\/wp\/v2\/pages\/4910\/revisions\/5385"}],"wp:attachment":[{"href":"https:\/\/mdrhc.gov.tl\/en\/wp-json\/wp\/v2\/media?parent=4910"}],"curies":[{"name":"wp","href":"https:\/\/api.w.org\/{rel}","templated":true}]}}