{"id":4913,"date":"2025-05-29T04:54:35","date_gmt":"2025-05-29T04:54:35","guid":{"rendered":"https:\/\/mdrhc.gov.tl\/tl\/?page_id=4913"},"modified":"2025-06-10T04:15:47","modified_gmt":"2025-06-10T04:15:47","slug":"unidade-de-koperasaun-e-parseira","status":"publish","type":"page","link":"https:\/\/mdrhc.gov.tl\/en\/unidade-de-koperasaun-e-parseira\/","title":{"rendered":"Unidade de Koperasaun e Parseira"},"content":{"rendered":"<section class=\"wpb-content-wrapper\"><p>[vc_row][vc_column][vc_column_text]<\/p>\n<p style=\"text-align: justify;\">Unidade Parserias no Kooperasaun, ho sigla UPK, mak servisu husi DGSC ne&#8217;eb\u00e9 respons\u00e1vel ba tarefa relasiona ho estabelesimentu relasaun institusion\u00e1l ho parseiru nasion\u00e1l no estranjeiru.<\/p>\n<p style=\"text-align: justify;\">UPK nia responsabilidade:<\/p>\n<ol style=\"text-align: justify;\">\n<li>Dezenvolve, propoin no implementa medidas sira ne&#8217;eb\u00e9 konkretiza pol\u00edtika p\u00fablika ba \u00e1rea kooperasaun no parseiru ba dezenvolvimentu rural integradu inklui moris komunidade nian;<\/li>\n<li>Promove atividade sira ne&#8217;eb\u00e9 presiza hodi garante sira nia alinhamentu ho planu asaun anu\u00e1l no ho prioridade pol\u00edtika ne&#8217;eb\u00e9 defini ona ba Minist\u00e9riu;<\/li>\n<li>Elabora pareser ka opiniaun kona-ba adekuasaun proposta parseiru nian ho planu estrat\u00e9jiku dezenvolvimentu no prioridade pol\u00edtika sira ne&#8217;eb\u00e9 defini husi Governu.<\/li>\n<li>Identifika parseiru no propoin \u00e1rea kooperasaun no parseiru ne&#8217;eb\u00e9 interesadu ba MDRHC;<\/li>\n<li>Dezenvolve no asegura relasaun kooperasaun no parseiru ho parseiru dezenvolvimentu, nasion\u00e1l ka internasion\u00e1l, ho koordenasaun hamutuk ho departamentu governu sira seluk;<\/li>\n<li>Asegura rekolla no tratamentu dadus husi instituisaun sira solidariedade sosial no benefici\u00e1riu programa sosial sira ne&#8217;eb\u00e9 implementa iha komunidade, inklui rekolla dadus estat\u00edstiku relasiona ho set\u00f3r solidariedade sosial, ho koordenasaun hamutuk ho departamentu governu ne&#8217;eb\u00e9 kompetente iha \u00e1rea asuntu sosial solidariedade<\/li>\n<li>Jere no mantein dadus atualizadu kona-ba asaun no projetu dezenvolvimentu rural integradu ho servisu no minist\u00e9riu relevante sira seluk, ba interkruzamentu ka interoperalidade, sistematizasaun no kontrolu dadus relevante sira.<\/li>\n<li>Realiza tarefa seluk ne&#8217;eb\u00e9 atribu\u00eddu husi lei, regulamentu, ka determinasaun superior nian.<\/li>\n<\/ol>\n<p style=\"text-align: justify;\">Unidade Parserias no Kooperasaun dirije husi xefi ida, ne&#8217;eb\u00e9 equiparadu ba efeitus legais ho diretor nasion\u00e1l, nomeadu tuir termus rejime jur\u00eddiku kargu diresaun no xefia husi Administra\u00e7\u00e3o P\u00fablika, ne&#8217;eb\u00e9 depende iha hier\u00e1rkia no funsion\u00e1lmente ba Ministru.<\/p>\n<p>&nbsp;<\/p>\n<pre><strong><em>*RESOURCE: DECRETO-LEI N.\u00ba 67\/2023 de 14 de Setembro Artigu 22.o Unidade Parseria no Kooperasaun<\/em><\/strong><\/pre>\n<p>[\/vc_column_text][\/vc_column][\/vc_row]<\/p>\n<\/section>","protected":false},"excerpt":{"rendered":"<p>[vc_row][vc_column][vc_column_text] Unidade Parserias no Kooperasaun, ho sigla UPK, mak servisu husi DGSC ne&#8217;eb\u00e9 respons\u00e1vel ba tarefa relasiona ho estabelesimentu relasaun institusion\u00e1l ho parseiru nasion\u00e1l no estranjeiru. UPK nia responsabilidade: Dezenvolve, propoin no implementa medidas sira ne&#8217;eb\u00e9 konkretiza pol\u00edtika p\u00fablika ba \u00e1rea kooperasaun no parseiru ba dezenvolvimentu rural integradu inklui moris komunidade nian; Promove atividade sira [&hellip;]<\/p>\n","protected":false},"author":1,"featured_media":0,"parent":0,"menu_order":0,"comment_status":"closed","ping_status":"closed","template":"","meta":{"_FSMCFIC_featured_image_caption":"","_FSMCFIC_featured_image_nocaption":"","_FSMCFIC_featured_image_hide":"","footnotes":""},"class_list":["post-4913","page","type-page","status-publish","hentry"],"_links":{"self":[{"href":"https:\/\/mdrhc.gov.tl\/en\/wp-json\/wp\/v2\/pages\/4913","targetHints":{"allow":["GET"]}}],"collection":[{"href":"https:\/\/mdrhc.gov.tl\/en\/wp-json\/wp\/v2\/pages"}],"about":[{"href":"https:\/\/mdrhc.gov.tl\/en\/wp-json\/wp\/v2\/types\/page"}],"author":[{"embeddable":true,"href":"https:\/\/mdrhc.gov.tl\/en\/wp-json\/wp\/v2\/users\/1"}],"replies":[{"embeddable":true,"href":"https:\/\/mdrhc.gov.tl\/en\/wp-json\/wp\/v2\/comments?post=4913"}],"version-history":[{"count":3,"href":"https:\/\/mdrhc.gov.tl\/en\/wp-json\/wp\/v2\/pages\/4913\/revisions"}],"predecessor-version":[{"id":5386,"href":"https:\/\/mdrhc.gov.tl\/en\/wp-json\/wp\/v2\/pages\/4913\/revisions\/5386"}],"wp:attachment":[{"href":"https:\/\/mdrhc.gov.tl\/en\/wp-json\/wp\/v2\/media?parent=4913"}],"curies":[{"name":"wp","href":"https:\/\/api.w.org\/{rel}","templated":true}]}}