{"id":4923,"date":"2025-05-29T04:55:56","date_gmt":"2025-05-29T04:55:56","guid":{"rendered":"https:\/\/mdrhc.gov.tl\/tl\/?page_id=4923"},"modified":"2025-06-10T07:02:37","modified_gmt":"2025-06-10T07:02:37","slug":"departamento-da-administrasaun-komunikasaun-no-protokolu","status":"publish","type":"page","link":"https:\/\/mdrhc.gov.tl\/en\/departamento-da-administrasaun-komunikasaun-no-protokolu\/","title":{"rendered":"Departamento da Administrasaun, Komunikasaun no Protokolu"},"content":{"rendered":"<section class=\"wpb-content-wrapper\"><p>[vc_row][vc_column][vc_column_text]<\/p>\n<p style=\"text-align: justify;\">Departamentu Administrasaun, Komunikasaun, no Protokolu, serbisu husi DNARH respons\u00e1vel ba administrasaun, komunikasaun, no protokolu husi servisu sira MDRHC nian.<\/p>\n<p style=\"text-align: justify;\">Kompete ba Departamentu Administrasaun, Komunikasaun, no Protokolu atu:<\/p>\n<ol>\n<li style=\"text-align: justify;\">Fornese servisu administrativu ba unidade servisu hotu iha MDRHC, tuir konformidade no padraun sira ne&#8217;eb\u00e9 aprova husi DACP;<\/li>\n<li style=\"text-align: justify;\">Fornese apoiu t\u00e9kniku-administrativu, iha sira nia aspetu hotu, tuir konformidade ho orientasaun superiores, ba orgaun no servisu MDRHC;<\/li>\n<li style=\"text-align: justify;\">Estabelese servisu arkuivu sentr\u00e1l MDRHC nian;<\/li>\n<li style=\"text-align: justify;\">Jer\u00e9 dokumentu no arkivu hotu husi MDRHC, kria baze dadus ho informasaun hotu ne&#8217;eb\u00e9 presiza ba rejistu;<\/li>\n<li style=\"text-align: justify;\">Asegura no trata prosedimentu form\u00e1l hotu relasiona ho korespond\u00e9nsia ofisial no organiza sira nia arkuivu ho forma adekuada;<\/li>\n<li style=\"text-align: justify;\">Elabora proposta ba kuadru pessoal ba Departamentu nian, garante identifikasaun funsaun espes\u00edfiku sira ba funsion\u00e1riu sira ne&#8217;eb\u00e9 iha Departamentu nia laran, hodi kumpri no respeitu ba planu orsamentu internu;<\/li>\n<li style=\"text-align: justify;\">Elabora dokumentu sira ne&#8217;eb\u00e9 presiza, iha \u00e1mbitu administrasaun p\u00fablika nian, atu garante funsionamentu regular no efetivu husi Departamentu;<\/li>\n<li style=\"text-align: justify;\">Ezerse tarefa sira seluk ne&#8217;eb\u00e9 atribui husi lei, regulamentu, ka determinasaun superior nian.<\/li>\n<\/ol>\n<p>&nbsp;<\/p>\n<pre><strong><em>*RESOURCE: Diploma Ministerial N.\u00ba 18 \/2024 de 28 de Fevereiro Artigu 21.\u00ba Departamentu Administrasaun, Komunikasaun, no Protokolu<\/em><\/strong><\/pre>\n<p>[\/vc_column_text][\/vc_column][\/vc_row]<\/p>\n<\/section>","protected":false},"excerpt":{"rendered":"<p>[vc_row][vc_column][vc_column_text] Departamentu Administrasaun, Komunikasaun, no Protokolu, serbisu husi DNARH respons\u00e1vel ba administrasaun, komunikasaun, no protokolu husi servisu sira MDRHC nian. Kompete ba Departamentu Administrasaun, Komunikasaun, no Protokolu atu: Fornese servisu administrativu ba unidade servisu hotu iha MDRHC, tuir konformidade no padraun sira ne&#8217;eb\u00e9 aprova husi DACP; Fornese apoiu t\u00e9kniku-administrativu, iha sira nia aspetu hotu, tuir [&hellip;]<\/p>\n","protected":false},"author":1,"featured_media":0,"parent":0,"menu_order":0,"comment_status":"closed","ping_status":"closed","template":"","meta":{"_FSMCFIC_featured_image_caption":"","_FSMCFIC_featured_image_nocaption":"","_FSMCFIC_featured_image_hide":"","footnotes":""},"class_list":["post-4923","page","type-page","status-publish","hentry"],"_links":{"self":[{"href":"https:\/\/mdrhc.gov.tl\/en\/wp-json\/wp\/v2\/pages\/4923","targetHints":{"allow":["GET"]}}],"collection":[{"href":"https:\/\/mdrhc.gov.tl\/en\/wp-json\/wp\/v2\/pages"}],"about":[{"href":"https:\/\/mdrhc.gov.tl\/en\/wp-json\/wp\/v2\/types\/page"}],"author":[{"embeddable":true,"href":"https:\/\/mdrhc.gov.tl\/en\/wp-json\/wp\/v2\/users\/1"}],"replies":[{"embeddable":true,"href":"https:\/\/mdrhc.gov.tl\/en\/wp-json\/wp\/v2\/comments?post=4923"}],"version-history":[{"count":4,"href":"https:\/\/mdrhc.gov.tl\/en\/wp-json\/wp\/v2\/pages\/4923\/revisions"}],"predecessor-version":[{"id":5427,"href":"https:\/\/mdrhc.gov.tl\/en\/wp-json\/wp\/v2\/pages\/4923\/revisions\/5427"}],"wp:attachment":[{"href":"https:\/\/mdrhc.gov.tl\/en\/wp-json\/wp\/v2\/media?parent=4923"}],"curies":[{"name":"wp","href":"https:\/\/api.w.org\/{rel}","templated":true}]}}