{"id":4949,"date":"2025-05-29T05:07:30","date_gmt":"2025-05-29T05:07:30","guid":{"rendered":"https:\/\/mdrhc.gov.tl\/tl\/?page_id=4949"},"modified":"2025-06-06T04:13:34","modified_gmt":"2025-06-06T04:13:34","slug":"departamento-de-logistika","status":"publish","type":"page","link":"https:\/\/mdrhc.gov.tl\/en\/departamento-de-logistika\/","title":{"rendered":"Departamento de Logistika"},"content":{"rendered":"<section class=\"wpb-content-wrapper\"><p>[vc_row][vc_column][vc_column_text]<\/p>\n<p style=\"text-align: justify;\">Departamentu Loj\u00edstika mak servisu husi DNFPL ne&#8217;eb\u00e9 respons\u00e1vel ba invent\u00e1riu, manutensaun no konservasaun ba bens m\u00f3veis no im\u00f3veis ne&#8217;eb\u00e9 afeta ba diresaun nasionais sira husi MDRHC, no m\u00f3s fornese bens kons\u00famivel sira ne&#8217;eb\u00e9 presiza ba funsionamentu servisu sira iha MDRHC DNFPL.<\/p>\n<p style=\"text-align: justify;\">Kabe ba Departamentu Loj\u00edstika atu:<\/p>\n<ol style=\"text-align: justify;\">\n<li>Organiza, koordena, kontrola no jere operasaun loj\u00edstika tuir konformidade ho regras no normas komplement\u00e1r ne&#8217;eb\u00e9 vigora;<\/li>\n<li>Garante apoiu loj\u00edstiku ba \u00f3rgaun sira no servisu sira iha MDRHC;<\/li>\n<li>Jere no monitoriza frotu veikulu sira iha MDRHC, define padraun sira ba uzu, gastu ba kambust\u00edbel, uzu ba sistema GPS no padraun sira ba servisu manutensaun;<\/li>\n<li>Jere ho efik\u00e1s stok, armazenamentu seguru no invent\u00e1riu peri\u00f3diku ba bens kons\u00famivel sira no ekipamentu sira iha MDRHC;<\/li>\n<li>Garante jestaun no protesaun ba bens m\u00f3veis no im\u00f3veis Estadu nian ne&#8217;eb\u00e9 afeta ba MDRHC liuhusi reparasaun no defini programa ba manutensaun peri\u00f3dika no tuir kontratu p\u00fabliku ezistente ba nia efeitu;<\/li>\n<li>Garante invent\u00e1riu, manutensaun no konservasaun ba patrim\u00f3niu Estadu iha MDRHC no koordena atividade sira ne&#8217;eb\u00e9 relasionadu ho ida ne&#8217;e ho servisu seluk sira, atu hatene nesesidade sira nian no halo prosedimentu ba akizisaun no distribuisaun ba materiais no ekipamentu sira iha unidade no sub-unidade org\u00e1nika ka funsional sira;<\/li>\n<li>Koordena no garante invent\u00e1riu, jestaun no kontrolu patrim\u00f3niu sai no tama iha armaz\u00e9n sira iha unidade org\u00e1nika iha MDRHC liuhusi implementasaun ba sistema kontrolu no inspeksaun.<\/li>\n<li>Jere armaz\u00e9n ba bens, ekipamentu sira no materiais husi MDRHC nian;<\/li>\n<li>Propoin akizisaun ba bens no ekipamentu sira ne&#8217;eb\u00e9 presiza ba funsionamentu di&#8217;ak husi atividade sira Minist\u00e9riu nian;<\/li>\n<li>Garante manutensaun no konservasaun ba veikulu, ekipamentu sira no bens patrimoniais seluk Estadu nian ne&#8217;eb\u00e9 MDRHC jere;<\/li>\n<li>Supervisiona manutensaun no limpeza ba edif\u00edsiu prinsip\u00e1l MDRHC nian;<\/li>\n<li>Garante instalasaun, funsionamentu no integrasaun ba estrutura teknol\u00f3jika hotu-hotu Minist\u00e9riu nian;<\/li>\n<li>Fornese apoiu loj\u00edstiku ba diretores nasionais iha implementasaun programa no atividade sira;<\/li>\n<li>Dezenvolve proposta ba kuadru peso\u00e1l Departamentu nian, garante identifikasaun ba funsaun espes\u00edfiku husi funsion\u00e1riu sira iha Departamentu nia laran, hodi kumpri no respeitu ba planu orsament\u00e1l internu;<\/li>\n<li>Dezenvolve dokumentus ne&#8217;eb\u00e9 presiza, iha enkuadramentu ba jestaun administrasaun p\u00fablika, atu garante funsionamentu regular no efetivu ba Departamentu;<\/li>\n<li>Efetua tarefa sira seluk ne&#8217;eb\u00e9 atribu\u00eddu liu husi lei, regulamentu ka desizaun superior nian.<\/li>\n<\/ol>\n<p style=\"text-align: justify;\">Departamentu Loj\u00edstika lidera husi Xefe Departamentu ida ne&#8217;eb\u00e9 nomeadu bazeia ba rejime jur\u00eddiku ba kargu diresaun no xefia iha Administrasaun P\u00fablika.<\/p>\n<p>[\/vc_column_text][\/vc_column][\/vc_row]<\/p>\n<\/section>","protected":false},"excerpt":{"rendered":"<p>[vc_row][vc_column][vc_column_text] Departamentu Loj\u00edstika mak servisu husi DNFPL ne&#8217;eb\u00e9 respons\u00e1vel ba invent\u00e1riu, manutensaun no konservasaun ba bens m\u00f3veis no im\u00f3veis ne&#8217;eb\u00e9 afeta ba diresaun nasionais sira husi MDRHC, no m\u00f3s fornese bens kons\u00famivel sira ne&#8217;eb\u00e9 presiza ba funsionamentu servisu sira iha MDRHC DNFPL. Kabe ba Departamentu Loj\u00edstika atu: Organiza, koordena, kontrola no jere operasaun loj\u00edstika tuir [&hellip;]<\/p>\n","protected":false},"author":1,"featured_media":0,"parent":0,"menu_order":0,"comment_status":"closed","ping_status":"closed","template":"","meta":{"_FSMCFIC_featured_image_caption":"","_FSMCFIC_featured_image_nocaption":"","_FSMCFIC_featured_image_hide":"","footnotes":""},"class_list":["post-4949","page","type-page","status-publish","hentry"],"_links":{"self":[{"href":"https:\/\/mdrhc.gov.tl\/en\/wp-json\/wp\/v2\/pages\/4949","targetHints":{"allow":["GET"]}}],"collection":[{"href":"https:\/\/mdrhc.gov.tl\/en\/wp-json\/wp\/v2\/pages"}],"about":[{"href":"https:\/\/mdrhc.gov.tl\/en\/wp-json\/wp\/v2\/types\/page"}],"author":[{"embeddable":true,"href":"https:\/\/mdrhc.gov.tl\/en\/wp-json\/wp\/v2\/users\/1"}],"replies":[{"embeddable":true,"href":"https:\/\/mdrhc.gov.tl\/en\/wp-json\/wp\/v2\/comments?post=4949"}],"version-history":[{"count":2,"href":"https:\/\/mdrhc.gov.tl\/en\/wp-json\/wp\/v2\/pages\/4949\/revisions"}],"predecessor-version":[{"id":5335,"href":"https:\/\/mdrhc.gov.tl\/en\/wp-json\/wp\/v2\/pages\/4949\/revisions\/5335"}],"wp:attachment":[{"href":"https:\/\/mdrhc.gov.tl\/en\/wp-json\/wp\/v2\/media?parent=4949"}],"curies":[{"name":"wp","href":"https:\/\/api.w.org\/{rel}","templated":true}]}}