{"id":4991,"date":"2025-05-29T05:35:22","date_gmt":"2025-05-29T05:35:22","guid":{"rendered":"https:\/\/mdrhc.gov.tl\/tl\/?page_id=4991"},"modified":"2025-06-10T05:55:15","modified_gmt":"2025-06-10T05:55:15","slug":"departamento-de-konstrusaun-de-infraestrutura-rurais","status":"publish","type":"page","link":"https:\/\/mdrhc.gov.tl\/en\/departamento-de-konstrusaun-de-infraestrutura-rurais\/","title":{"rendered":"Departamento de Konstrusaun de Infraestrutura Rurais"},"content":{"rendered":"<section class=\"wpb-content-wrapper\"><p>[vc_row][vc_column][vc_column_text]Departamentu Konstrusaun Infraestruturas Rurais mak servisu DNIR ne&#8217;eb\u00e9 respons\u00e1vel ba implementasaun estrat\u00e9jia sira relasiona ho konstrusaun infraestruturas rurais.<\/p>\n<p>Kabe ba Departamentu Konstrusaun Infraestruturas Rurais atu:<\/p>\n<ol>\n<li>Elabora no implementa planu estrat\u00e9jiku atu garantia funsionamentu di&#8217;ak ba Departamentu nian, nune\u2019e tenke estabelese objetivu klaru, metas ho prazu ne\u2019eb\u00e9 definidu no tenke aprova husi Diretor DNPDRI;<\/li>\n<li>Dezenvolve no implementa planu ho proposta orsamentu internu atu aprezenta no aprova husi Diretor DNPDRI;<\/li>\n<li>Asegura realisasaun atividade sira ne&#8217;eb\u00e9 presiza atu implementa pol\u00edtika no estrat\u00e9jia dezenvolvimentu infraestruturas rurais, ho koordenasaun hamutuk ho entidade sira seluk ne\u2019eb\u00e9 kompetente;<\/li>\n<li>Mantein koordenasaun efikas ho entidade sira seluk ne\u2019eb\u00e9 kompetente relasiona ho infraestruturas rurais, elabora relat\u00f3rius ou akta reuniaun hosi enkontrus hotu ne\u2019eb\u00e9 mak realiza ona.<\/li>\n<li>Implementa atividade sira ne&#8217;eb\u00e9 presiza atu ezekuta tuir planu annual no pluriannual ne&#8217;eb\u00e9 hetan finansiamentu ba dezenvolvimentu hodi hadi&#8217;ak infraestrutura rural, ho koordenasaun hamutuk ho komunidade lok\u00e1l sira no ho entidade sira seluk ne\u2019eb\u00e9 kompetentes;<\/li>\n<li>Analiza no estuda proposta projetu sira ne&#8217;eb\u00e9 aprezenta husi aldeia sira atu hetan f inansiamentu ba Programa Dezenvolvimentu Rural no emite pareser kona-ba sira nia viabilidade no komplementaridade ho programa governu sira seluk;<\/li>\n<li>Determina krit\u00e9riu sira ba an\u00e1lize proposta projetu sira, atu separa proposta sira ne&#8217;eb\u00e9 hetan selesaun ho sira ne&#8217;eb\u00e9 la hetan selesaun;<\/li>\n<li>Kria no mant\u00e9n atualizasaun base dadus ho proposta projetu sira hotu ne&#8217;eb\u00e9 simu;<\/li>\n<li>Propoin, ho koordenasaun hamutuk ho servisu sentr\u00e1l sira seluk, servisu munis\u00edpiu, organizasaun komunit\u00e1ria lok\u00e1l sira no parseiru dezenvolvimentu, asaun priorita\u00e1riu sira ne&#8217;eb\u00e9 hakarak atu halo ba dezenvolvimentu rural;<\/li>\n<li>Elabora proposta ba estrutura pessoal Departamentu nian, asegura identifikasaun funsaun espes\u00edfiku funsion\u00e1riu sira ne\u2019eb\u00e9 iha Departamentu nia laran, hodi kumpri no respeitu mos ba planu orsamentu internu nian;<\/li>\n<li>Elabora dokumentu sira ne&#8217;eb\u00e9 presiza, iha \u00e1mbitu administrasaun p\u00fablika, atu asegura funsionamentu regular no efetivu ba Departamentu;<\/li>\n<li>Hala&#8217;o tarefa seluk ne&#8217;eb\u00e9 atribu\u00eddu husi lei, regulamentu ka desizaun superior nian.<\/li>\n<\/ol>\n<p>Departamentu Konstrusaun Infraestruturas Rurais lidera husi Xefe Departamentu ida, nomeadu tuir termu rejime jur\u00eddiku kargu diresaun no xefia Administrasaun P\u00fablika. Artigu 8.o Departamentu Planeamentu Infraestruturas Rurais<\/p>\n<p>&nbsp;<\/p>\n<pre><strong><em>*RESOURCE:\u00a0 Diploma Ministerial N.\u00ba 18 \/2024 de 28 de Fevereiro Artigu 7.o Departamentu Konstrusaun Infraestruturas Rurais<\/em><\/strong><\/pre>\n<p>[\/vc_column_text][\/vc_column][\/vc_row]<\/p>\n<\/section>","protected":false},"excerpt":{"rendered":"<p>[vc_row][vc_column][vc_column_text]Departamentu Konstrusaun Infraestruturas Rurais mak servisu DNIR ne&#8217;eb\u00e9 respons\u00e1vel ba implementasaun estrat\u00e9jia sira relasiona ho konstrusaun infraestruturas rurais. Kabe ba Departamentu Konstrusaun Infraestruturas Rurais atu: Elabora no implementa planu estrat\u00e9jiku atu garantia funsionamentu di&#8217;ak ba Departamentu nian, nune\u2019e tenke estabelese objetivu klaru, metas ho prazu ne\u2019eb\u00e9 definidu no tenke aprova husi Diretor DNPDRI; Dezenvolve no [&hellip;]<\/p>\n","protected":false},"author":1,"featured_media":0,"parent":0,"menu_order":0,"comment_status":"closed","ping_status":"closed","template":"","meta":{"_FSMCFIC_featured_image_caption":"","_FSMCFIC_featured_image_nocaption":"","_FSMCFIC_featured_image_hide":"","footnotes":""},"class_list":["post-4991","page","type-page","status-publish","hentry"],"_links":{"self":[{"href":"https:\/\/mdrhc.gov.tl\/en\/wp-json\/wp\/v2\/pages\/4991","targetHints":{"allow":["GET"]}}],"collection":[{"href":"https:\/\/mdrhc.gov.tl\/en\/wp-json\/wp\/v2\/pages"}],"about":[{"href":"https:\/\/mdrhc.gov.tl\/en\/wp-json\/wp\/v2\/types\/page"}],"author":[{"embeddable":true,"href":"https:\/\/mdrhc.gov.tl\/en\/wp-json\/wp\/v2\/users\/1"}],"replies":[{"embeddable":true,"href":"https:\/\/mdrhc.gov.tl\/en\/wp-json\/wp\/v2\/comments?post=4991"}],"version-history":[{"count":3,"href":"https:\/\/mdrhc.gov.tl\/en\/wp-json\/wp\/v2\/pages\/4991\/revisions"}],"predecessor-version":[{"id":5417,"href":"https:\/\/mdrhc.gov.tl\/en\/wp-json\/wp\/v2\/pages\/4991\/revisions\/5417"}],"wp:attachment":[{"href":"https:\/\/mdrhc.gov.tl\/en\/wp-json\/wp\/v2\/media?parent=4991"}],"curies":[{"name":"wp","href":"https:\/\/api.w.org\/{rel}","templated":true}]}}