{"id":5011,"date":"2025-05-29T05:52:49","date_gmt":"2025-05-29T05:52:49","guid":{"rendered":"https:\/\/mdrhc.gov.tl\/tl\/?page_id=5011"},"modified":"2025-06-10T05:45:57","modified_gmt":"2025-06-10T05:45:57","slug":"departamento-de-formasaun-e-kapasitasaun","status":"publish","type":"page","link":"https:\/\/mdrhc.gov.tl\/en\/departamento-de-formasaun-e-kapasitasaun\/","title":{"rendered":"Departamento de Formasaun e Kapasitasaun"},"content":{"rendered":"<section class=\"wpb-content-wrapper\"><p>[vc_row][vc_column][vc_column_text]<\/p>\n<p style=\"text-align: justify;\">Departamentu Formasaun no Kapasitasaun nudar servisu husi DNIPC ne&#8217;eb\u00e9 respons\u00e1vel ba formasaun no kapasitasaun komunidade sira kona-ba dezenvolvimentu esp\u00edritu empreendedorismu iha meiu ka \u00e1rea rural nian.<\/p>\n<p style=\"text-align: justify;\">Kompetensia ba Departamentu Formasaun no Kapasitasaun atu:<\/p>\n<ol style=\"text-align: justify;\">\n<li>Elabora no implementa planu estrat\u00e9jiku ba funsionamentu di&#8217;ak Departamentu nian, nune\u2019e tenke estabelese objetivu klaru, metas ho prazu definidu no tenke aprova husi Diret\u00f3r DNIPF;<\/li>\n<li>Dezenvolve no implementa planu ho proposta orsamentu internu atu aprezenta no aprova husi Diret\u00f3r DNIPF;<\/li>\n<li>Assegura realisasaun atividade sira ne&#8217;eb\u00e9 presiza hodi ezekuta planu atividade anu\u00e1l sira direta ba formasaun no kapasitasaun ba dezenvolvimentu rural integradu nian;<\/li>\n<li>Propoin pol\u00edtika no estrat\u00e9jia ne&#8217;eb\u00e9 estimula partisipasaun komunit\u00e1ria, hodi aumenta sira nia kapasitasaun ba empreendedorismu;<\/li>\n<li>Promove, dinamiza atividade marketing, komunikasaun kona-ba dezenvolvimentu rural integradu sustent\u00e1vel, hodi kapasita no forma ema sira;<\/li>\n<li>Propoin m\u00e9todu no t\u00e9knika avansadu ba inovasaun no esplorasaun kreatividade individu\u00e1l no grup\u00e1l ho objetivu forma no kapasita komunidade sira;<\/li>\n<li>Enkuadra dezenvolvimentu sosi\u00e1l, umanu no teknol\u00f3jiku atual, inklui oportunidade sira ne&#8217;eb\u00e9 oferese husi teknolojia informasaun no rede, hodi kapasita komunidade sira no maximiza oportunidade sira ba empreendedorismu nian;<\/li>\n<li>Promove no koordena ho v\u00e1rios departamentu governament\u00e1l ba oportunidade sira relasionadu ho dezenvolvimentu rural;<\/li>\n<li>Dezenvolve asaun formasaun no kapasitasaun iha nivel preparasaun no realiza enkontru servisu ho komunidade lokal, hamutuk ho departamentu governament\u00e1l respons\u00e1vel ba apoiu ba organizasaun komunit\u00e1ria lokal;<\/li>\n<li>Kria mekanizmu komunikasaun ho servisu sentr\u00e1l, munis\u00edpiu, organisasaun komunit\u00e1ria lokal no parseiru dezenvolvimentu, hodi fasilita implementasaun medida sira ne&#8217;eb\u00e9 ho objetivu atu forma no kapasita komunidade sira.<\/li>\n<li>Elabora proposta ba kuadru pessoal Departamentu nian, asegura identifikasaun ba funsaun espes\u00edfiku husi funsion\u00e1riu sira ne&#8217;eb\u00e9 iha Departamentu nia laran, hodi kumpri no respeitu ba planu orsamentu internu.<\/li>\n<li>Elabora dokumentu sira ne&#8217;eb\u00e9 presiza iha \u00e1mbitu administrasaun p\u00fablika, hodi asegura funsionamentu regular no efetivu ba Departamentu refere;<\/li>\n<li>Ezers\u00e9 tarefa seluk sira ne&#8217;eb\u00e9 atribui liu husi lei, regulamentu, ka determinasaun superior nian.<\/li>\n<\/ol>\n<p style=\"text-align: justify;\">Departamentu Formasaun no Kapasitasaun lidera husi Xefe Departamentu ida, nomeadu tuir termu rejime jur\u00eddiku ba kargu diresaun no xefia iha Administrasaun P\u00fablika nian.<\/p>\n<p>&nbsp;<\/p>\n<pre><strong><em>*RESOURCE: Diploma Ministerial N.\u00ba 18 \/2024 de 28 de Fevereiro Artigu 10.\u00ba Departamentu Formasaun no Kapasitasaun<\/em><\/strong><\/pre>\n<p>[\/vc_column_text][\/vc_column][\/vc_row]<\/p>\n<\/section>","protected":false},"excerpt":{"rendered":"<p>[vc_row][vc_column][vc_column_text] Departamentu Formasaun no Kapasitasaun nudar servisu husi DNIPC ne&#8217;eb\u00e9 respons\u00e1vel ba formasaun no kapasitasaun komunidade sira kona-ba dezenvolvimentu esp\u00edritu empreendedorismu iha meiu ka \u00e1rea rural nian. Kompetensia ba Departamentu Formasaun no Kapasitasaun atu: Elabora no implementa planu estrat\u00e9jiku ba funsionamentu di&#8217;ak Departamentu nian, nune\u2019e tenke estabelese objetivu klaru, metas ho prazu definidu no tenke [&hellip;]<\/p>\n","protected":false},"author":1,"featured_media":0,"parent":0,"menu_order":0,"comment_status":"closed","ping_status":"closed","template":"","meta":{"_FSMCFIC_featured_image_caption":"","_FSMCFIC_featured_image_nocaption":"","_FSMCFIC_featured_image_hide":"","footnotes":""},"class_list":["post-5011","page","type-page","status-publish","hentry"],"_links":{"self":[{"href":"https:\/\/mdrhc.gov.tl\/en\/wp-json\/wp\/v2\/pages\/5011","targetHints":{"allow":["GET"]}}],"collection":[{"href":"https:\/\/mdrhc.gov.tl\/en\/wp-json\/wp\/v2\/pages"}],"about":[{"href":"https:\/\/mdrhc.gov.tl\/en\/wp-json\/wp\/v2\/types\/page"}],"author":[{"embeddable":true,"href":"https:\/\/mdrhc.gov.tl\/en\/wp-json\/wp\/v2\/users\/1"}],"replies":[{"embeddable":true,"href":"https:\/\/mdrhc.gov.tl\/en\/wp-json\/wp\/v2\/comments?post=5011"}],"version-history":[{"count":3,"href":"https:\/\/mdrhc.gov.tl\/en\/wp-json\/wp\/v2\/pages\/5011\/revisions"}],"predecessor-version":[{"id":5414,"href":"https:\/\/mdrhc.gov.tl\/en\/wp-json\/wp\/v2\/pages\/5011\/revisions\/5414"}],"wp:attachment":[{"href":"https:\/\/mdrhc.gov.tl\/en\/wp-json\/wp\/v2\/media?parent=5011"}],"curies":[{"name":"wp","href":"https:\/\/api.w.org\/{rel}","templated":true}]}}