{"id":5022,"date":"2025-05-29T05:57:23","date_gmt":"2025-05-29T05:57:23","guid":{"rendered":"https:\/\/mdrhc.gov.tl\/tl\/?page_id=5022"},"modified":"2025-06-10T05:36:46","modified_gmt":"2025-06-10T05:36:46","slug":"departamento-do-planu-e-politicas-de-habitasaun","status":"publish","type":"page","link":"https:\/\/mdrhc.gov.tl\/en\/departamento-do-planu-e-politicas-de-habitasaun\/","title":{"rendered":"Departamento do Planu e Politicas de habitasaun"},"content":{"rendered":"<section class=\"wpb-content-wrapper\"><p>[vc_row][vc_column][\/vc_column][\/vc_row][vc_row][vc_column][vc_column_text]<\/p>\n<p style=\"text-align: justify;\">Departamentu Planu no Pol\u00edtika Habitasaun Komunit\u00e1ria mak servisu DNPHC respons\u00e1vel ba planu estrat\u00e9jiku kona-ba Habitasaun Komunit\u00e1ria.<\/p>\n<p style=\"text-align: justify;\">Kompet\u00e9nsia Departamentu Planu no Pol\u00edtika Habitasaun Komunit\u00e1ria mak atu:<\/p>\n<ol style=\"text-align: justify;\">\n<li>Elabora no implementa planu estrat\u00e9jiku ba Departamentu hodi funsiona di&#8217;ak, nune\u2019e tenki estabelese objetivu klaru, metas ho prazu definidu no tenki hetan aprovasaun husi Diret\u00f3r DNPHC;<\/li>\n<li>Elabora no implementa planu ho proposta orsamentu internu atu aprezenta no hetan aprovasaun husi Diret\u00f3r DNPHC;<\/li>\n<li>Implementa planu sira iha \u00e1rea pol\u00edtika no estrat\u00e9jia dezenvolvimentu Habitasaun komunit\u00e1ria bazeia ba estudu no peskiza ne&#8217;eb\u00e9 elabora husi Departamentu Estudu Habitasaun Komunit\u00e1ria;<\/li>\n<li>Planea, halo dese\u00f1u no propoin pol\u00edtika ba Habitasaun komunit\u00e1ria;<\/li>\n<li>Fornese asesoria teknika iha \u00e1rea Habitasaun komunit\u00e1ria, bazeia ba pedidu husi Diret\u00f3r Nasion\u00e1l Pol\u00edtika Habitasaun Komunit\u00e1ria;<\/li>\n<li>Propoin kuadru legal ba set\u00f3r Habitasaun komunit\u00e1ria ho kooperasaun hamutuk ho Departamentu Estudu Habitasaun Komunit\u00e1ria;<\/li>\n<li>Kria no implementa mekanizmu koordenasaun ho servisu sentr\u00e1l, munis\u00edpiu, organizasaun komunit\u00e1ria lokal no parseiru dezenvolvimentu relasiona ho asaun ba dezenvolvimentu Habitasaun komunit\u00e1ria nian;<\/li>\n<li>Asegura implementasaun no ezekusaun integrada ba pol\u00edtika nasion\u00e1l Habitasaun komunit\u00e1ria, analiza provizaun rai ba uma ka habitasaun foun.<\/li>\n<li>Implementa planu finansamentu projetu ba habitasaun komunit\u00e1ria, ho koordenasaun hamutuk ho entidade sira seluk ne&#8217;eb\u00e9 kompetente no departamentu sira husi MDRHC;<\/li>\n<li>Koordena teknikamente elaborasaun planu ba habitasaun komunit\u00e1ria, ho kolaborasaun hamutuk ho departamentu governu respons\u00e1vel ba \u00e1rea obras p\u00fablika;<\/li>\n<li>Elabora proposta ba kuadru pessoal Departamentu nian, asegura identifikasaun funsaun espes\u00edfiku ba funsion\u00e1riu sira ne\u2019eb\u00e9 iha Departamentu nian laran, hodi kumpri no respeitu ba planu orsamentu internu nian;<\/li>\n<li>Elabora dokumentus ne&#8217;eb\u00e9 presiza, iha \u00e2mbitu jestaun administrasaun p\u00fablika, atu asegura funsionamentu regular no efetivu ba Departamentu refere;<\/li>\n<li>Ezerse tarefa seluk sira ne&#8217;eb\u00e9 atribui liu husi lei, regulamentu, ka determinasaun superior nian.<\/li>\n<\/ol>\n<p style=\"text-align: justify;\">Departamentu Planu no Pol\u00edtika Habitasaun Komunit\u00e1ria lidera husi Xefe Departamentu ida, ne&#8217;eb\u00e9 nomeadu tuir termu rejime jur\u00eddiku kargu diresaun no xefia Administrasaun P\u00fablika nian.<\/p>\n<p>&nbsp;<\/p>\n<pre><strong><em>*RESOURSE: Diploma Ministerial N.\u00ba 18 \/2024 de 28 de Fevereiro Artigu 13.\u00ba Departamentu Planu no Pol\u00edtika Habitasaun Komunit\u00e1ria<\/em><\/strong><\/pre>\n<p>[\/vc_column_text][\/vc_column][\/vc_row]<\/p>\n<\/section>","protected":false},"excerpt":{"rendered":"<p>[vc_row][vc_column][\/vc_column][\/vc_row][vc_row][vc_column][vc_column_text] Departamentu Planu no Pol\u00edtika Habitasaun Komunit\u00e1ria mak servisu DNPHC respons\u00e1vel ba planu estrat\u00e9jiku kona-ba Habitasaun Komunit\u00e1ria. Kompet\u00e9nsia Departamentu Planu no Pol\u00edtika Habitasaun Komunit\u00e1ria mak atu: Elabora no implementa planu estrat\u00e9jiku ba Departamentu hodi funsiona di&#8217;ak, nune\u2019e tenki estabelese objetivu klaru, metas ho prazu definidu no tenki hetan aprovasaun husi Diret\u00f3r DNPHC; Elabora no implementa [&hellip;]<\/p>\n","protected":false},"author":1,"featured_media":0,"parent":0,"menu_order":0,"comment_status":"closed","ping_status":"closed","template":"","meta":{"_FSMCFIC_featured_image_caption":"","_FSMCFIC_featured_image_nocaption":"","_FSMCFIC_featured_image_hide":"","footnotes":""},"class_list":["post-5022","page","type-page","status-publish","hentry"],"_links":{"self":[{"href":"https:\/\/mdrhc.gov.tl\/en\/wp-json\/wp\/v2\/pages\/5022","targetHints":{"allow":["GET"]}}],"collection":[{"href":"https:\/\/mdrhc.gov.tl\/en\/wp-json\/wp\/v2\/pages"}],"about":[{"href":"https:\/\/mdrhc.gov.tl\/en\/wp-json\/wp\/v2\/types\/page"}],"author":[{"embeddable":true,"href":"https:\/\/mdrhc.gov.tl\/en\/wp-json\/wp\/v2\/users\/1"}],"replies":[{"embeddable":true,"href":"https:\/\/mdrhc.gov.tl\/en\/wp-json\/wp\/v2\/comments?post=5022"}],"version-history":[{"count":3,"href":"https:\/\/mdrhc.gov.tl\/en\/wp-json\/wp\/v2\/pages\/5022\/revisions"}],"predecessor-version":[{"id":5413,"href":"https:\/\/mdrhc.gov.tl\/en\/wp-json\/wp\/v2\/pages\/5022\/revisions\/5413"}],"wp:attachment":[{"href":"https:\/\/mdrhc.gov.tl\/en\/wp-json\/wp\/v2\/media?parent=5022"}],"curies":[{"name":"wp","href":"https:\/\/api.w.org\/{rel}","templated":true}]}}