{"id":5040,"date":"2025-05-29T06:02:28","date_gmt":"2025-05-29T06:02:28","guid":{"rendered":"https:\/\/mdrhc.gov.tl\/tl\/?page_id=5040"},"modified":"2025-06-10T05:31:36","modified_gmt":"2025-06-10T05:31:36","slug":"departamento-do-planamento-de-habitasaun","status":"publish","type":"page","link":"https:\/\/mdrhc.gov.tl\/en\/departamento-do-planamento-de-habitasaun\/","title":{"rendered":"Departamento do Planamento de Habitasaun"},"content":{"rendered":"<section class=\"wpb-content-wrapper\"><p>[vc_row][vc_column][vc_column_text]Departamentu Planeamentu Habitasaun mak servisu DNDHC respons\u00e1vel ba planeamentu dezenvolvimentu Habitasaun iha terit\u00f3riu nasion\u00e1l.<\/p>\n<p>Kompet\u00e9nsia Departamentu Planeamentu Habitasaun mak atu:<\/p>\n<ol>\n<li>Elabora no implementa planu estrat\u00e9jiku atu Departamentu funsiona ho di&#8217;ak, nune\u2019e tenki estabelese objetivu klaru, metas ho prazu definidu no tenki hetan aprovasaun husi Diret\u00f3r DNDHC;<\/li>\n<li>Elabora no implementa planu ho proposta orsamentu internu atu aprezenta no hetan aprovasaun husi Diret\u00f3r DNDHC;<\/li>\n<li>Elabora planeamentu kona-ba nesesidade sira iha relasaun ho habitasaun iha terit\u00f3riu nasion\u00e1l;<\/li>\n<li>Elabora planu ho estrat\u00e9jia dezenvolvimentu habitasaun, konforme ho nesesidade sira, se sosi\u00e1l ka komersi\u00e1l;<\/li>\n<li>Elabora programas atu f\u00f3 apoiu finanseiru, liu-liu, f\u00f3 kr\u00e9ditu ba fam\u00edlia sira ne&#8217;eb\u00e9 bele garantia sira-nia sustentabilidade;<\/li>\n<li>Elabora programas habitasaun sosial;<\/li>\n<li>Kria mekanizmu komunikasaun ho servisu sentr\u00e1l, munis\u00edpiu, organizasaun komunit\u00e1ria lokal no parseiru dezenvolvimentu, hodi fasilita dese\u00f1u planeamentu programa nian.<\/li>\n<li>Planeia pol\u00edtika no estrat\u00e9jia ba dezenvolvimentu habitasaun komunit\u00e1ria nian ho koordenasaun hamutuk ho servisu sentr\u00e1l, munisip\u00e1l no parseiru dezenvolvimentu relevante ba asuntu ne&#8217;e;<\/li>\n<li>Elabora proposta ba kuadru pessoal Departamentu nian, asegura identifikasaun funsaun espes\u00edfiku ba funsion\u00e1riu sira iha Departamentu refere, hodi kumpri no respeitu ba planu orsamentu internu;<\/li>\n<li>Elabora dokumentus ne&#8217;eb\u00e9 presiza, iha \u00e1mbitu jestaun administrasaun p\u00fablika, atu asegura funsionamentu regular no efetivu ba Departamentu refere;<\/li>\n<li>Ezerse tarefa seluk sira ne&#8217;eb\u00e9 atribu\u00ed liu husi lei, regulamentu, ka determinasaun superior nian.<\/li>\n<\/ol>\n<p>Departamentu Planeamentu Habitasuan lidera husi Xefe Departamentu ida, ne&#8217;eb\u00e9 nomeadu tuir termu r\u00e9jimu jur\u00eddiku ba kargu diresaun no xefia Administrasaun P\u00fablika nian.<\/p>\n<p>&nbsp;<\/p>\n<pre><strong><em>*RESOURSE: Diploma Ministerial N.\u00ba 18 \/2024 de 28 de Fevereiro Artigu 15.\u00ba Departamentu Planeamentu Habitasaun<\/em><\/strong><\/pre>\n<p>[\/vc_column_text][\/vc_column][\/vc_row]<\/p>\n<\/section>","protected":false},"excerpt":{"rendered":"<p>[vc_row][vc_column][vc_column_text]Departamentu Planeamentu Habitasaun mak servisu DNDHC respons\u00e1vel ba planeamentu dezenvolvimentu Habitasaun iha terit\u00f3riu nasion\u00e1l. Kompet\u00e9nsia Departamentu Planeamentu Habitasaun mak atu: Elabora no implementa planu estrat\u00e9jiku atu Departamentu funsiona ho di&#8217;ak, nune\u2019e tenki estabelese objetivu klaru, metas ho prazu definidu no tenki hetan aprovasaun husi Diret\u00f3r DNDHC; Elabora no implementa planu ho proposta orsamentu internu atu [&hellip;]<\/p>\n","protected":false},"author":1,"featured_media":0,"parent":0,"menu_order":0,"comment_status":"closed","ping_status":"closed","template":"","meta":{"_FSMCFIC_featured_image_caption":"","_FSMCFIC_featured_image_nocaption":"","_FSMCFIC_featured_image_hide":"","footnotes":""},"class_list":["post-5040","page","type-page","status-publish","hentry"],"_links":{"self":[{"href":"https:\/\/mdrhc.gov.tl\/en\/wp-json\/wp\/v2\/pages\/5040","targetHints":{"allow":["GET"]}}],"collection":[{"href":"https:\/\/mdrhc.gov.tl\/en\/wp-json\/wp\/v2\/pages"}],"about":[{"href":"https:\/\/mdrhc.gov.tl\/en\/wp-json\/wp\/v2\/types\/page"}],"author":[{"embeddable":true,"href":"https:\/\/mdrhc.gov.tl\/en\/wp-json\/wp\/v2\/users\/1"}],"replies":[{"embeddable":true,"href":"https:\/\/mdrhc.gov.tl\/en\/wp-json\/wp\/v2\/comments?post=5040"}],"version-history":[{"count":3,"href":"https:\/\/mdrhc.gov.tl\/en\/wp-json\/wp\/v2\/pages\/5040\/revisions"}],"predecessor-version":[{"id":5411,"href":"https:\/\/mdrhc.gov.tl\/en\/wp-json\/wp\/v2\/pages\/5040\/revisions\/5411"}],"wp:attachment":[{"href":"https:\/\/mdrhc.gov.tl\/en\/wp-json\/wp\/v2\/media?parent=5040"}],"curies":[{"name":"wp","href":"https:\/\/api.w.org\/{rel}","templated":true}]}}