{"id":5041,"date":"2025-05-29T06:02:29","date_gmt":"2025-05-29T06:02:29","guid":{"rendered":"https:\/\/mdrhc.gov.tl\/tl\/?page_id=5041"},"modified":"2025-06-10T05:28:47","modified_gmt":"2025-06-10T05:28:47","slug":"departamento-de-implementasaun-de-programas","status":"publish","type":"page","link":"https:\/\/mdrhc.gov.tl\/en\/departamento-de-implementasaun-de-programas\/","title":{"rendered":"Departamento de Implementasaun de Programas"},"content":{"rendered":"<section class=\"wpb-content-wrapper\"><p>[vc_row][vc_column][vc_column_text]Departamentu Implementasaun Programa mak servisu DNDHC respons\u00e1vel ba implementasaun medidas sira ne&#8217;eb\u00e9 rezulta husi programa dezenvolvimentu Habitasuan Komunit\u00e1ria nian.<\/p>\n<p>Kompet\u00e9nsia Departamentu Implementasaun Programa mak atu:<\/p>\n<ol>\n<li>Elabora no implementa planu estrat\u00e9jiku atu Departamentu funsiona ho di&#8217;ak ba, nune\u2019e tenki estabelese objetivu klaru, metas ho prazu definidu no tenki hetan aprovasaun husi Diret\u00f3r DNDHC;<\/li>\n<li>Elabora no implementa planu ho proposta orsamentu internu atu aprezenta no hetan aprovasaun husi Diret\u00f3r DNDHC;<\/li>\n<li>Implementa no ezekuta programa habitasaun komunit\u00e1ria, espesi\u00e1lmente relasiona ho proposta projeitu konstrusaun habitasaun ba ema ho rendimentu ki&#8217;ik ka m\u00e9diu, ho koordenasaun hamutuk ho departamentu governu relevantes;<\/li>\n<li>Implementa no ezekuta programa habitasaun komunit\u00e1ria, espesi\u00e1lmente relasiona ho proposta projetu rehabilitasaun ba habitasaun nian;<\/li>\n<li>Implementa no ezekuta programa habitasaun komunit\u00e1ria, espesi\u00e1lmente relasiona ho proposta projetu konsepsaun kr\u00e9ditu ba konstrusaun no rehabilitasaun ba habitasaun, ho koordenasaun hamutuk ho entidade relevantes sira;<\/li>\n<li>Organiza prosesu aplikasaun ba servisu reabilitasaun ba habitasaun ne&#8217;eb\u00e9 deteriora ka att ona.<\/li>\n<li>Kria mekanizmu komunikasaun ho servisu sentr\u00e1l, munisip\u00e1l, organizasaun komunit\u00e1ria lok\u00e1l no parseiru dezenvolvimentu, hodi implementa medidas sira husi programa ne&#8217;eb\u00e9 dezenvolve.<\/li>\n<li>Dezenvolve proposta ba kuadru pessoal Departamentu nian, asegura identifikasaun ba funsaun espes\u00edfiku husi funsion\u00e1riu sira iha Departamentu nia laran, hodi kumpri no respeitu ba planu orsamentu internu nian;<\/li>\n<li>Dezenvolve dokumentu sira ne&#8217;eb\u00e9 neses\u00e1riu, iha \u00e1rea jestaun administrasaun p\u00fablika, atu garante funsionamentu regular no efetivu ba Departamentu;<\/li>\n<li>Ezekuta tarefa seluk ne&#8217;eb\u00e9 atribui liu husi lei, regulamentu ka determinasaun superior nian.<\/li>\n<\/ol>\n<p>Departamentu Implementasaun Programa nian lidera husi Xefe Departamentu ida, ne&#8217;eb\u00e9 nomeia tuir termu rejime leg\u00e1l kargu diresaun no xefia administrasaun p\u00fablika nian.<\/p>\n<p>&nbsp;<\/p>\n<pre><strong><em>*RESOURSE : Diploma Ministerial N.\u00ba 18 \/2024 de 28 de Fevereiro Artigu 16.\u00ba Departamentu Implementasaun Programa<\/em><\/strong><\/pre>\n<p>[\/vc_column_text][\/vc_column][\/vc_row]<\/p>\n<\/section>","protected":false},"excerpt":{"rendered":"<p>[vc_row][vc_column][vc_column_text]Departamentu Implementasaun Programa mak servisu DNDHC respons\u00e1vel ba implementasaun medidas sira ne&#8217;eb\u00e9 rezulta husi programa dezenvolvimentu Habitasuan Komunit\u00e1ria nian. Kompet\u00e9nsia Departamentu Implementasaun Programa mak atu: Elabora no implementa planu estrat\u00e9jiku atu Departamentu funsiona ho di&#8217;ak ba, nune\u2019e tenki estabelese objetivu klaru, metas ho prazu definidu no tenki hetan aprovasaun husi Diret\u00f3r DNDHC; Elabora no implementa [&hellip;]<\/p>\n","protected":false},"author":1,"featured_media":0,"parent":0,"menu_order":0,"comment_status":"closed","ping_status":"closed","template":"","meta":{"_FSMCFIC_featured_image_caption":"","_FSMCFIC_featured_image_nocaption":"","_FSMCFIC_featured_image_hide":"","footnotes":""},"class_list":["post-5041","page","type-page","status-publish","hentry"],"_links":{"self":[{"href":"https:\/\/mdrhc.gov.tl\/en\/wp-json\/wp\/v2\/pages\/5041","targetHints":{"allow":["GET"]}}],"collection":[{"href":"https:\/\/mdrhc.gov.tl\/en\/wp-json\/wp\/v2\/pages"}],"about":[{"href":"https:\/\/mdrhc.gov.tl\/en\/wp-json\/wp\/v2\/types\/page"}],"author":[{"embeddable":true,"href":"https:\/\/mdrhc.gov.tl\/en\/wp-json\/wp\/v2\/users\/1"}],"replies":[{"embeddable":true,"href":"https:\/\/mdrhc.gov.tl\/en\/wp-json\/wp\/v2\/comments?post=5041"}],"version-history":[{"count":3,"href":"https:\/\/mdrhc.gov.tl\/en\/wp-json\/wp\/v2\/pages\/5041\/revisions"}],"predecessor-version":[{"id":5410,"href":"https:\/\/mdrhc.gov.tl\/en\/wp-json\/wp\/v2\/pages\/5041\/revisions\/5410"}],"wp:attachment":[{"href":"https:\/\/mdrhc.gov.tl\/en\/wp-json\/wp\/v2\/media?parent=5041"}],"curies":[{"name":"wp","href":"https:\/\/api.w.org\/{rel}","templated":true}]}}