{"id":5042,"date":"2025-05-29T06:02:29","date_gmt":"2025-05-29T06:02:29","guid":{"rendered":"https:\/\/mdrhc.gov.tl\/tl\/?page_id=5042"},"modified":"2025-06-10T05:26:32","modified_gmt":"2025-06-10T05:26:32","slug":"departamento-de-kontrolu-de-kualidade","status":"publish","type":"page","link":"https:\/\/mdrhc.gov.tl\/en\/departamento-de-kontrolu-de-kualidade\/","title":{"rendered":"Departamento de Kontrolu de Kualidade"},"content":{"rendered":"<section class=\"wpb-content-wrapper\"><p>[vc_row][vc_column][\/vc_column][\/vc_row][vc_row][vc_column][vc_column_text]<\/p>\n<p style=\"text-align: justify;\">Departamentu Kontrolu Kualidade hanesan servisu husi DNCQH ne&#8217;eb\u00e9 respons\u00e1vel atu kontrola kualidade konstrusaun ba habitasaun\/uma ne&#8217;eb\u00e9 sai responsabilidade ka kargu MDRHC nian.<\/p>\n<p style=\"text-align: justify;\">Departamentu Kontrolu Kualidade mak responsabiliza atu:<\/p>\n<ol style=\"text-align: justify;\">\n<li>Elabora no implementa planu estrat\u00e9jiku atu asegura funsionamentu di&#8217;ak ba Departamentu nian, nune\u2019e tenke estabelese objetivu klaru, metas ho prazu definidu no tenke hetan aprovasaun husi Diret\u00f3r DNCQH nian;<\/li>\n<li>Elabora no implementa planu ho proposta orsamentu internu atu aprezenta no hetan aprovasaun husi Diret\u00f3r DNCQH nian;<\/li>\n<li>Kontrola konstrusaun habitasaun ka uma ne&#8217;eb\u00e9 sai responsabilidade MDRHC nian, iha eskala Programa Dezenvolvimentu Habitasaun nian;<\/li>\n<li>Halo inspeksaun no fiskaliza material konstrusaun sira ne&#8217;eb\u00e9 aplikadu ba konstrusaun habitasaun inklui Planu no Programa Habitasaun Komunit\u00e1ria nian, ho koordenasaun hamutuk ho departamentu governu nian respons\u00e1vel ba \u00e1rea obras p\u00fablika no entidade relevante sira seluk;<\/li>\n<li>Avalia konstrusaun iha programa habitasaun komunit\u00e1ria nian, ho koordenasaun hamutuk ho departamentu governu ne\u2019eb\u00e9 relevantes;<\/li>\n<li>Avalia konstrusaun rehabilitasaun nian, ho koordenasaun hamutuk ho departamentu governu ne\u2019eb\u00e9 relevantes.<\/li>\n<li>Dezenvolve proposta ba kuadru pessoal ba Departamentu, asegura identifikasaun ba funsaun espes\u00edfiku husi funsion\u00e1riu sira iha Departamentu nia laran, hodi kumpri no respeitu ba planu orsamentu internu;<\/li>\n<li>Dezenvolve dokumentu sira ne&#8217;eb\u00e9 neses\u00e1riu, iha \u00e1rea jestaun administrasaun p\u00fablika, atu garante funsionamentu regular no efetivu ba Departamentu; i. Ezerse tarefa sira seluk ne&#8217;eb\u00e9 atribui liu husi lei, regulamentu ka determinasaun superior nian.<\/li>\n<\/ol>\n<p style=\"text-align: justify;\">Departamentu Kontrolu Kualidade nian hanesan lidera husi Xefe Departamentu, ne&#8217;eb\u00e9 nomeia iha termu ba rejime legal kargu sira iha direksaun no xefia administra\u00e7\u00e3o p\u00fablika.<\/p>\n<p>&nbsp;<\/p>\n<pre><strong><em>*RESOURSE: Diploma Ministerial N.\u00ba 18 \/2024 de 28 de Fevereiro Artigu 17.o Departamentu Kontrolu Kualidade<\/em><\/strong><\/pre>\n<p>[\/vc_column_text][\/vc_column][\/vc_row]<\/p>\n<\/section>","protected":false},"excerpt":{"rendered":"<p>[vc_row][vc_column][\/vc_column][\/vc_row][vc_row][vc_column][vc_column_text] Departamentu Kontrolu Kualidade hanesan servisu husi DNCQH ne&#8217;eb\u00e9 respons\u00e1vel atu kontrola kualidade konstrusaun ba habitasaun\/uma ne&#8217;eb\u00e9 sai responsabilidade ka kargu MDRHC nian. Departamentu Kontrolu Kualidade mak responsabiliza atu: Elabora no implementa planu estrat\u00e9jiku atu asegura funsionamentu di&#8217;ak ba Departamentu nian, nune\u2019e tenke estabelese objetivu klaru, metas ho prazu definidu no tenke hetan aprovasaun husi [&hellip;]<\/p>\n","protected":false},"author":1,"featured_media":0,"parent":0,"menu_order":0,"comment_status":"closed","ping_status":"closed","template":"","meta":{"_FSMCFIC_featured_image_caption":"","_FSMCFIC_featured_image_nocaption":"","_FSMCFIC_featured_image_hide":"","footnotes":""},"class_list":["post-5042","page","type-page","status-publish","hentry"],"_links":{"self":[{"href":"https:\/\/mdrhc.gov.tl\/en\/wp-json\/wp\/v2\/pages\/5042","targetHints":{"allow":["GET"]}}],"collection":[{"href":"https:\/\/mdrhc.gov.tl\/en\/wp-json\/wp\/v2\/pages"}],"about":[{"href":"https:\/\/mdrhc.gov.tl\/en\/wp-json\/wp\/v2\/types\/page"}],"author":[{"embeddable":true,"href":"https:\/\/mdrhc.gov.tl\/en\/wp-json\/wp\/v2\/users\/1"}],"replies":[{"embeddable":true,"href":"https:\/\/mdrhc.gov.tl\/en\/wp-json\/wp\/v2\/comments?post=5042"}],"version-history":[{"count":3,"href":"https:\/\/mdrhc.gov.tl\/en\/wp-json\/wp\/v2\/pages\/5042\/revisions"}],"predecessor-version":[{"id":5409,"href":"https:\/\/mdrhc.gov.tl\/en\/wp-json\/wp\/v2\/pages\/5042\/revisions\/5409"}],"wp:attachment":[{"href":"https:\/\/mdrhc.gov.tl\/en\/wp-json\/wp\/v2\/media?parent=5042"}],"curies":[{"name":"wp","href":"https:\/\/api.w.org\/{rel}","templated":true}]}}