{"id":5106,"date":"2025-05-29T07:58:47","date_gmt":"2025-05-29T07:58:47","guid":{"rendered":"https:\/\/mdrhc.gov.tl\/tl\/?page_id=5106"},"modified":"2025-06-10T05:10:49","modified_gmt":"2025-06-10T05:10:49","slug":"unidade-de-integrasaun-software","status":"publish","type":"page","link":"https:\/\/mdrhc.gov.tl\/en\/unidade-de-integrasaun-software\/","title":{"rendered":"Unidade de Integrasaun Software"},"content":{"rendered":"<section class=\"wpb-content-wrapper\"><p>[vc_row][vc_column][vc_column_text]<\/p>\n<p style=\"text-align: justify;\">Unidade Integrasaun Software, abreviadamente ho naran UIS, mak nu\u2019udar servisu husi Gabinete Transforma\u00e7\u00e3o no Dijitalizasaun nian ne\u2019eb\u00e9 respons\u00e1vel atu implementa sistema software husi Minist\u00e9riu nian.<\/p>\n<p style=\"text-align: justify;\">Kompet\u00e9nsia ba UIS atu:<\/p>\n<ol style=\"text-align: justify;\">\n<li>Lidera dezenvolvimentu no jestaun husi aplikasaun governu no sistema software husi Minist\u00e9riu nian;<\/li>\n<li>Dezenvolve estrat\u00e9jia no superviziona integrasaun sistema software oin-oin ba organizasaun governu nian;<\/li>\n<li>Koordena ho departamentu sira iha Minist\u00e9riu atu identifika nesesidade ba integrasaun no implementa solusaun ne&#8217;eb\u00e9 fasilita partilha dadus, interoperabilidade no automatizasaun ba prosesu sira;<\/li>\n<li>Garante katak aplikasaun sira no sistema software husi Minist\u00e9riu tuir norma, pol\u00edtika no regulamentu seguransa relevantes;<\/li>\n<li>Estabelese norma ba integrasaun no interoperabilidade dadus atu fasilita partilha dadus entre aplikasaun no sistema sira ne&#8217;eb\u00e9 diferentes;<\/li>\n<li>Fornese apoiu no formasaun ba utilizador sira konaba aplikasaun no sistema software atu maximiza benef\u00edsiu husi Sistema refere;<\/li>\n<li>Implementa ferramenta\/tools no prosesu monitorizasaun atu identifika no resolve problema desempenhu, otimiza desempenhu sistema nian no garantia disponibilidade ida ne\u2019eb\u00e9 di&#8217;ak;<\/li>\n<li>Atualiza teknolojia emerjente ka foun no tend\u00e9nsia set\u00f3r relasionadu ho aplikasaun no sistema software administra\u00e7\u00e3o p\u00fablika;<\/li>\n<li>Avalia teknolojia foun, ferramenta no estrutura ne&#8217;eb\u00e9 bele hadiak efisi\u00e9nsia, efik\u00e1sia no esperi\u00e9nsia ba utilizasaun sistema administrasaun p\u00fablika.<\/li>\n<\/ol>\n<p style=\"text-align: justify;\">Unidade Integrasaun Software xefia husi Xefi Departamentu ida, nomeadu tuir termus lei ba kargu diresaun no xefia Adminstrasaun P\u00fablika nian.<\/p>\n<p>&nbsp;<\/p>\n<pre><strong><em>*RESOURCE: Diploma Ministerial N.\u00ba 18 \/2024 de 28 de Fevereiro Artigo 34.\u00ba Unidade Integrasaun Software<\/em><\/strong><\/pre>\n<p>[\/vc_column_text][\/vc_column][\/vc_row]<\/p>\n<\/section>","protected":false},"excerpt":{"rendered":"<p>[vc_row][vc_column][vc_column_text] Unidade Integrasaun Software, abreviadamente ho naran UIS, mak nu\u2019udar servisu husi Gabinete Transforma\u00e7\u00e3o no Dijitalizasaun nian ne\u2019eb\u00e9 respons\u00e1vel atu implementa sistema software husi Minist\u00e9riu nian. Kompet\u00e9nsia ba UIS atu: Lidera dezenvolvimentu no jestaun husi aplikasaun governu no sistema software husi Minist\u00e9riu nian; Dezenvolve estrat\u00e9jia no superviziona integrasaun sistema software oin-oin ba organizasaun governu nian; [&hellip;]<\/p>\n","protected":false},"author":1,"featured_media":0,"parent":0,"menu_order":0,"comment_status":"closed","ping_status":"closed","template":"","meta":{"_FSMCFIC_featured_image_caption":"","_FSMCFIC_featured_image_nocaption":"","_FSMCFIC_featured_image_hide":"","footnotes":""},"class_list":["post-5106","page","type-page","status-publish","hentry"],"_links":{"self":[{"href":"https:\/\/mdrhc.gov.tl\/en\/wp-json\/wp\/v2\/pages\/5106","targetHints":{"allow":["GET"]}}],"collection":[{"href":"https:\/\/mdrhc.gov.tl\/en\/wp-json\/wp\/v2\/pages"}],"about":[{"href":"https:\/\/mdrhc.gov.tl\/en\/wp-json\/wp\/v2\/types\/page"}],"author":[{"embeddable":true,"href":"https:\/\/mdrhc.gov.tl\/en\/wp-json\/wp\/v2\/users\/1"}],"replies":[{"embeddable":true,"href":"https:\/\/mdrhc.gov.tl\/en\/wp-json\/wp\/v2\/comments?post=5106"}],"version-history":[{"count":4,"href":"https:\/\/mdrhc.gov.tl\/en\/wp-json\/wp\/v2\/pages\/5106\/revisions"}],"predecessor-version":[{"id":5403,"href":"https:\/\/mdrhc.gov.tl\/en\/wp-json\/wp\/v2\/pages\/5106\/revisions\/5403"}],"wp:attachment":[{"href":"https:\/\/mdrhc.gov.tl\/en\/wp-json\/wp\/v2\/media?parent=5106"}],"curies":[{"name":"wp","href":"https:\/\/api.w.org\/{rel}","templated":true}]}}