{"id":5285,"date":"2025-06-04T07:51:16","date_gmt":"2025-06-04T07:51:16","guid":{"rendered":"https:\/\/mdrhc.gov.tl\/tl\/?page_id=5285"},"modified":"2025-06-10T04:20:07","modified_gmt":"2025-06-10T04:20:07","slug":"dgdr","status":"publish","type":"page","link":"https:\/\/mdrhc.gov.tl\/en\/dgdr\/","title":{"rendered":"DGDR"},"content":{"rendered":"<section class=\"wpb-content-wrapper\"><p>[vc_row][vc_column][vc_column_text]<\/p>\n<p style=\"text-align: justify;\">Diresaun Jeral ba Dezenvolvimentu Rural, ho abreviadu DGDR, mak servisu sentr\u00e1l Minist\u00e9riu nian ba Dezenvolvimentu Rural no Habitasun Komunit\u00e1ria ne&#8217;eb\u00e9 respons\u00e1vel atu asegura orientasaun jeral no koordenasaun integradu ba servisu Minist\u00e9riu nian ho kompet\u00e9nsia iha \u00e1rea dezenvolvimentu rural.<\/p>\n<p style=\"text-align: justify;\">Kompet\u00e9nsia DGDR nian inklui:<\/p>\n<ol>\n<li style=\"text-align: justify;\">Elabora no formula medidas pol\u00edtika no estrat\u00e9jias ba dezenvolvimentu rural integradu, promove no koordena aksaun sira ne&#8217;eb\u00e9 neses\u00e1riu atu implementa, iha artikulasaun ho entidade sira seluk ne&#8217;eb\u00e9 kompetente;<\/li>\n<li style=\"text-align: justify;\">Promove dezenvolvimentu ka elaborasaun planu annual no pluri annual (tinan barak) ba sira nia servisu, inklui Programa Investimentu, Planu Atividade Tinan nian no planu setorial servisu nian;<\/li>\n<li style=\"text-align: justify;\">Koordena no harmoniza dezenvolvimentu ka elaborasaun planu atividade tinan nian, bazeia ba pol\u00edtika no estrat\u00e9jias ne&#8217;eb\u00e9 estabelese ona;<\/li>\n<li style=\"text-align: justify;\">Assegura koordenasaun jeral ba servisu sentr\u00e1l sira relasiona ho asaun ba dezenvolvimentu rural integradu;<\/li>\n<li style=\"text-align: justify;\">Partisipa iha formulasaun medidas pol\u00edtika orsamentu ba sira nia \u00e1rea intervensaun nian;<\/li>\n<li style=\"text-align: justify;\">Promove, koordena no implementa asaun sira atu apoia dezenvolvimentu komunidade no ekonomia rural, iha artikulasaun ho entidade sira seluk ne&#8217;eb\u00e9 kompetente;<\/li>\n<li style=\"text-align: justify;\">Koordena, orienta no avalia atividade sira promosaun ba dezenvolvimentu rural nian;<\/li>\n<li style=\"text-align: justify;\">Promove no est\u00edmula partisipasaun komunit\u00e1ria, ho kolaborasaun hamutuk ho set\u00f3r sira seluk iha identifikasaun, formulasaun, implementasaun no avaliasaun inisiativa lok\u00e1l sira ba dezenvolvimentu rural, iha artikulasaun ho entidade sira seluk ne&#8217;eb\u00e9 kompetente;<\/li>\n<li style=\"text-align: justify;\">Insentiva no istimula dezenvolvimentu emprezari\u00e1l rural ne&#8217;eb\u00e9 bele aproveita rekursu natur\u00e1l sira ne&#8217;eb\u00e9 iha area rural ho forma rent\u00e1vel (ho lukru) no sustent\u00e1vel, no est\u00edmula implementasaun unidade ki&#8217;ik hodi halo rendimentu, bazeia ba Planu Munis\u00edpiu sira ne&#8217;eb\u00e9 aplik\u00e1vel; Promove inisiativa sira atu hasae asesu ba merkadu hodi est\u00edmula produsaun iha area rural, no kolabora ho organizasaun sira seluk ne&#8217;eb\u00e9 f\u00f3 import\u00e1nsia ba kriasaun ambiente institusion\u00e1l no legal ne&#8217;eb\u00e9 favor\u00e1vel ba dezenvolvimentu ekonomia no kom\u00e9rsiu iha area rural.<\/li>\n<li style=\"text-align: justify;\">Partisipa iha promosaun ba kualidade no sertifikasaun ba produtus husi area rural, ho koordenasaun hamutuk ho departamentu governu ne\u2019eb\u00e9 iha kompet\u00e9nsia iha \u00e1rea agrikultura;<\/li>\n<li style=\"text-align: justify;\">Promove no insentiva pol\u00edtika finansiamentu rural;<\/li>\n<li style=\"text-align: justify;\">Koordena asaun sira no estabelese ligasaun ho set\u00f3r atividade sira seluk, ho objetivu atu defini no implementa pol\u00edtika no estrat\u00e9jia ne&#8217;eb\u00e9 direta ba area rural;<\/li>\n<li style=\"text-align: justify;\">Promove no kolabora ho unidade sira seluk iha Minist\u00e9riu no ho komunidade lokal sira no iha koordenasaun ho entidade kompet\u00e9nte sira seluk iha identifikasaun, implementasaun, no avaliasaun ba programas orientadu ba: i. Estabelesimentu populasaun iha area rural, aumenta rendimentu no enkoraja formasaun profesional; ii. Promove dezenvolvimentu rural integradu no asosiasaun no kooperativismu iha area rural; iii. Utilizasaun rasion\u00e1l no sustent\u00e1vel ba rekursus naturais, iha \u00e1mbitu kontrolu ba eko-sist\u00e9ma, biodiversidade no defesa ba normas ambientais ne&#8217;eb\u00e9 estabelesidu husi autoridade kompetente;<\/li>\n<li style=\"text-align: justify;\">Dezenvolve instrumentus ne&#8217;eb\u00e9 presiza atu garante implementasaun ba Programa Movimentu Hafoun Aldeia;<\/li>\n<li style=\"text-align: justify;\">Ezekuta tarefa seluk ne&#8217;eb\u00e9 atribu\u00eddu tuir lei, regulamentu, ka desizaun hosi superi\u00f3r.<\/li>\n<\/ol>\n<pre><strong><em>*RESOURCE: DECRETO-LEI N.\u00ba 67\/2023 de 14 de Setembro Artigu 10 Diret\u00f3r-Geral ba Dezenvolvimentu Rural<\/em><\/strong><\/pre>\n<p>[\/vc_column_text][\/vc_column][\/vc_row]<\/p>\n<\/section>","protected":false},"excerpt":{"rendered":"<p>[vc_row][vc_column][vc_column_text] Diresaun Jeral ba Dezenvolvimentu Rural, ho abreviadu DGDR, mak servisu sentr\u00e1l Minist\u00e9riu nian ba Dezenvolvimentu Rural no Habitasun Komunit\u00e1ria ne&#8217;eb\u00e9 respons\u00e1vel atu asegura orientasaun jeral no koordenasaun integradu ba servisu Minist\u00e9riu nian ho kompet\u00e9nsia iha \u00e1rea dezenvolvimentu rural. Kompet\u00e9nsia DGDR nian inklui: Elabora no formula medidas pol\u00edtika no estrat\u00e9jias ba dezenvolvimentu rural integradu, promove [&hellip;]<\/p>\n","protected":false},"author":1,"featured_media":0,"parent":0,"menu_order":0,"comment_status":"closed","ping_status":"closed","template":"","meta":{"_FSMCFIC_featured_image_caption":"","_FSMCFIC_featured_image_nocaption":"","_FSMCFIC_featured_image_hide":"","footnotes":""},"class_list":["post-5285","page","type-page","status-publish","hentry"],"_links":{"self":[{"href":"https:\/\/mdrhc.gov.tl\/en\/wp-json\/wp\/v2\/pages\/5285","targetHints":{"allow":["GET"]}}],"collection":[{"href":"https:\/\/mdrhc.gov.tl\/en\/wp-json\/wp\/v2\/pages"}],"about":[{"href":"https:\/\/mdrhc.gov.tl\/en\/wp-json\/wp\/v2\/types\/page"}],"author":[{"embeddable":true,"href":"https:\/\/mdrhc.gov.tl\/en\/wp-json\/wp\/v2\/users\/1"}],"replies":[{"embeddable":true,"href":"https:\/\/mdrhc.gov.tl\/en\/wp-json\/wp\/v2\/comments?post=5285"}],"version-history":[{"count":3,"href":"https:\/\/mdrhc.gov.tl\/en\/wp-json\/wp\/v2\/pages\/5285\/revisions"}],"predecessor-version":[{"id":5387,"href":"https:\/\/mdrhc.gov.tl\/en\/wp-json\/wp\/v2\/pages\/5285\/revisions\/5387"}],"wp:attachment":[{"href":"https:\/\/mdrhc.gov.tl\/en\/wp-json\/wp\/v2\/media?parent=5285"}],"curies":[{"name":"wp","href":"https:\/\/api.w.org\/{rel}","templated":true}]}}