{"id":5452,"date":"2025-06-11T03:16:55","date_gmt":"2025-06-11T03:16:55","guid":{"rendered":"https:\/\/mdrhc.gov.tl\/tl\/?page_id=5452"},"modified":"2025-06-11T04:57:32","modified_gmt":"2025-06-11T04:57:32","slug":"gabinete-ministro","status":"publish","type":"page","link":"https:\/\/mdrhc.gov.tl\/en\/gabinete-ministro\/","title":{"rendered":"Gabinete Ministro"},"content":{"rendered":"<section class=\"wpb-content-wrapper\"><p>[vc_row][vc_column][vc_column_text]Ministru ba Dezenvolvimentu Rural no Habitasun Komunit\u00e1ria halao nia funsaun sira ho apoiu husi gabinete, ne&#8217;eb\u00e9 regula tuir termu rejime jur\u00eddiku iha gabinete minist\u00e9riu nian.[\/vc_column_text][\/vc_column][\/vc_row]<\/p>\n<\/section>","protected":false},"excerpt":{"rendered":"<p>[vc_row][vc_column][vc_column_text]Ministru ba Dezenvolvimentu Rural no Habitasun Komunit\u00e1ria halao nia funsaun sira ho apoiu husi gabinete, ne&#8217;eb\u00e9 regula tuir termu rejime jur\u00eddiku iha gabinete minist\u00e9riu nian.[\/vc_column_text][\/vc_column][\/vc_row]<\/p>\n","protected":false},"author":1,"featured_media":0,"parent":0,"menu_order":0,"comment_status":"closed","ping_status":"closed","template":"","meta":{"_FSMCFIC_featured_image_caption":"","_FSMCFIC_featured_image_nocaption":"","_FSMCFIC_featured_image_hide":"","footnotes":""},"class_list":["post-5452","page","type-page","status-publish","hentry"],"_links":{"self":[{"href":"https:\/\/mdrhc.gov.tl\/en\/wp-json\/wp\/v2\/pages\/5452","targetHints":{"allow":["GET"]}}],"collection":[{"href":"https:\/\/mdrhc.gov.tl\/en\/wp-json\/wp\/v2\/pages"}],"about":[{"href":"https:\/\/mdrhc.gov.tl\/en\/wp-json\/wp\/v2\/types\/page"}],"author":[{"embeddable":true,"href":"https:\/\/mdrhc.gov.tl\/en\/wp-json\/wp\/v2\/users\/1"}],"replies":[{"embeddable":true,"href":"https:\/\/mdrhc.gov.tl\/en\/wp-json\/wp\/v2\/comments?post=5452"}],"version-history":[{"count":2,"href":"https:\/\/mdrhc.gov.tl\/en\/wp-json\/wp\/v2\/pages\/5452\/revisions"}],"predecessor-version":[{"id":5476,"href":"https:\/\/mdrhc.gov.tl\/en\/wp-json\/wp\/v2\/pages\/5452\/revisions\/5476"}],"wp:attachment":[{"href":"https:\/\/mdrhc.gov.tl\/en\/wp-json\/wp\/v2\/media?parent=5452"}],"curies":[{"name":"wp","href":"https:\/\/api.w.org\/{rel}","templated":true}]}}