{"id":4939,"date":"2025-05-29T05:02:33","date_gmt":"2025-05-29T05:02:33","guid":{"rendered":"https:\/\/mdrhc.gov.tl\/tl\/?page_id=4939"},"modified":"2025-06-10T06:16:23","modified_gmt":"2025-06-10T06:16:23","slug":"departamento-de-administrasaun-e-pagamentu","status":"publish","type":"page","link":"https:\/\/mdrhc.gov.tl\/pt\/departamento-de-administrasaun-e-pagamentu\/","title":{"rendered":"Departamento de Administrasaun e Pagamentu"},"content":{"rendered":"<section class=\"wpb-content-wrapper\"><p>[vc_row][vc_column][vc_column_text]<\/p>\n<p style=\"text-align: justify;\">Departamentu ba Administrasaun no Pagamentu mak serbisu husi DNA ne&#8217;eb\u00e9 respons\u00e1vel ba administrasaun no pagamentu husi kontratu p\u00fabliku sira MDRHC nian.<\/p>\n<p style=\"text-align: justify;\">\u00a0Departamentu ba Administrasaun no Pagamentu nia kompet\u00e9nsia inklui:<\/p>\n<ol style=\"text-align: justify;\">\n<li>Elabora no disponibiliza informasaun no indikad\u00f3r estat\u00edstiku kona-ba atividade sira husi aprovisionamentu no asegura rejistu kompletu no aktualizadu husi prosesu sira aprovisionamentu hotu iha MDRHC;<\/li>\n<li>Emite pareser ka opiniaun wainhira hetan solisitadu kona-ba prosedimentu aprovisionamentu atu utiliza ba akizisaun bens ka servisu sira ka atu hala&#8217;o obra sira MDRHC nian;<\/li>\n<li>Dezenvolve, implementa no disemina orientasaun no prosedimentu operasion\u00e1l padronizadu ba prosesu sira aprovisionamentu no rekursu sira iha \u00e1rea aprovisionamentu;<\/li>\n<li>Koordena no armoniza implementasaun aprovisionamentu tuir orientasaun superi\u00f3r Ministru nian ka entidade p\u00fablika seluk ne&#8217;eb\u00e9 legalmente kompetente, hodi jere no mantein atualizasaun baze dadus fornesedor sira MDRHC nian;<\/li>\n<li>Elabora proposta ba kuadru pesso\u00e1l Departamentu nian, asegura identifikasaun funsaun espes\u00edfiku husi funsion\u00e1riu sira iha Departamentu nia laran, hodi kumpri no respeitu ba planu orsament\u00e1l internu;<\/li>\n<li>Elabora dokumentus ne&#8217;eb\u00e9 presiza iha \u00e1mbitu administrasaun p\u00fablika atu asegura funsionamentu regular no efetivu husi Departamentu;<\/li>\n<li>Realiza tarefa sira seluk ne&#8217;eb\u00e9 atribu\u00eddu liu husi lei, regulamentu ka determinasaun superi\u00f3r.<\/li>\n<\/ol>\n<p style=\"text-align: justify;\">Departamentu ba Administrasaun no Pagamentu lidera husi Xefe Departamentu ida, ne&#8217;eb\u00e9 nomeadu tuir termus rejime legal ba kargu diresaun no xefia Administrasaun P\u00fablika nian.<\/p>\n<p>&nbsp;<\/p>\n<pre><strong><em>*RESOURCE: Diploma Ministerial N.\u00ba 18 \/2024 de 28 de Fevereiro Artigu 24.\u00ba Departamentu ba Administrasaun no Pagamentu<\/em><\/strong><\/pre>\n<p>[\/vc_column_text][\/vc_column][\/vc_row]<\/p>\n<\/section>","protected":false},"excerpt":{"rendered":"<p>[vc_row][vc_column][vc_column_text] Departamentu ba Administrasaun no Pagamentu mak serbisu husi DNA ne&#8217;eb\u00e9 respons\u00e1vel ba administrasaun no pagamentu husi kontratu p\u00fabliku sira MDRHC nian. \u00a0Departamentu ba Administrasaun no Pagamentu nia kompet\u00e9nsia inklui: Elabora no disponibiliza informasaun no indikad\u00f3r estat\u00edstiku kona-ba atividade sira husi aprovisionamentu no asegura rejistu kompletu no aktualizadu husi prosesu sira aprovisionamentu hotu iha MDRHC; [&hellip;]<\/p>\n","protected":false},"author":1,"featured_media":0,"parent":0,"menu_order":0,"comment_status":"closed","ping_status":"closed","template":"","meta":{"_FSMCFIC_featured_image_caption":"","_FSMCFIC_featured_image_nocaption":"","_FSMCFIC_featured_image_hide":"","footnotes":""},"class_list":["post-4939","page","type-page","status-publish","hentry"],"_links":{"self":[{"href":"https:\/\/mdrhc.gov.tl\/pt\/wp-json\/wp\/v2\/pages\/4939","targetHints":{"allow":["GET"]}}],"collection":[{"href":"https:\/\/mdrhc.gov.tl\/pt\/wp-json\/wp\/v2\/pages"}],"about":[{"href":"https:\/\/mdrhc.gov.tl\/pt\/wp-json\/wp\/v2\/types\/page"}],"author":[{"embeddable":true,"href":"https:\/\/mdrhc.gov.tl\/pt\/wp-json\/wp\/v2\/users\/1"}],"replies":[{"embeddable":true,"href":"https:\/\/mdrhc.gov.tl\/pt\/wp-json\/wp\/v2\/comments?post=4939"}],"version-history":[{"count":3,"href":"https:\/\/mdrhc.gov.tl\/pt\/wp-json\/wp\/v2\/pages\/4939\/revisions"}],"predecessor-version":[{"id":5422,"href":"https:\/\/mdrhc.gov.tl\/pt\/wp-json\/wp\/v2\/pages\/4939\/revisions\/5422"}],"wp:attachment":[{"href":"https:\/\/mdrhc.gov.tl\/pt\/wp-json\/wp\/v2\/media?parent=4939"}],"curies":[{"name":"wp","href":"https:\/\/api.w.org\/{rel}","templated":true}]}}