{"id":4944,"date":"2025-05-29T05:05:25","date_gmt":"2025-05-29T05:05:25","guid":{"rendered":"https:\/\/mdrhc.gov.tl\/tl\/?page_id=4944"},"modified":"2025-06-10T06:32:07","modified_gmt":"2025-06-10T06:32:07","slug":"departamento-de-finansas","status":"publish","type":"page","link":"https:\/\/mdrhc.gov.tl\/pt\/departamento-de-finansas\/","title":{"rendered":"Departamento de Finansas"},"content":{"rendered":"<section class=\"wpb-content-wrapper\"><p>[vc_row][vc_column][vc_column_text]<\/p>\n<p style=\"text-align: justify;\">Departamentu Finansas mak servisu internu ne&#8217;eb\u00e9 respons\u00e1vel ba implementasaun kompet\u00e9nsia DNFPL nian relasiona ho implementasaun orsament\u00e1l husi MDRHC.<\/p>\n<p style=\"text-align: justify;\">Kabe ba Departamentu Finansas atu:<\/p>\n<ol style=\"text-align: justify;\">\n<li>Implementa norma no prosedimentu ba preparasaun no implementasaun orsamentu, inklui regra sira seluk ba jestaun finanseira;<\/li>\n<li>Asegura implementasaun no kontrolu ba alokasaun orsament\u00e1l atribu\u00eddu ba MDRHC, sem preju\u00edzu husi meius kontrolu no avaliasaun sira seluk ne&#8217;eb\u00e9 konsidera kompetente;<\/li>\n<li>Verifika legalidade husi gastu sira no prosesa sira nia pagamentu tuir orientasaun superi\u00f3r;<\/li>\n<li>Prosesa pedidu pagamentu atempadamente ka tuir prazu ne\u2019eb\u00e9 determina ona;<\/li>\n<li>Verifika legalidade husi rendimentu sira ne\u2019eb\u00e9 rekolha husi servisu MDRHC no prosesa sira iha livru kontabilidade tuir konformidade ho lei;<\/li>\n<li>Verifika no asegura implementasaun efetiva ba orsamentu MDRHC ho proposta no promosaun asaun sira ne&#8217;eb\u00e9 presiza, inklui transfer\u00e9nsia osan;<\/li>\n<li>Prosesa, insere no sertifika kompromisu ba pagamentu husi alokasaun orsament\u00e1l MDRHC iha sistema planeamentu rekursu Governu nian;<\/li>\n<li>Kontrola fluxu finanseiru husi fundu orsamentu jeral Estadu ba MDRHC;<\/li>\n<li>Prosesa no monitoriza pagamentu bens, servisu no obras sira akumuladu liu husi orsamentu MDRHC;<\/li>\n<li>Kolabora ho departamentu governamental respons\u00e1vel ba finansas atu asegura rapidez no legalidade prosesu pagamentu;<\/li>\n<li>Orienta, jere no kontrola fundu maneio ka petty cash MDRHC nian;<\/li>\n<li>Emite relat\u00f3riu seman\u00e1l kona-ba implementasaun kompet\u00e9nsia departamentu nian;<\/li>\n<li>Elabora relat\u00f3riu finanseiru periodiku ne&#8217;eb\u00e9 tenki submete ba entidade sira kompetente.<\/li>\n<li>Dezenvolve proposta ba kuadru pessoal ba Departamentu, garante identifikasaun ba funsaun espes\u00edfiku husi funsion\u00e1riu sira iha Departamentu nia laran, hodi kumpri no respeitu ba planu orsament\u00e1l internu;<\/li>\n<li>Dezenvolve dokumentus ne&#8217;eb\u00e9 presiza, iha enkuadramentu ba jestaun administrasaun p\u00fablika, atu garante funsionamentu regular no efetivu ba Departamentu;<\/li>\n<li>Efetua tarefa sira seluk ne&#8217;eb\u00e9 atribu\u00eddu liu husi lei, regulamentu ka desizaun superior nian.<\/li>\n<\/ol>\n<p style=\"text-align: justify;\">Departamentu Finansas lidera husi Xefe Departamentu ida ne&#8217;eb\u00e9 nomeadu bazeia ba rejime jur\u00eddiku ba kargu sira diresaun no xefia iha Administrasaun P\u00fablika nian.<\/p>\n<p>&nbsp;<\/p>\n<pre><strong><em>*RESOURCE: Diploma Ministerial N.\u00ba 18 \/2024 de 28 de Fevereiro Artigu 25.\u00ba Departamentu Finansas<\/em><\/strong><\/pre>\n<p>[\/vc_column_text][\/vc_column][\/vc_row]<\/p>\n<\/section>","protected":false},"excerpt":{"rendered":"<p>[vc_row][vc_column][vc_column_text] Departamentu Finansas mak servisu internu ne&#8217;eb\u00e9 respons\u00e1vel ba implementasaun kompet\u00e9nsia DNFPL nian relasiona ho implementasaun orsament\u00e1l husi MDRHC. Kabe ba Departamentu Finansas atu: Implementa norma no prosedimentu ba preparasaun no implementasaun orsamentu, inklui regra sira seluk ba jestaun finanseira; Asegura implementasaun no kontrolu ba alokasaun orsament\u00e1l atribu\u00eddu ba MDRHC, sem preju\u00edzu husi meius kontrolu [&hellip;]<\/p>\n","protected":false},"author":1,"featured_media":0,"parent":0,"menu_order":0,"comment_status":"closed","ping_status":"closed","template":"","meta":{"_FSMCFIC_featured_image_caption":"","_FSMCFIC_featured_image_nocaption":"","_FSMCFIC_featured_image_hide":"","footnotes":""},"class_list":["post-4944","page","type-page","status-publish","hentry"],"_links":{"self":[{"href":"https:\/\/mdrhc.gov.tl\/pt\/wp-json\/wp\/v2\/pages\/4944","targetHints":{"allow":["GET"]}}],"collection":[{"href":"https:\/\/mdrhc.gov.tl\/pt\/wp-json\/wp\/v2\/pages"}],"about":[{"href":"https:\/\/mdrhc.gov.tl\/pt\/wp-json\/wp\/v2\/types\/page"}],"author":[{"embeddable":true,"href":"https:\/\/mdrhc.gov.tl\/pt\/wp-json\/wp\/v2\/users\/1"}],"replies":[{"embeddable":true,"href":"https:\/\/mdrhc.gov.tl\/pt\/wp-json\/wp\/v2\/comments?post=4944"}],"version-history":[{"count":3,"href":"https:\/\/mdrhc.gov.tl\/pt\/wp-json\/wp\/v2\/pages\/4944\/revisions"}],"predecessor-version":[{"id":5425,"href":"https:\/\/mdrhc.gov.tl\/pt\/wp-json\/wp\/v2\/pages\/4944\/revisions\/5425"}],"wp:attachment":[{"href":"https:\/\/mdrhc.gov.tl\/pt\/wp-json\/wp\/v2\/media?parent=4944"}],"curies":[{"name":"wp","href":"https:\/\/api.w.org\/{rel}","templated":true}]}}