{"id":4956,"date":"2025-05-29T05:12:06","date_gmt":"2025-05-29T05:12:06","guid":{"rendered":"https:\/\/mdrhc.gov.tl\/tl\/?page_id=4956"},"modified":"2025-06-10T06:13:41","modified_gmt":"2025-06-10T06:13:41","slug":"departamento-parseria","status":"publish","type":"page","link":"https:\/\/mdrhc.gov.tl\/pt\/departamento-parseria\/","title":{"rendered":"Departamento Parseria"},"content":{"rendered":"<section class=\"wpb-content-wrapper\"><p>[vc_row][vc_column][vc_column_text]Departamentu Parseria, abreviadamente designadu hanesan DEP, mak servisu Unidade Parseria no Kooperasaun respons\u00e1vel ba estabelesimentu kooperasaun nasion\u00e1l no internasion\u00e1l.<\/p>\n<p>Kabe ba DEP atu:<\/p>\n<ol>\n<li>Dezenvolve, propoin no implementa medida sira ne&#8217;eb\u00e9 konkretiza pol\u00edtika p\u00fablika sira iha \u00e1rea kooperasaun no parseria ba dezenvolvimentu rural integradu inklui konsiderasaun ba habitasaun komunit\u00e1ria.<\/li>\n<li>Elabora pareser apropriadu ba proposta kooperasaun ho planu estrat\u00e9jiku dezenvolvimentu no prioridade pol\u00edtika sira ne&#8217;eb\u00e9 defini husi Governu;<\/li>\n<li>Identifika parseiru sira ne&#8217;eb\u00e9 interese ba MDRHC;<\/li>\n<li>Efetua tarefa sira seluk ne&#8217;eb\u00e9 atribu\u00eddu liu husi lei, regulamentu ka determinasaun superior nian.<\/li>\n<\/ol>\n<p>Departamentu Parseria lidera husi Xefe Departamentu ida, ne&#8217;eb\u00e9 nomeadu bazeia ba rejime jur\u00eddiku ba kargu sira diresaun no xefia iha Administrasaun P\u00fablika nian.<\/p>\n<p>&nbsp;<\/p>\n<pre><strong><em>*RESOURCE:<\/em> <em>Diploma Ministerial N.\u00ba 18 \/2024 de 28 de Fevereiro Artigu 29.\u00ba Departamentu Parseria<\/em><\/strong><\/pre>\n<p>[\/vc_column_text][\/vc_column][\/vc_row]<\/p>\n<\/section>","protected":false},"excerpt":{"rendered":"<p>[vc_row][vc_column][vc_column_text]Departamentu Parseria, abreviadamente designadu hanesan DEP, mak servisu Unidade Parseria no Kooperasaun respons\u00e1vel ba estabelesimentu kooperasaun nasion\u00e1l no internasion\u00e1l. Kabe ba DEP atu: Dezenvolve, propoin no implementa medida sira ne&#8217;eb\u00e9 konkretiza pol\u00edtika p\u00fablika sira iha \u00e1rea kooperasaun no parseria ba dezenvolvimentu rural integradu inklui konsiderasaun ba habitasaun komunit\u00e1ria. Elabora pareser apropriadu ba proposta kooperasaun ho [&hellip;]<\/p>\n","protected":false},"author":1,"featured_media":0,"parent":0,"menu_order":0,"comment_status":"closed","ping_status":"closed","template":"","meta":{"_FSMCFIC_featured_image_caption":"","_FSMCFIC_featured_image_nocaption":"","_FSMCFIC_featured_image_hide":"","footnotes":""},"class_list":["post-4956","page","type-page","status-publish","hentry"],"_links":{"self":[{"href":"https:\/\/mdrhc.gov.tl\/pt\/wp-json\/wp\/v2\/pages\/4956","targetHints":{"allow":["GET"]}}],"collection":[{"href":"https:\/\/mdrhc.gov.tl\/pt\/wp-json\/wp\/v2\/pages"}],"about":[{"href":"https:\/\/mdrhc.gov.tl\/pt\/wp-json\/wp\/v2\/types\/page"}],"author":[{"embeddable":true,"href":"https:\/\/mdrhc.gov.tl\/pt\/wp-json\/wp\/v2\/users\/1"}],"replies":[{"embeddable":true,"href":"https:\/\/mdrhc.gov.tl\/pt\/wp-json\/wp\/v2\/comments?post=4956"}],"version-history":[{"count":3,"href":"https:\/\/mdrhc.gov.tl\/pt\/wp-json\/wp\/v2\/pages\/4956\/revisions"}],"predecessor-version":[{"id":5421,"href":"https:\/\/mdrhc.gov.tl\/pt\/wp-json\/wp\/v2\/pages\/4956\/revisions\/5421"}],"wp:attachment":[{"href":"https:\/\/mdrhc.gov.tl\/pt\/wp-json\/wp\/v2\/media?parent=4956"}],"curies":[{"name":"wp","href":"https:\/\/api.w.org\/{rel}","templated":true}]}}