{"id":4971,"date":"2025-05-29T05:20:34","date_gmt":"2025-05-29T05:20:34","guid":{"rendered":"https:\/\/mdrhc.gov.tl\/tl\/?page_id=4971"},"modified":"2025-06-10T04:28:46","modified_gmt":"2025-06-10T04:28:46","slug":"diresaun-nasional-de-inovasaun-promosaun-e-formasaun","status":"publish","type":"page","link":"https:\/\/mdrhc.gov.tl\/pt\/diresaun-nasional-de-inovasaun-promosaun-e-formasaun\/","title":{"rendered":"Diresaun Nasional de Inovasaun, Promosaun e Formasaun"},"content":{"rendered":"<section class=\"wpb-content-wrapper\"><p>[vc_row][vc_column][vc_column_text]<\/p>\n<p style=\"text-align: justify;\">Diresaun Nasion\u00e1l Inovasaun, Promosaun no Kapasitasaun, ho abreviatura DNIPC, nia servisu husi DGDR ne&#8217;eb\u00e9 responsabiliza atu:<\/p>\n<ol style=\"text-align: justify;\">\n<li>Dezenvolve, propoin no garante implementasaun politika no estrat\u00e9jia inovasaun iha \u00e1rea sira hotu kona-ba dezenvolvimentu rural;<\/li>\n<li>Dezenvolve no garante implementasaun planu atividade anu\u00e1l ne&#8217;eb\u00e9 fo prioridade ba inovasaun, promosaun no kapasitasaun ba dezenvolvimentu rural integradu;<\/li>\n<li>Propoin politika no estrat\u00e9jia ne&#8217;eb\u00e9 estimula partisipasaun komunit\u00e1ria iha formulasaun, implementasaun no avaliasaun inisiativa lok\u00e1l dezenvolvimentu, ho koordenasaun hamutuk ho entidade sira seluk ne&#8217;eb\u00e9 kompetente;<\/li>\n<li>Estimula surjimentu no dezenvolvimentu emprendedorizmu iha area rural, espesi\u00e1lmente unidade ki&#8217;ik hodi hamosu rendimentu, hodi garante uzu sustent\u00e1vel rekursu natur\u00e1l ne&#8217;eb\u00e9 dispo\u00f1\u00edvel.<\/li>\n<li>Promove, dinamiza atividade marketing, komunikasaun kona-ba dezenvolvimentu rural integradu sustent\u00e1vel;<\/li>\n<li>Propoin m\u00e9todu no teknika avansada inovasaun no ekplorasaun kreatividade individu\u00e1l no grupu nian;<\/li>\n<li>Propoin m\u00e9todu no teknika avansada inovasaun no ekplorasaun kreatividade individu\u00e1l no grupu nian;<\/li>\n<li>F\u00f3 informasaun b\u00e1zika kona-ba pr\u00e1tika pensamentu kreativu\/kolaborativu no inovasaun;<\/li>\n<li>Enkuadra dezenvolvimentu sosial, umanu no teknol\u00f3jiku atual, inklui oportunidade sira ne&#8217;eb\u00e9 providensia husi teknolojia informasaun no rede;<\/li>\n<li>Promove inisiativa sira hodi haboot asesu ba merkadu hanesan estimula produsaun iha area rural, inklui kolaborasaun ho organizasaun sira ne&#8217;eb\u00e9 nia misaun kria ambiente institusion\u00e1l no legal ne&#8217;eb\u00e9 favor\u00e1vel ba dezenvolvimentu ekonomia no kom\u00e9rsiu iha area rural, ho koordenasaun hamutuk ho departamentu governamental ne&#8217;eb\u00e9 respons\u00e1vel ba \u00e1rea kom\u00e9rsiu.<\/li>\n<li>Asigura promosaun ba kualidade no sertifikasaun ba produtu sira ne&#8217;eb\u00e9 orijinariu ka mai husi area\/meiu rural, hamutuk ho departamentu governu respons\u00e1vel ba agrikultura;<\/li>\n<li>Estimula auto-empregu no esp\u00edritu empresarial hamutuk ho parseiru set\u00f3r produtivu, akademia no at\u00f3r sira seluk, nomos ho departamentu governu respons\u00e1vel ba empregu;<\/li>\n<li>Dezenvolve atividade formasaun no kapasitasaun ba preparasaun no realizasaun ba reuniaun servisu ho komunidade lokal sira, hamutuk ho departamentu governu respons\u00e1vel ne\u2019eb\u00e9 apoia organizasaun komunit\u00e1ria lokal;<\/li>\n<li>Avalia proposta projetu sira ne&#8217;eb\u00e9 apresenta husi suku sira atu hetan finansamentu husi Programa Movimentu Hafoun Suku no hato&#8217;o pareser ka opiniaun kona-ba sira nia viabilidade no komplementaridade ho programa governu seluk;<\/li>\n<li>Koordena projetu sira atu exezuta husi suku sira atu evita duplikasaun servisu, hamutuk ho departamentu governu respons\u00e1vel ne\u2019eb\u00e9 apoia organizasaun komunit\u00e1ria lokal;<\/li>\n<li>Oferese apoiu t\u00e9kniku, liuhusi servisu munis\u00edpiu no lokal sira kompetente, ba implementasaun atividade sira iha suku;<\/li>\n<li>Supervisiona, liuhusi servisu munis\u00edpiu no lokal sira kompetente, ba implementasaun programa ne&#8217;eb\u00e9 di&#8217;ak, hamutuk ho departamentu governu respons\u00e1vel ba apoia organizasaun komunit\u00e1ria lokal;<\/li>\n<li>Formula no hato&#8217;o ba Ministru pareser ka opiniaun bazeia ba kumprimentu kontratu subvensaun p\u00fabliku ne&#8217;eb\u00e9 asina iha \u00e1mbitu Programa Movimentu Hafoun Suku;<\/li>\n<li>Partisipa iha negosiasaun atu asina akordu entre MDRHC no instituisaun sira p\u00fabliku no privadu seluk, no garante nia implementasaun no monitorizasaun;<\/li>\n<li>Propoin, hamutuk ho servisu sira seluk, asaun sira ne&#8217;eb\u00e9 sai prioriorit\u00e1riu no ho impaktu ba \u00e1rea rural sira;<\/li>\n<li>Halao kualker tarefa seluk ne&#8217;eb\u00e9 atribu\u00eddu husi lei, regulamentu ka determinasaun superi\u00f3r.<\/li>\n<\/ol>\n<p style=\"text-align: justify;\">DNIRP dirije no koordena husi Diretor nasion\u00e1l ida, subordinadu ba Diretor Jer\u00e1l Dezenvolvimentu Rural, ne&#8217;eb\u00e9 nomenadu bazeia ba rejime jur\u00eddiku kargu dire\u00e7\u00e3o no xefia iha Administrasaun P\u00fablika.<\/p>\n<p>&nbsp;<\/p>\n<pre><strong><em>*RESOURCE: DECRETO-LEI N.\u00ba 67\/2023 de 14 de Setembro Artigu 13.\u00ba Diret\u00f3r Nasion\u00e1l Inovasaun, Promosaun no Kapasitasaun<\/em><\/strong><\/pre>\n<p>&nbsp;[\/vc_column_text][\/vc_column][\/vc_row]<\/p>\n<\/section>","protected":false},"excerpt":{"rendered":"<p>[vc_row][vc_column][vc_column_text] Diresaun Nasion\u00e1l Inovasaun, Promosaun no Kapasitasaun, ho abreviatura DNIPC, nia servisu husi DGDR ne&#8217;eb\u00e9 responsabiliza atu: Dezenvolve, propoin no garante implementasaun politika no estrat\u00e9jia inovasaun iha \u00e1rea sira hotu kona-ba dezenvolvimentu rural; Dezenvolve no garante implementasaun planu atividade anu\u00e1l ne&#8217;eb\u00e9 fo prioridade ba inovasaun, promosaun no kapasitasaun ba dezenvolvimentu rural integradu; Propoin politika no [&hellip;]<\/p>\n","protected":false},"author":1,"featured_media":0,"parent":0,"menu_order":0,"comment_status":"closed","ping_status":"closed","template":"","meta":{"_FSMCFIC_featured_image_caption":"","_FSMCFIC_featured_image_nocaption":"","_FSMCFIC_featured_image_hide":"","footnotes":""},"class_list":["post-4971","page","type-page","status-publish","hentry"],"_links":{"self":[{"href":"https:\/\/mdrhc.gov.tl\/pt\/wp-json\/wp\/v2\/pages\/4971","targetHints":{"allow":["GET"]}}],"collection":[{"href":"https:\/\/mdrhc.gov.tl\/pt\/wp-json\/wp\/v2\/pages"}],"about":[{"href":"https:\/\/mdrhc.gov.tl\/pt\/wp-json\/wp\/v2\/types\/page"}],"author":[{"embeddable":true,"href":"https:\/\/mdrhc.gov.tl\/pt\/wp-json\/wp\/v2\/users\/1"}],"replies":[{"embeddable":true,"href":"https:\/\/mdrhc.gov.tl\/pt\/wp-json\/wp\/v2\/comments?post=4971"}],"version-history":[{"count":3,"href":"https:\/\/mdrhc.gov.tl\/pt\/wp-json\/wp\/v2\/pages\/4971\/revisions"}],"predecessor-version":[{"id":5390,"href":"https:\/\/mdrhc.gov.tl\/pt\/wp-json\/wp\/v2\/pages\/4971\/revisions\/5390"}],"wp:attachment":[{"href":"https:\/\/mdrhc.gov.tl\/pt\/wp-json\/wp\/v2\/media?parent=4971"}],"curies":[{"name":"wp","href":"https:\/\/api.w.org\/{rel}","templated":true}]}}