{"id":4982,"date":"2025-05-29T05:28:41","date_gmt":"2025-05-29T05:28:41","guid":{"rendered":"https:\/\/mdrhc.gov.tl\/tl\/?page_id=4982"},"modified":"2025-06-10T06:07:13","modified_gmt":"2025-06-10T06:07:13","slug":"departamento-de-estudo-e-peskiza","status":"publish","type":"page","link":"https:\/\/mdrhc.gov.tl\/pt\/departamento-de-estudo-e-peskiza\/","title":{"rendered":"Departamento de Estudo e Peskiza"},"content":{"rendered":"<section class=\"wpb-content-wrapper\"><p>[vc_row][vc_column][vc_column_text]<\/p>\n<p style=\"text-align: justify;\">Departamentu Estudu no Peskiza mak servisu husi DNPDRI ne&#8217;eb\u00e9 respons\u00e1vel ba peskiza relasiona ho dezenvolvimentu rural.<\/p>\n<p style=\"text-align: justify;\">Kompetensia ba Departamentu Estudu no Peskiza atu:<\/p>\n<ol style=\"text-align: justify;\">\n<li>Elabora no implementa planu estrat\u00e9jiku ba funsionamentu di\u2019ak Departamentu ida ne&#8217;e, nune\u2019e tenki estabelese objetivu klaru, metas ho prazu estabelesidu no tenki hetan aprovasaun husi Diret\u00f3r DNPDRI;<\/li>\n<li>Elabora no implementa planu ho proposta orsamentu internu atu aprezenta no hetan aprovasaun husi Diret\u00f3r DNPDRI;<\/li>\n<li>Propoin metodolojia peskiza atu defini parametru ba realizasaun estudu no halo sondajen ka survey relasionadu ho dezenvolvimentu rural;<\/li>\n<li>Publika rezultadu estudu, sondajen ka survey no halo rekomendasaun ne&#8217;eb\u00e9 presiza ba v\u00e1rios departamentu governu MDRHC nian depoisde estudu no survey realizadu ona;<\/li>\n<li>Rekomenda implementasaun ba v\u00e1rios departamentu governu nian;<\/li>\n<li>Dezenvolve estudu tekniku no peskiza iha \u00e1rea dezenvolvimentu rural integradu, ho objetivu atu halo formulasaun medidas no pol\u00edtika relevante ba Minist\u00e9riu;<\/li>\n<li>Promove no prepara debate ho departamentu governu seluk hodi halo diagn\u00f3stiku ba \u00e1rea prinsipal sira iha dezenvolvimentu rural integradu nian;<\/li>\n<li>Elabora sondajen ka survey hodi halo diagn\u00f3stiku ba nesesidade prioridade dezenvolvimentu rural integradu, nunee bele organiza iha forma baze dadus ida ho informasaun hotu ne&#8217;eb\u00e9 mak rekolha ona;<\/li>\n<li>Kolabora iha dezenvolvimentu programa internu ka iha kooperasaun t\u00e9knika ho organizasaun nasion\u00e1l ka internasion\u00e1l sira, atu rekolha no trata dadus relasionadu ho dezenvolvimentu rural integradu;<\/li>\n<li>Kria mekanizmu komunikasaun ho servisu sentr\u00e1l, munis\u00edpiu, organizasaun komunit\u00e1ria lokal no parseiru dezenvolvimentu, atu fasilita rekolha dadus no implementasaun medida relasionadu ho tarefa Departamentu ne&#8217;e.<\/li>\n<li>Elabora no dezenvolve proposta ba estrutura pesoal Departamentu nian, asegura identifikasaun funsaun espes\u00edfiku ba funsion\u00e1riu sira ne&#8217;eb\u00e9 iha Departamentu, ho respeitu ba planu orsamentu internu.<\/li>\n<li>Elabora dokumentu sira ne&#8217;eb\u00e9 presiza, iha \u00e1mbitu \u00e1rea administrasaun p\u00fablika nian, atu asegura funsionamentu regular no efetivu Departamentu nian;<\/li>\n<li>Hala&#8217;o knaar tarefa seluk ne&#8217;eb\u00e9 atribu\u00ed tuir lei, regulamentu ka desizaun superior nian.<\/li>\n<\/ol>\n<p style=\"text-align: justify;\">Departamentu Estudu no Peskiza lidera husi Xefe Departamentu ida, nomeadu tuir termu rejime jur\u00eddiku kargu diresaun no xefia Administrasaun P\u00fablika nian.<\/p>\n<p>&nbsp;<\/p>\n<pre><strong><em>*RESOURCE: DECRETO-LEI N.\u00ba 67\/2023 de 14 de Setembro Artigo 5.o Departamentu Estudu no Peskiza<\/em><\/strong><\/pre>\n<p>[\/vc_column_text][\/vc_column][\/vc_row]<\/p>\n<\/section>","protected":false},"excerpt":{"rendered":"<p>[vc_row][vc_column][vc_column_text] Departamentu Estudu no Peskiza mak servisu husi DNPDRI ne&#8217;eb\u00e9 respons\u00e1vel ba peskiza relasiona ho dezenvolvimentu rural. Kompetensia ba Departamentu Estudu no Peskiza atu: Elabora no implementa planu estrat\u00e9jiku ba funsionamentu di\u2019ak Departamentu ida ne&#8217;e, nune\u2019e tenki estabelese objetivu klaru, metas ho prazu estabelesidu no tenki hetan aprovasaun husi Diret\u00f3r DNPDRI; Elabora no implementa planu [&hellip;]<\/p>\n","protected":false},"author":1,"featured_media":0,"parent":0,"menu_order":0,"comment_status":"closed","ping_status":"closed","template":"","meta":{"_FSMCFIC_featured_image_caption":"","_FSMCFIC_featured_image_nocaption":"","_FSMCFIC_featured_image_hide":"","footnotes":""},"class_list":["post-4982","page","type-page","status-publish","hentry"],"_links":{"self":[{"href":"https:\/\/mdrhc.gov.tl\/pt\/wp-json\/wp\/v2\/pages\/4982","targetHints":{"allow":["GET"]}}],"collection":[{"href":"https:\/\/mdrhc.gov.tl\/pt\/wp-json\/wp\/v2\/pages"}],"about":[{"href":"https:\/\/mdrhc.gov.tl\/pt\/wp-json\/wp\/v2\/types\/page"}],"author":[{"embeddable":true,"href":"https:\/\/mdrhc.gov.tl\/pt\/wp-json\/wp\/v2\/users\/1"}],"replies":[{"embeddable":true,"href":"https:\/\/mdrhc.gov.tl\/pt\/wp-json\/wp\/v2\/comments?post=4982"}],"version-history":[{"count":3,"href":"https:\/\/mdrhc.gov.tl\/pt\/wp-json\/wp\/v2\/pages\/4982\/revisions"}],"predecessor-version":[{"id":5419,"href":"https:\/\/mdrhc.gov.tl\/pt\/wp-json\/wp\/v2\/pages\/4982\/revisions\/5419"}],"wp:attachment":[{"href":"https:\/\/mdrhc.gov.tl\/pt\/wp-json\/wp\/v2\/media?parent=4982"}],"curies":[{"name":"wp","href":"https:\/\/api.w.org\/{rel}","templated":true}]}}