{"id":4984,"date":"2025-05-29T05:28:41","date_gmt":"2025-05-29T05:28:41","guid":{"rendered":"https:\/\/mdrhc.gov.tl\/tl\/?page_id=4984"},"modified":"2025-06-10T05:59:43","modified_gmt":"2025-06-10T05:59:43","slug":"departamento-de-politika-do-dezenvolvimentu-rural-intergrado","status":"publish","type":"page","link":"https:\/\/mdrhc.gov.tl\/pt\/departamento-de-politika-do-dezenvolvimentu-rural-intergrado\/","title":{"rendered":"Departamento de Politika do Dezenvolvimentu Rural Intergrado"},"content":{"rendered":"<section class=\"wpb-content-wrapper\"><p>[vc_row][vc_column][vc_column_text]<\/p>\n<p style=\"text-align: justify;\">Departamentu Pol\u00edtika Dezenvolvimentu Rural Integradu mak servisu DNPDRI ne&#8217;eb\u00e9 respons\u00e1vel atu propoin ba Ministru pol\u00edtika sira ba dezenvolvimentu rural integradu nian.<\/p>\n<p style=\"text-align: justify;\">Kabe ba Departamentu Pol\u00edtika Dezenvolvimentu Rural Integradu atu:<\/p>\n<ol style=\"text-align: justify;\">\n<li>Elabora no implementa planu estrat\u00e9jiku atu garantia funcionamentu di&#8217;ak ba Departamentu, ne&#8217;eb\u00e9 tenke estabelese objetivu klaru, metas ho tempu hatudu no tenke aprova husi Diretor DNPDRI;<\/li>\n<li>Dezenvolve no implementa planu ho proposta orsamentu internu atu aprezenta no aprova husi Diretor DNPDRI;<\/li>\n<li>Define \u00e1rea\/zona\/ ba atuasaun husi kada at\u00f3r interveniente iha prosesu dezenvolvimentu rural integradu no determina prioridade atuasaun ba kada at\u00f3r;<\/li>\n<li>Propoin programa, pol\u00edtika no estrat\u00e9jia ba dezenvolvimentu rural integradu bazeia ba estudu no peskiza ne&#8217;eb\u00e9 elabora husi Departamentu Estudu no Peskiza;<\/li>\n<li>Planea, halo deze\u00f1u no propoin pol\u00edtika sira ba dezenvolvimentu rural integradu;<\/li>\n<li>Asegura koordenasaun jeral servisu sentr\u00e1l, servisu munis\u00edpiu, organizasaun komunit\u00e1ria lok\u00e1l no parseiru dezenvolvimentu, relasiona ho asaun dezenvolvimentu rural integradu;<\/li>\n<li>Propoin estrutura reguladora ba set\u00f3r dezenvolvimentu rural, ho koordenasaun hamutuk ho departamentu governu relevantes;<\/li>\n<li>Estimula dezenvolvimentu rural integradu, asosiasaun no kooperativismu iha meiu rural, ho koordenasaun hamutuk ho Sekret\u00e1riu Estadu Kooperativu.<\/li>\n<li>Asegura kondisaun atu implementa programa dezenvolvimentu rural, ho koordenasaun hamutuk ho servisu kompetente husi departamentu governu relevantes;<\/li>\n<li>Promove, koordena no implementa asaun apoiu ba dezenvolvimentu komunidade no ekonomia rural, ho koordenasaun hamutuk ho entidade sira seluk ne\u2019eb\u00e9 kompetente;<\/li>\n<li>Kria mekanizmu komunikasaun ho servisu sentr\u00e1l, servisu munis\u00edpiu, organizasaun komunit\u00e1ria lok\u00e1l no parseiru dezenvolvimentu, hodi fasilita regulasaun pol\u00edtika dezenvolvimentu rural integradu;<\/li>\n<li>Elabora proposta ba estrutura pessoal Departamentu nian, asegura identifikasaun funsaun espes\u00edfiku funsion\u00e1riu sira iha Departamentu nia laran, hodi kumpri no respeitu ba planu orsamentu internu nian;<\/li>\n<li>Elabora dokumentu sira ne&#8217;eb\u00e9 presiza, iha \u00e1mbitu administrasaun p\u00fablika, atu asegura funsionamentu regular no efetivu Departamentu nian;<\/li>\n<li>Hala&#8217;o tarefa seluk ne&#8217;eb\u00e9 atribu\u00eddu tuir lei, regulamentu ka desizaun superior nian.<\/li>\n<\/ol>\n<p style=\"text-align: justify;\">Departamentu Pol\u00edtika Dezenvolvimentu Rural Integradu lidera husi Xefe Departamentu ida, nomeadu tuir termu rejime jur\u00eddiku kargu diresaun no xefia Administrasaun P\u00fablika nian.<\/p>\n<p>&nbsp;<\/p>\n<pre><strong><em>*RESOURCE: Diploma Ministerial N.\u00ba 18 \/2024 de 28 de Fevereiro Artigu 6.o Departamentu Pol\u00edtika Dezenvolvimentu Rural Integradu<\/em><\/strong><\/pre>\n<p>[\/vc_column_text][\/vc_column][\/vc_row]<\/p>\n<\/section>","protected":false},"excerpt":{"rendered":"<p>[vc_row][vc_column][vc_column_text] Departamentu Pol\u00edtika Dezenvolvimentu Rural Integradu mak servisu DNPDRI ne&#8217;eb\u00e9 respons\u00e1vel atu propoin ba Ministru pol\u00edtika sira ba dezenvolvimentu rural integradu nian. Kabe ba Departamentu Pol\u00edtika Dezenvolvimentu Rural Integradu atu: Elabora no implementa planu estrat\u00e9jiku atu garantia funcionamentu di&#8217;ak ba Departamentu, ne&#8217;eb\u00e9 tenke estabelese objetivu klaru, metas ho tempu hatudu no tenke aprova husi Diretor [&hellip;]<\/p>\n","protected":false},"author":1,"featured_media":0,"parent":0,"menu_order":0,"comment_status":"closed","ping_status":"closed","template":"","meta":{"_FSMCFIC_featured_image_caption":"","_FSMCFIC_featured_image_nocaption":"","_FSMCFIC_featured_image_hide":"","footnotes":""},"class_list":["post-4984","page","type-page","status-publish","hentry"],"_links":{"self":[{"href":"https:\/\/mdrhc.gov.tl\/pt\/wp-json\/wp\/v2\/pages\/4984","targetHints":{"allow":["GET"]}}],"collection":[{"href":"https:\/\/mdrhc.gov.tl\/pt\/wp-json\/wp\/v2\/pages"}],"about":[{"href":"https:\/\/mdrhc.gov.tl\/pt\/wp-json\/wp\/v2\/types\/page"}],"author":[{"embeddable":true,"href":"https:\/\/mdrhc.gov.tl\/pt\/wp-json\/wp\/v2\/users\/1"}],"replies":[{"embeddable":true,"href":"https:\/\/mdrhc.gov.tl\/pt\/wp-json\/wp\/v2\/comments?post=4984"}],"version-history":[{"count":3,"href":"https:\/\/mdrhc.gov.tl\/pt\/wp-json\/wp\/v2\/pages\/4984\/revisions"}],"predecessor-version":[{"id":5418,"href":"https:\/\/mdrhc.gov.tl\/pt\/wp-json\/wp\/v2\/pages\/4984\/revisions\/5418"}],"wp:attachment":[{"href":"https:\/\/mdrhc.gov.tl\/pt\/wp-json\/wp\/v2\/media?parent=4984"}],"curies":[{"name":"wp","href":"https:\/\/api.w.org\/{rel}","templated":true}]}}