{"id":5017,"date":"2025-05-29T05:57:22","date_gmt":"2025-05-29T05:57:22","guid":{"rendered":"https:\/\/mdrhc.gov.tl\/tl\/?page_id=5017"},"modified":"2025-06-10T04:31:08","modified_gmt":"2025-06-10T04:31:08","slug":"dghc","status":"publish","type":"page","link":"https:\/\/mdrhc.gov.tl\/pt\/dghc\/","title":{"rendered":"DGHC"},"content":{"rendered":"<section class=\"wpb-content-wrapper\"><p>[vc_row][vc_column][vc_column_text]<\/p>\n<p style=\"text-align: justify;\">Diresaun Jeral Habitasaun Komunit\u00e1ria, ne&#8217;eb\u00e9 simplifikadu ho DGHC, mak servisu sentr\u00e1l husi Minist\u00e9riu Dezenvolvimentu Rural no Habitasaun Komunit\u00e1ria ne&#8217;eb\u00e9 respons\u00e1vel atu garante orientasaun jeral no koordenasaun integrada husi servisu minist\u00e9riu sira ho atribuisaun iha \u00e1rea habitasaun komunit\u00e1ria. DGHC nia atribuisaun\/responsavel mak:<\/p>\n<ol style=\"text-align: justify;\">\n<li>Dezenvolve no formula medida pol\u00edtika no estrat\u00e9jia ba habitasaun komunit\u00e1ria, promove no koordena asaun ne&#8217;eb\u00e9 presiza atu halo;<\/li>\n<li>Promove elaborasaun planu annual no planu pluriannual ka tinan naruk husi servisu relevante, inklui Programa Investimentu, Planu ba atividade Annual nian no planu setorial;<\/li>\n<li>Koordena no harmoniza elaborasaun no exekusaun planu atividade annual bazeia ba pol\u00edtika no estrat\u00e9jia ne&#8217;eb\u00e9 definidu husi superiores;<\/li>\n<li>Garante koordenasaun jeral husi servisu sentr\u00e1l sira relasiona ho asaun dezenvolvimentu ba habitasaun komunit\u00e1ria;<\/li>\n<li>Partisipa iha formulasaun medidas pol\u00edtika orsamentu ba \u00e1rea intervensaun relevantes;<\/li>\n<li>Garante implementasaun no ezekusaun integradu husi pol\u00edtika nasion\u00e1l ba habitasaun komunit\u00e1ria tuir programa Governu no orientasaun Ministru nian;<\/li>\n<li>Dezenvolve estudu no peskiza kona-ba habitasaun komunit\u00e1ria;<\/li>\n<li>Propoin, implementa no monitoriza dezenvolvimentu pol\u00edtika nasion\u00e1l ba habitasaun komunit\u00e1ria, ho koordenasaun hamutuk ho departamentu governu sira ne&#8217;eb\u00e9 kompetente iha \u00e1rea ida ne&#8217;e;<\/li>\n<li>Monitoriza, ezekuta programa habitasaun komunit\u00e1ria ne&#8217;eb\u00e9 aprova husi superiors sira; j. Propoin projetu regulamentu kona-ba pol\u00edtika habitasaun, liu-liu sira ne&#8217;eb\u00e9 presiza atu halo ezekusaun ba Programa Nasion\u00e1l ba Habitasaun Komunit\u00e1ria nian;<\/li>\n<li>Exersesiu ka halao tarefa sira seluk ne&#8217;eb\u00e9 atribui husi lei, regulamentu ka desizaun superiors nian.<\/li>\n<\/ol>\n<p>Estrutura DGHC nian inklui servisu sira tuir mai:<\/p>\n<ol style=\"text-align: justify;\">\n<li>Diresaun Nasion\u00e1l Pol\u00edtika Habitasaun Komunit\u00e1ria;<\/li>\n<li>Diresaun Nasion\u00e1l ba Dezenvolvimentu Habitasaun Komunit\u00e1ria;<\/li>\n<li>Diresaun Nasion\u00e1l ba Kontrolu Kualidade Habitasaun;<\/li>\n<\/ol>\n<p style=\"text-align: justify;\">DGHC lidera husi Diret\u00f3r Jer\u00e1l, subordinadu iha hierarkia ba Ministru, nomeia liu husi rejime jur\u00eddiku ba kargu sira ba diretor no xefia iha Administrasaun P\u00fablika.<\/p>\n<p>&nbsp;<\/p>\n<pre><strong><em>*RESOURSE: DECRETO-LEI N.\u00ba 67\/2023 de 14 de Setembro Artigu 14.\u00ba Diresaun Jeral Habitasaun Komunit\u00e1ria<\/em><\/strong><\/pre>\n<p>[\/vc_column_text][\/vc_column][\/vc_row]<\/p>\n<\/section>","protected":false},"excerpt":{"rendered":"<p>[vc_row][vc_column][vc_column_text] Diresaun Jeral Habitasaun Komunit\u00e1ria, ne&#8217;eb\u00e9 simplifikadu ho DGHC, mak servisu sentr\u00e1l husi Minist\u00e9riu Dezenvolvimentu Rural no Habitasaun Komunit\u00e1ria ne&#8217;eb\u00e9 respons\u00e1vel atu garante orientasaun jeral no koordenasaun integrada husi servisu minist\u00e9riu sira ho atribuisaun iha \u00e1rea habitasaun komunit\u00e1ria. DGHC nia atribuisaun\/responsavel mak: Dezenvolve no formula medida pol\u00edtika no estrat\u00e9jia ba habitasaun komunit\u00e1ria, promove no koordena [&hellip;]<\/p>\n","protected":false},"author":1,"featured_media":0,"parent":0,"menu_order":0,"comment_status":"closed","ping_status":"closed","template":"","meta":{"_FSMCFIC_featured_image_caption":"","_FSMCFIC_featured_image_nocaption":"","_FSMCFIC_featured_image_hide":"","footnotes":""},"class_list":["post-5017","page","type-page","status-publish","hentry"],"_links":{"self":[{"href":"https:\/\/mdrhc.gov.tl\/pt\/wp-json\/wp\/v2\/pages\/5017","targetHints":{"allow":["GET"]}}],"collection":[{"href":"https:\/\/mdrhc.gov.tl\/pt\/wp-json\/wp\/v2\/pages"}],"about":[{"href":"https:\/\/mdrhc.gov.tl\/pt\/wp-json\/wp\/v2\/types\/page"}],"author":[{"embeddable":true,"href":"https:\/\/mdrhc.gov.tl\/pt\/wp-json\/wp\/v2\/users\/1"}],"replies":[{"embeddable":true,"href":"https:\/\/mdrhc.gov.tl\/pt\/wp-json\/wp\/v2\/comments?post=5017"}],"version-history":[{"count":4,"href":"https:\/\/mdrhc.gov.tl\/pt\/wp-json\/wp\/v2\/pages\/5017\/revisions"}],"predecessor-version":[{"id":5391,"href":"https:\/\/mdrhc.gov.tl\/pt\/wp-json\/wp\/v2\/pages\/5017\/revisions\/5391"}],"wp:attachment":[{"href":"https:\/\/mdrhc.gov.tl\/pt\/wp-json\/wp\/v2\/media?parent=5017"}],"curies":[{"name":"wp","href":"https:\/\/api.w.org\/{rel}","templated":true}]}}