{"id":5019,"date":"2025-05-29T05:57:23","date_gmt":"2025-05-29T05:57:23","guid":{"rendered":"https:\/\/mdrhc.gov.tl\/tl\/?page_id=5019"},"modified":"2025-06-10T04:34:56","modified_gmt":"2025-06-10T04:34:56","slug":"dirasaun-nasional-de-politicas-de-habitasaun-komunitaria","status":"publish","type":"page","link":"https:\/\/mdrhc.gov.tl\/pt\/dirasaun-nasional-de-politicas-de-habitasaun-komunitaria\/","title":{"rendered":"Dirasaun Nasional de Politicas de Habitasaun Komunitaria"},"content":{"rendered":"<section class=\"wpb-content-wrapper\"><p>[vc_row][vc_column][vc_column_text]<\/p>\n<p style=\"text-align: justify;\">Diresaun Nasion\u00e1l ba Pol\u00edtika Dezenvolvimentu Habitasaun Komunit\u00e1ria mak \u00a0\u00a0servisu husi DGHC ne&#8217;eb\u00e9 respons\u00e1vel hodi :<\/p>\n<ol style=\"text-align: justify;\">\n<li>Propoin pol\u00edtika sira no estrat\u00e9jia ba dezenvolvimentu ba Habitasaun Komunit\u00e1ria;<\/li>\n<li>Planea, dezenha no propoin pol\u00edtika ba Habitasaun komunit\u00e1ria;<\/li>\n<li>Fornese asist\u00e9nsia t\u00e9knika iha \u00e1rea Habitasaun Komunit\u00e1ria;<\/li>\n<li>Propoin kuadru reguladora ba set\u00f3r ba Habitasaun komunit\u00e1ria;<\/li>\n<li>Promove no dezenvolve estudu sira no peskiza iha \u00e1rea Habitasaun Komunit\u00e1ria;<\/li>\n<li>Dezenvolve no asegura ezekusaun ba planu atividade anu\u00e1l tuir konsist\u00e9nsia ho pol\u00edtika sira no estrat\u00e9jia ne&#8217;eb\u00e9 determina ona;<\/li>\n<li>Asegura ezekusaun ba planu no programa sira ba Habitasaun Komunit\u00e1ria, analiza fornesimentu ka provizaun rai ne\u2019eb\u00e9 aloka ba konstrusaun habitasaun foun;<\/li>\n<li>Realiza estudu t\u00e9knika kona-ba Habitasaun no an\u00e1lize ba projetu detallu ba enjenhar\u00eda, ho kolaborasaun hamutuk ho departamentu governu respons\u00e1vel ba \u00e1rea obras p\u00fablikas nian;<\/li>\n<li>Dezenvolve planu finansiamentu ba projetu sira ba Habitasaun Komunit\u00e1ria, ho kolaborasaun hamutuk ho entidade sira seluk ne&#8217;eb\u00e9 kompetentes;<\/li>\n<li>Koordena t\u00e9knikamente ba elaborasaun planu ba Habitasaun Komunit\u00e1ria, ho kolaborasaun hamutuk ho departamentu governu respons\u00e1vel ba \u00e1rea obras p\u00fablikas nian;<\/li>\n<li>Ezekuta knaar tarefas seluk ne&#8217;eb\u00e9 atribu\u00eddu husi lei, regulamentu ka desizaun superiornian.<\/li>\n<\/ol>\n<p style=\"text-align: justify;\">Diresaun Nasion\u00e1l ba Pol\u00edtika Dezenvolvimentu Habitasaun Komunit\u00e1ria lidera husi diretor nasion\u00e1l, subordinadu iha hierarkia baDiresaunJer\u00e1l ba Habitasaun, nomeia liu husi rejime jur\u00eddiku ba kargu sira ba diretor no xefia iha Administrasaun P\u00fablika.<\/p>\n<p>&nbsp;<\/p>\n<pre><strong><em>*RESOURSE: DECRETO-LEI N.\u00ba 67\/2023 de 14 de Setembro Artigu 15.\u00ba Diresaun Nasion\u00e1l ba Pol\u00edtika ba Dezenvolvimentu Habitasaun Komunit\u00e1ria<\/em><\/strong><\/pre>\n<p>[\/vc_column_text][\/vc_column][\/vc_row]<\/p>\n<\/section>","protected":false},"excerpt":{"rendered":"<p>[vc_row][vc_column][vc_column_text] Diresaun Nasion\u00e1l ba Pol\u00edtika Dezenvolvimentu Habitasaun Komunit\u00e1ria mak \u00a0\u00a0servisu husi DGHC ne&#8217;eb\u00e9 respons\u00e1vel hodi : Propoin pol\u00edtika sira no estrat\u00e9jia ba dezenvolvimentu ba Habitasaun Komunit\u00e1ria; Planea, dezenha no propoin pol\u00edtika ba Habitasaun komunit\u00e1ria; Fornese asist\u00e9nsia t\u00e9knika iha \u00e1rea Habitasaun Komunit\u00e1ria; Propoin kuadru reguladora ba set\u00f3r ba Habitasaun komunit\u00e1ria; Promove no dezenvolve estudu sira no [&hellip;]<\/p>\n","protected":false},"author":1,"featured_media":0,"parent":0,"menu_order":0,"comment_status":"closed","ping_status":"closed","template":"","meta":{"_FSMCFIC_featured_image_caption":"","_FSMCFIC_featured_image_nocaption":"","_FSMCFIC_featured_image_hide":"","footnotes":""},"class_list":["post-5019","page","type-page","status-publish","hentry"],"_links":{"self":[{"href":"https:\/\/mdrhc.gov.tl\/pt\/wp-json\/wp\/v2\/pages\/5019","targetHints":{"allow":["GET"]}}],"collection":[{"href":"https:\/\/mdrhc.gov.tl\/pt\/wp-json\/wp\/v2\/pages"}],"about":[{"href":"https:\/\/mdrhc.gov.tl\/pt\/wp-json\/wp\/v2\/types\/page"}],"author":[{"embeddable":true,"href":"https:\/\/mdrhc.gov.tl\/pt\/wp-json\/wp\/v2\/users\/1"}],"replies":[{"embeddable":true,"href":"https:\/\/mdrhc.gov.tl\/pt\/wp-json\/wp\/v2\/comments?post=5019"}],"version-history":[{"count":7,"href":"https:\/\/mdrhc.gov.tl\/pt\/wp-json\/wp\/v2\/pages\/5019\/revisions"}],"predecessor-version":[{"id":5392,"href":"https:\/\/mdrhc.gov.tl\/pt\/wp-json\/wp\/v2\/pages\/5019\/revisions\/5392"}],"wp:attachment":[{"href":"https:\/\/mdrhc.gov.tl\/pt\/wp-json\/wp\/v2\/media?parent=5019"}],"curies":[{"name":"wp","href":"https:\/\/api.w.org\/{rel}","templated":true}]}}