{"id":5107,"date":"2025-05-29T07:58:47","date_gmt":"2025-05-29T07:58:47","guid":{"rendered":"https:\/\/mdrhc.gov.tl\/tl\/?page_id=5107"},"modified":"2025-06-10T05:15:39","modified_gmt":"2025-06-10T05:15:39","slug":"unidade-de-infrastruktura-de-redes-e-seguranca","status":"publish","type":"page","link":"https:\/\/mdrhc.gov.tl\/pt\/unidade-de-infrastruktura-de-redes-e-seguranca\/","title":{"rendered":"Unidade de Infrastruktura de Redes e Seguranca"},"content":{"rendered":"<section class=\"wpb-content-wrapper\"><p>[vc_row][vc_column][vc_column_text]<\/p>\n<p style=\"text-align: justify;\">Unidade Infrastrutura Rede no Seguransa, ho liafuan badak UIRS, nud\u00e1r servisu husi Gabinete ba Transformasaun no Dijitalizasaun ne&#8217;eb\u00e9 respons\u00e1vel hodi garantia konektividade ba ekipamentu sira ne&#8217;eb\u00e9 iha Minist\u00e9riu nia laran.<\/p>\n<p style=\"text-align: justify;\">Kompet\u00e9nsia UIRS atu:<\/p>\n<ol style=\"text-align: justify;\">\n<li>Dezenvolve no implementa estrat\u00e9jia ba infrastrutura Rede Minist\u00e9riu nian, inklui LAN (Local Area Networks), WAN (Wide Area Networks) no Rede wireless;<\/li>\n<li>Supervisiona gestaun no manutensaun ba infrastrutura Rede Minist\u00e9riu nian, inklui sentru dadus, servidores, sitema armazenamentu no infrastrutura n\u00favem ou cloud system;<\/li>\n<li>Implementa no mant\u00e9n medida seguransa Rede atu proteje Rede no dadus Minist\u00e9riu nian kontra aksesu ne\u2019eb\u00e9 la autorizadu ou legal, ameasa siber-netika ou cybersecurity no violasaun dadus;<\/li>\n<li>Monitoriza dezempenhu Rede no identifika \u00e1rea ne&#8217;eb\u00e9 tenke hadia;<\/li>\n<li>Implementa ferramenta no t\u00e9knika atu otimiza dezempenhu Infrastrutura Rede nian;<\/li>\n<li>Estabelese prosedimentu backup no rekuperasaun;<\/li>\n<li>Garante dezempenhu Rede \u00f3tima iha Minist\u00e9riu hotu-hotu;<\/li>\n<li>Alokasa rekursu efikaz, balansia nesesidade operasaun, atualizasaun teknol\u00f3jika no otimizasaun kustu;<\/li>\n<li>Komunika efetivu ho partisipante sira ne&#8217;eb\u00e9 laos tekniku, trad\u00fas konseitu tekniku kompleksu ba t\u00e9rmu ne&#8217;eb\u00e9 kompreens\u00edvel;<\/li>\n<li>Promove dalan komunikasaun efetivu iha Departamentu no iha Minist\u00e9riu nia laran;<\/li>\n<li>Dezenvolve no implementa estrat\u00e9jia seguransa informasaun ne&#8217;eb\u00e9 alinha ho objetivu Minist\u00e9riu nian no toler\u00e1nsia ba risku;<\/li>\n<li>Estabelese pol\u00edtica, norma no prosedimentu seguransa informasaun hodi orienta praktika seguransa Minist\u00e9riu nian;<\/li>\n<li>Defin\u00ed no komunika import\u00e1nsia seguransa informasaun ba funsion\u00e1riu sira no partisipante sira ne&#8217;eb\u00e9 interesadu;<\/li>\n<li>Identifika, avalia no atribui prioridade ba risku seguransa informasaun nian;<\/li>\n<li>Supervisiona operasaun seguransa di\u00e1ria Minist\u00e9riu nian, inklui dezenvolvimentu planu no prosedimentu resposta ba insidente seguransa atu garantia resposta oportunu no efikas ba insidente seguransa sira;<\/li>\n<li>Garante kontrolu no mekanizmu seguransa inkorporadu iha desenhu sitema informasaun, Rede no infrastrutura;<\/li>\n<li>Dezenvolve no fornese programa sensibilizasaun no formasaun ba materia seguransa nian atu eduka funsion\u00e1riu sira kona-ba nia funsaun no responsabilidade iha seguransa ativu informasaun nian;<\/li>\n<li>Realiza auditoriu no avaliasaun per\u00edodiku atu halo validasaun ba konformidade no implementasaun akta koreta ne&#8217;eb\u00e9 presiza;<\/li>\n<li>Realiza tarefa seluk ne&#8217;eb\u00e9 atribui husi lei, regulamentu, ka desizaun superior nian.<\/li>\n<\/ol>\n<p style=\"text-align: justify;\">Unidade Infrastruturas Redes no Seguransa lidera husi Xefe Departamentu ida, ne&#8217;eb\u00e9 nomeadu tuir termus r\u00e9jime j\u00faridiku ba kargu diresaun no xefia iha Administra\u00e7\u00e3o P\u00fablika nian.<\/p>\n<p>&nbsp;<\/p>\n<pre><strong><em>*RESOURCE: Diploma Ministerial N.\u00ba 18 \/2024 de 28 de Fevereiro Artigu 32.\u00ba Unidade Infrastrutura Rede no Seguransa<\/em><\/strong><\/pre>\n<p>[\/vc_column_text][\/vc_column][\/vc_row]<\/p>\n<\/section>","protected":false},"excerpt":{"rendered":"<p>[vc_row][vc_column][vc_column_text] Unidade Infrastrutura Rede no Seguransa, ho liafuan badak UIRS, nud\u00e1r servisu husi Gabinete ba Transformasaun no Dijitalizasaun ne&#8217;eb\u00e9 respons\u00e1vel hodi garantia konektividade ba ekipamentu sira ne&#8217;eb\u00e9 iha Minist\u00e9riu nia laran. Kompet\u00e9nsia UIRS atu: Dezenvolve no implementa estrat\u00e9jia ba infrastrutura Rede Minist\u00e9riu nian, inklui LAN (Local Area Networks), WAN (Wide Area Networks) no Rede wireless; [&hellip;]<\/p>\n","protected":false},"author":1,"featured_media":0,"parent":0,"menu_order":0,"comment_status":"closed","ping_status":"closed","template":"","meta":{"_FSMCFIC_featured_image_caption":"","_FSMCFIC_featured_image_nocaption":"","_FSMCFIC_featured_image_hide":"","footnotes":""},"class_list":["post-5107","page","type-page","status-publish","hentry"],"_links":{"self":[{"href":"https:\/\/mdrhc.gov.tl\/pt\/wp-json\/wp\/v2\/pages\/5107","targetHints":{"allow":["GET"]}}],"collection":[{"href":"https:\/\/mdrhc.gov.tl\/pt\/wp-json\/wp\/v2\/pages"}],"about":[{"href":"https:\/\/mdrhc.gov.tl\/pt\/wp-json\/wp\/v2\/types\/page"}],"author":[{"embeddable":true,"href":"https:\/\/mdrhc.gov.tl\/pt\/wp-json\/wp\/v2\/users\/1"}],"replies":[{"embeddable":true,"href":"https:\/\/mdrhc.gov.tl\/pt\/wp-json\/wp\/v2\/comments?post=5107"}],"version-history":[{"count":5,"href":"https:\/\/mdrhc.gov.tl\/pt\/wp-json\/wp\/v2\/pages\/5107\/revisions"}],"predecessor-version":[{"id":5405,"href":"https:\/\/mdrhc.gov.tl\/pt\/wp-json\/wp\/v2\/pages\/5107\/revisions\/5405"}],"wp:attachment":[{"href":"https:\/\/mdrhc.gov.tl\/pt\/wp-json\/wp\/v2\/media?parent=5107"}],"curies":[{"name":"wp","href":"https:\/\/api.w.org\/{rel}","templated":true}]}}