{"id":1434,"date":"2023-09-22T02:12:33","date_gmt":"2023-09-22T02:12:33","guid":{"rendered":"https:\/\/mdrhc.gov.tl\/?page_id=1434"},"modified":"2024-03-08T03:25:43","modified_gmt":"2024-03-08T03:25:43","slug":"dezemvolvimento-rural","status":"publish","type":"page","link":"https:\/\/mdrhc.gov.tl\/tl\/dezemvolvimento-rural\/","title":{"rendered":"Dezemvolvimento Rural"},"content":{"rendered":"<h2 style=\"text-align: justify;\"><strong>Programa IX Governu Konstitusional Konaba Dezenvolvimentu Rural<\/strong><\/h2>\n<p style=\"text-align: justify;\">Transformasaun sosi\u00e1l no ekon\u00f3mika iha zonas rurais, hodi promove kualidade moris ba timoroan hotu, to\u2019o sira ne\u2019eb\u00e9 hela iha \u00e1rea remota sira no asesu dif\u00edsil, no ba sira ne\u2019eb\u00e9 presiza tebes, sai nu\u2019udar prinsip\u00e1l objetivu Governu ida ne\u2019e nian.<\/p>\n<p style=\"text-align: justify;\">Atu kumpre objetivus hirak ne\u2019e, Governu sei halo ho forma ne\u2019eb\u00e9 koordenada no iha n\u00edvel intersetori\u00e1l, ne\u2019eb\u00e9 implika katak pol\u00edtikas hotu no investimentus setoriais sei haree ba dezenvolvimentu rur\u00e1l ho forma transvers\u00e1l. Iha Nasaun ki\u2019ik hanesan Timor-Leste, ezist\u00e9nsia hosi asimetria rejion\u00e1l no dezigualdade sosi\u00e1l no ekon\u00f3mika ne\u2019e inkoer\u00e9nsia ida ne\u2019eb\u00e9 reprezenta lakon bot iha oportunidades.<\/p>\n<p style=\"text-align: justify;\">Kriasaun empregus lokais mak sai forma di\u2019ak liu atu hasa\u2019e nivel moris no bein-estar populasaun rur\u00e1l nian. Nune\u2019e, fundament\u00e1l duni atu investe iha kreximentu set\u00f3r provadu iha \u00e1reas rurais, inklui ho apoio ba emprezas ki\u2019ik no m\u00e9dis no ba kooperativas, hodi haburas sira-nia partisipasaun iha kreximentu ekon\u00f3miku rur\u00e1l.<\/p>\n<p style=\"text-align: justify;\">Governu sei kontinua dezenvolve kuadru Nasion\u00e1l de planeamentu, ne\u2019eb\u00e9 tau em konsiderasaun espesifisidades lokais (ka, fatin ida-idak nian) no setores de dezenvolvimentu ne\u2019eb\u00e9 potensiais, hodi hare ba karater\u00edstikas lokais no pr\u00e1tikas tradisionias, no m\u00f3s asesu ne\u2019eb\u00e9 iha ba infrastruturas b\u00e1zikas, ekon\u00f3mikas no sosiais no asesu ba merkadu.<\/p>\n<p style=\"text-align: justify;\">Iha \u00e1mbitu ida ne\u2019e, maka sai nu\u2019udar asaun prinsip\u00e1l sira ba dezenvolvimentu rur\u00e1l, hanesan tuir mai:<\/p>\n<ul style=\"text-align: justify;\">\n<li>Implementa Kuadru Nasion\u00e1l de Planeamentu, hodi enfrenta dezafius iha kada rejiaun no permite kreximentu sustent\u00e1vel no dezenvolvimento ekon\u00f3miku ekuitativu iha Pa\u00eds tomak;<\/li>\n<\/ul>\n<ul style=\"text-align: justify;\">\n<li>Harii, reabilita no dezenvolve infraestruturas b\u00e1zikas, ekon\u00f3mikas no sosiais, liuhusi konsulta ho planeamentu no envolvimentu diretu komunidades nian;<\/li>\n<\/ul>\n<ul style=\"text-align: justify;\">\n<li>Hadi\u2019a kuadru leg\u00e1l no regulador ne\u2019eb\u00e9 permite dezenvolvimentu ba inisiativas no projetus, to\u2019o n\u00edvel komunidades rurais;<\/li>\n<\/ul>\n<ul style=\"text-align: justify;\">\n<li>Dezenvolve estudus kona-ba kriasaun ambiente ida apropriadu ba investimentu iha \u00e1reas rurais, liuliu implementasaun ba sistemas mirkokr\u00e9ditu no formas empr\u00e9stimu sira seluk, promosaun kooperativas ka neg\u00f3siu familiar, ho prioridade ba produsaun agr\u00edkola no ba kriasaun de merkadu, no m\u00f3s ba produtus ne\u2019eb\u00e9 prosesa;<\/li>\n<\/ul>\n<ul style=\"text-align: justify;\">\n<li>Promove kapasitasaun institusion\u00e1l no formasaun profision\u00e1l ba neg\u00f3siu familiar, kooperativas no emprezas ki\u2019ik no m\u00e9dia iha zonas rurais;<\/li>\n<\/ul>\n<ul style=\"text-align: justify;\">\n<li>Hadi\u2019a planeamentu ba atividade agr\u00edkola no ba jestaun Rai no ba rekursus naturais,inklui hala\u2019o estudus kona-ba vantajen komparativa iha kada rejiaun no asesu ba infraestruturas no ba merkadus;<\/li>\n<\/ul>\n<ul style=\"text-align: justify;\">\n<li>Kontinua promove dezenvolvimentu set\u00f3r privadu nian, iha \u00e1reas rurais, inklui liuhosi eskema insentivus no benef\u00edsius fiskais ba dezenolvimentu set\u00f3r prim\u00e1riu, ba projetus transformasaun produtus set\u00f3r privadu nian ba bens komersiais, dezenvolvimentu teknolojias tradisionais hodi hare ba turizmu no ba merkadus;<\/li>\n<\/ul>\n<ul style=\"text-align: justify;\">\n<li>Kontinua promove prosesu desentralizasaun no governu lok\u00e1l ba iha emansipasaun pol\u00edtika, sosi\u00e1l no ekon\u00f3mika iha lokalidades rurais;<\/li>\n<\/ul>\n<ul style=\"text-align: justify;\">\n<li>Dezenvolve parserias de kooperasaun internasion\u00e1l entre emprezas agr\u00edkolas, hodi hadi\u2019a \u00e1reas hirak tuir mai ne\u2019e: estudus kona-ba merkadu, estrat\u00e9jias ba komersializasaun, avaliasaun no planeamentu ba emprezas, formasaun no asist\u00e9nsia t\u00e9knika, teknolojia no dezenvolvimentu produtus no mekanizmus de finansiamentu;<\/li>\n<\/ul>\n<ul style=\"text-align: justify;\">\n<li style=\"text-align: justify;\">Kontinua apoiu ba emprezas rurais ho mat\u00e9rias-primas no ekipamentus, hodi haburas sira-nia mikro-neg\u00f3sius.<\/li>\n<\/ul>\n","protected":false},"excerpt":{"rendered":"<p>Programa IX Governu Konstitusional Konaba Dezenvolvimentu Rural Transformasaun sosi\u00e1l no ekon\u00f3mika iha zonas rurais, hodi promove kualidade moris ba timoroan hotu, to\u2019o sira ne\u2019eb\u00e9 hela iha \u00e1rea remota sira no asesu dif\u00edsil, no ba sira ne\u2019eb\u00e9 presiza tebes, sai nu\u2019udar prinsip\u00e1l objetivu Governu ida ne\u2019e nian. Atu kumpre objetivus hirak ne\u2019e, Governu sei halo ho [&hellip;]<\/p>\n","protected":false},"author":1,"featured_media":0,"parent":0,"menu_order":0,"comment_status":"closed","ping_status":"closed","template":"","meta":{"_FSMCFIC_featured_image_caption":"","_FSMCFIC_featured_image_nocaption":"","_FSMCFIC_featured_image_hide":"","footnotes":""},"class_list":["post-1434","page","type-page","status-publish","hentry"],"_links":{"self":[{"href":"https:\/\/mdrhc.gov.tl\/tl\/wp-json\/wp\/v2\/pages\/1434","targetHints":{"allow":["GET"]}}],"collection":[{"href":"https:\/\/mdrhc.gov.tl\/tl\/wp-json\/wp\/v2\/pages"}],"about":[{"href":"https:\/\/mdrhc.gov.tl\/tl\/wp-json\/wp\/v2\/types\/page"}],"author":[{"embeddable":true,"href":"https:\/\/mdrhc.gov.tl\/tl\/wp-json\/wp\/v2\/users\/1"}],"replies":[{"embeddable":true,"href":"https:\/\/mdrhc.gov.tl\/tl\/wp-json\/wp\/v2\/comments?post=1434"}],"version-history":[{"count":2,"href":"https:\/\/mdrhc.gov.tl\/tl\/wp-json\/wp\/v2\/pages\/1434\/revisions"}],"predecessor-version":[{"id":3658,"href":"https:\/\/mdrhc.gov.tl\/tl\/wp-json\/wp\/v2\/pages\/1434\/revisions\/3658"}],"wp:attachment":[{"href":"https:\/\/mdrhc.gov.tl\/tl\/wp-json\/wp\/v2\/media?parent=1434"}],"curies":[{"name":"wp","href":"https:\/\/api.w.org\/{rel}","templated":true}]}}