{"id":3661,"date":"2024-03-08T03:34:57","date_gmt":"2024-03-08T03:34:57","guid":{"rendered":"https:\/\/mdrhc.gov.tl\/?page_id=3661"},"modified":"2025-06-10T03:18:12","modified_gmt":"2025-06-10T03:18:12","slug":"servico-corporativos","status":"publish","type":"page","link":"https:\/\/mdrhc.gov.tl\/tl\/servico-corporativos\/","title":{"rendered":"Servico Corporativos"},"content":{"rendered":"<section class=\"wpb-content-wrapper\"><p>[vc_row][vc_column][vc_column_text]<\/p>\n<p style=\"text-align: justify;\">Diresaun-Jeral ba Servisu Korporativu, hanesan DGSC, mak servisu husi MDRHC ne&#8217;eb\u00e9 respons\u00e1vel atu garante apoiu t\u00e9kniku no administrativu ba Ministru, Diresaun-Jeral no servisu seluk Minist\u00e9riu nian, iha \u00e1rea administrasaun, finansas, rekursu umanu, aprovisionamentu, loj\u00edstika no jestaun patrim\u00f3niu.<\/p>\n<p>&nbsp;<\/p>\n<p>DGSC nia responsabilidade mak:<\/p>\n<ol>\n<li>Propoin, promove no disemina pol\u00edtika, estrat\u00e9jia, prosedimentu no padraun sira relasiona<br \/>\nho servisu korporativu, jestaun dezempe\u00f1u no kualidade servisu;<\/li>\n<li>Garante jestaun rekursu umanu ba Minist\u00e9riu, la afeta funsaun Komisaun Servisu P\u00fabliku<br \/>\nnian;<\/li>\n<li>Garante apoiu log\u00edstiku ba atividade sira ne&#8217;eb\u00e9 dezenvolve husi \u00f3rgaun no servisu sira iha<br \/>\nMinist\u00e9riu;<\/li>\n<li>Garante prosesu aprovisionamentu no jestaun kontratu p\u00fabliku ne&#8217;eb\u00e9 envolve Minist\u00e9riu;<\/li>\n<li>Garante prosesu despeza relasionadu ho atividade Minist\u00e9riu nian;<\/li>\n<li>Garante jestaun, rejistu no arkivu dokumentu sira relasionadu ho atividade \u00f3rgaun no servisu<br \/>\nsira iha Minist\u00e9riu nia laran;<\/li>\n<li>Garante elaborasaun proposta Planu Asaun Anu\u00e1l, orsamentu no Planu Aprovisionamentu<br \/>\nMinist\u00e9riu nian;<\/li>\n<li>Garante jestaun patrim\u00f3niu Estadu ne&#8217;eb\u00e9 afeta ba Minist\u00e9riu;<\/li>\n<li>Dezenvolve, implementa no disemina padraun atendimentu ba uza, inklui mekanizmu<br \/>\nfeedback ba dezenvolvimentu kontinua melhoria servisu nian;<\/li>\n<li>Garante servisu protokolu no relasaun p\u00fabliku;<\/li>\n<li>Realiza asaun formasaun ba rekursu umanu Minist\u00e9riu nian;<\/li>\n<li>Dinamiza Grupu Trabalhu Nasional no J\u00e9neru Minist\u00e9riu nian;<\/li>\n<li>Elabora informasaun no relat\u00f3riu sira ne&#8217;eb\u00e9 solisita husi Ministru;<\/li>\n<li>Exersese tarefa seluk ne&#8217;eb\u00e9 atribu\u00eddu husi lejizlasaun, regulamentu ka desizaun superi\u00f3r.<\/li>\n<\/ol>\n<p>DGSC integra servisu sira hanesan tuir mai:<\/p>\n<ol>\n<li>Diresaun-Nasion\u00e1l Administrasaun no Rekursu Umanu;<\/li>\n<li>Diresaun-Nasion\u00e1l Aprovisionamentu;<\/li>\n<li>Diresaun-Nasion\u00e1l Finansas, Patrim\u00f3niu no Log\u00edstika.<\/li>\n<li>Unidade Kooperasaun no Parseria.<\/li>\n<\/ol>\n<p>DGSC diriji husi Diretor-Jeral, ne&#8217;eb\u00e9 subordinadu ho Ministro, no nomeadu tuir termu sira husi r\u00e9jimu jur\u00eddiku ba kargu diresaun no xefia iha Administra\u00e7\u00e3o P\u00fablika.<\/p>\n<blockquote>\n<pre><strong><em>*RESOURCE: DECRETO-LEI N.\u00ba 67\/2023 de 14 de Setembro Artigu 18.\u00ba Diresaun-Jeral Servisu Korporativu<\/em><\/strong><\/pre>\n<\/blockquote>\n<p>[\/vc_column_text][\/vc_column][\/vc_row]<\/p>\n<\/section>","protected":false},"excerpt":{"rendered":"<p>[vc_row][vc_column][vc_column_text] Diresaun-Jeral ba Servisu Korporativu, hanesan DGSC, mak servisu husi MDRHC ne&#8217;eb\u00e9 respons\u00e1vel atu garante apoiu t\u00e9kniku no administrativu ba Ministru, Diresaun-Jeral no servisu seluk Minist\u00e9riu nian, iha \u00e1rea administrasaun, finansas, rekursu umanu, aprovisionamentu, loj\u00edstika no jestaun patrim\u00f3niu. &nbsp; DGSC nia responsabilidade mak: Propoin, promove no disemina pol\u00edtika, estrat\u00e9jia, prosedimentu no padraun sira relasiona ho [&hellip;]<\/p>\n","protected":false},"author":1,"featured_media":0,"parent":0,"menu_order":0,"comment_status":"closed","ping_status":"closed","template":"","meta":{"_FSMCFIC_featured_image_caption":"","_FSMCFIC_featured_image_nocaption":"","_FSMCFIC_featured_image_hide":"","footnotes":""},"class_list":["post-3661","page","type-page","status-publish","hentry"],"_links":{"self":[{"href":"https:\/\/mdrhc.gov.tl\/tl\/wp-json\/wp\/v2\/pages\/3661","targetHints":{"allow":["GET"]}}],"collection":[{"href":"https:\/\/mdrhc.gov.tl\/tl\/wp-json\/wp\/v2\/pages"}],"about":[{"href":"https:\/\/mdrhc.gov.tl\/tl\/wp-json\/wp\/v2\/types\/page"}],"author":[{"embeddable":true,"href":"https:\/\/mdrhc.gov.tl\/tl\/wp-json\/wp\/v2\/users\/1"}],"replies":[{"embeddable":true,"href":"https:\/\/mdrhc.gov.tl\/tl\/wp-json\/wp\/v2\/comments?post=3661"}],"version-history":[{"count":13,"href":"https:\/\/mdrhc.gov.tl\/tl\/wp-json\/wp\/v2\/pages\/3661\/revisions"}],"predecessor-version":[{"id":5380,"href":"https:\/\/mdrhc.gov.tl\/tl\/wp-json\/wp\/v2\/pages\/3661\/revisions\/5380"}],"wp:attachment":[{"href":"https:\/\/mdrhc.gov.tl\/tl\/wp-json\/wp\/v2\/media?parent=3661"}],"curies":[{"name":"wp","href":"https:\/\/api.w.org\/{rel}","templated":true}]}}