{"id":3974,"date":"2024-04-08T07:04:59","date_gmt":"2024-04-08T07:04:59","guid":{"rendered":"https:\/\/mdrhc.gov.tl\/tl\/?page_id=3974"},"modified":"2024-04-08T07:10:06","modified_gmt":"2024-04-08T07:10:06","slug":"gabinete-transformasaun-no-dizitalizasaun","status":"publish","type":"page","link":"https:\/\/mdrhc.gov.tl\/tl\/gabinete-transformasaun-no-dizitalizasaun\/","title":{"rendered":"Gabinete Transformasaun no Dizitalizasaun"},"content":{"rendered":"\t\t<div data-elementor-type=\"wp-page\" data-elementor-id=\"3974\" class=\"elementor elementor-3974\" data-elementor-post-type=\"page\">\n\t\t\t\t<div class=\"elementor-element elementor-element-bfebf13 e-flex e-con-boxed e-con e-parent\" data-id=\"bfebf13\" data-element_type=\"container\">\n\t\t\t\t\t<div class=\"e-con-inner\">\n\t\t\t\t<div class=\"elementor-element elementor-element-37236f2 elementor-widget elementor-widget-text-editor\" data-id=\"37236f2\" data-element_type=\"widget\" data-widget_type=\"text-editor.default\">\n\t\t\t\t<div class=\"elementor-widget-container\">\n\t\t\t\t\t\t\t\t\t<p>DECRETO-LEI N.\u00ba 67\/2023 de 14 de Setembro <em>(Org\u00e2nica do Minist\u00e9rio do Desenvolvimento Rur\u00e1l e Habita\u00e7\u00e3o Comunit\u00e1ria<\/em>)<\/p><p>\u00a0<strong>KAPITULU VI TRANSFORMASAUN NO DIGITALIZASAUN<\/strong><\/p><p><strong>Artigu 23.Gabinete Transformasaun no Dijitalizasaun<\/strong><\/p><ol><li>Gabinete Transformasaun Digital no Dijitalizasaun, abreviadu ho sigla GATD, mak servisu sentr\u00e1l husi Minist\u00e9riu ne&#8217;eb\u00e9, ho depend\u00e9nsia ba Ministru, asegura integrasaun teknolojia dijit\u00e1l iha operasaun Minist\u00e9riu nian.<\/li><li>GATD nia responsabilidade mak:<\/li><li>Fornese rede lokal no teknolojia ekipamentu ba Minist\u00e9riu;<\/li><li>Assegura no apoia Portal Transpar\u00e9nsia Minist\u00e9riu nian;<\/li><li>Estabelese suporta informasaun no teknolojia (TI) no ajuda resolve buat hotu relasiona ho apoiu tekniku, espesialmente iha instalasaun no konfigurasaun komputad\u00f3r, impresora ka printer, jestaun rede lokal no rede internet;<\/li><li>Analiza dadus atu koleta; integrasaun dadus kompiladu; harmoniza dadus dijit\u00e1l sira no produz relat\u00f3riu atu apoia servisu dezenvolvimentu rural;<\/li><li>Dezenvolve estrat\u00e9jia komunikasaun dijit\u00e1l;<\/li><li>Realiza tarefa seluk ne&#8217;eb\u00e9 atribu\u00eddu husi lei, regulamentu, ka determinasaun superior nian.<\/li><\/ol>\t\t\t\t\t\t\t\t<\/div>\n\t\t\t\t<\/div>\n\t\t\t\t\t<\/div>\n\t\t\t\t<\/div>\n\t\t<div class=\"elementor-element elementor-element-afd037e e-flex e-con-boxed e-con e-parent\" data-id=\"afd037e\" data-element_type=\"container\">\n\t\t\t\t\t<div class=\"e-con-inner\">\n\t\t\t\t<div class=\"elementor-element elementor-element-0a3e2fb elementor-widget elementor-widget-image\" data-id=\"0a3e2fb\" data-element_type=\"widget\" data-widget_type=\"image.default\">\n\t\t\t\t<div class=\"elementor-widget-container\">\n\t\t\t\t\t\t\t\t\t\t\t\t\t\t\t<img fetchpriority=\"high\" decoding=\"async\" width=\"1024\" height=\"723\" src=\"https:\/\/mdrhc.gov.tl\/wp-content\/uploads\/2024\/04\/Estrutura_GATD_2-1024x723.jpg\" class=\"attachment-large size-large wp-image-3975\" alt=\"\" srcset=\"https:\/\/mdrhc.gov.tl\/wp-content\/uploads\/2024\/04\/Estrutura_GATD_2-1024x723.jpg 1024w, https:\/\/mdrhc.gov.tl\/wp-content\/uploads\/2024\/04\/Estrutura_GATD_2-300x212.jpg 300w, https:\/\/mdrhc.gov.tl\/wp-content\/uploads\/2024\/04\/Estrutura_GATD_2-768x542.jpg 768w, https:\/\/mdrhc.gov.tl\/wp-content\/uploads\/2024\/04\/Estrutura_GATD_2-1536x1085.jpg 1536w, https:\/\/mdrhc.gov.tl\/wp-content\/uploads\/2024\/04\/Estrutura_GATD_2-2048x1447.jpg 2048w\" sizes=\"(max-width: 1024px) 100vw, 1024px\" \/>\t\t\t\t\t\t\t\t\t\t\t\t\t\t\t<\/div>\n\t\t\t\t<\/div>\n\t\t\t\t\t<\/div>\n\t\t\t\t<\/div>\n\t\t<div class=\"elementor-element elementor-element-f4c13ff e-flex e-con-boxed e-con e-parent\" data-id=\"f4c13ff\" data-element_type=\"container\">\n\t\t\t\t\t<div class=\"e-con-inner\">\n\t\t\t\t<div class=\"elementor-element elementor-element-51ffdee elementor-widget elementor-widget-image\" data-id=\"51ffdee\" data-element_type=\"widget\" data-widget_type=\"image.default\">\n\t\t\t\t<div class=\"elementor-widget-container\">\n\t\t\t\t\t\t\t\t\t\t\t\t\t\t\t<img decoding=\"async\" width=\"1024\" height=\"764\" src=\"https:\/\/mdrhc.gov.tl\/wp-content\/uploads\/2024\/04\/Forca_Trabalhu_GATD-1024x764.jpg\" class=\"attachment-large size-large wp-image-3976\" alt=\"\" srcset=\"https:\/\/mdrhc.gov.tl\/wp-content\/uploads\/2024\/04\/Forca_Trabalhu_GATD-1024x764.jpg 1024w, https:\/\/mdrhc.gov.tl\/wp-content\/uploads\/2024\/04\/Forca_Trabalhu_GATD-300x224.jpg 300w, https:\/\/mdrhc.gov.tl\/wp-content\/uploads\/2024\/04\/Forca_Trabalhu_GATD-768x573.jpg 768w, https:\/\/mdrhc.gov.tl\/wp-content\/uploads\/2024\/04\/Forca_Trabalhu_GATD-1536x1146.jpg 1536w, https:\/\/mdrhc.gov.tl\/wp-content\/uploads\/2024\/04\/Forca_Trabalhu_GATD-2048x1528.jpg 2048w, https:\/\/mdrhc.gov.tl\/wp-content\/uploads\/2024\/04\/Forca_Trabalhu_GATD-86x64.jpg 86w\" sizes=\"(max-width: 1024px) 100vw, 1024px\" \/>\t\t\t\t\t\t\t\t\t\t\t\t\t\t\t<\/div>\n\t\t\t\t<\/div>\n\t\t\t\t\t<\/div>\n\t\t\t\t<\/div>\n\t\t\t\t<\/div>\n\t\t","protected":false},"excerpt":{"rendered":"<p>DECRETO-LEI N.\u00ba 67\/2023 de 14 de Setembro (Org\u00e2nica do Minist\u00e9rio do Desenvolvimento Rur\u00e1l e Habita\u00e7\u00e3o Comunit\u00e1ria) \u00a0KAPITULU VI TRANSFORMASAUN NO DIGITALIZASAUN Artigu 23.Gabinete Transformasaun no Dijitalizasaun Gabinete Transformasaun Digital no Dijitalizasaun, abreviadu ho sigla GATD, mak servisu sentr\u00e1l husi Minist\u00e9riu ne&#8217;eb\u00e9, ho depend\u00e9nsia ba Ministru, asegura integrasaun teknolojia dijit\u00e1l iha operasaun Minist\u00e9riu nian. GATD nia [&hellip;]<\/p>\n","protected":false},"author":1,"featured_media":0,"parent":0,"menu_order":0,"comment_status":"closed","ping_status":"closed","template":"","meta":{"_FSMCFIC_featured_image_caption":"","_FSMCFIC_featured_image_nocaption":"","_FSMCFIC_featured_image_hide":"","footnotes":""},"class_list":["post-3974","page","type-page","status-publish","hentry"],"_links":{"self":[{"href":"https:\/\/mdrhc.gov.tl\/tl\/wp-json\/wp\/v2\/pages\/3974","targetHints":{"allow":["GET"]}}],"collection":[{"href":"https:\/\/mdrhc.gov.tl\/tl\/wp-json\/wp\/v2\/pages"}],"about":[{"href":"https:\/\/mdrhc.gov.tl\/tl\/wp-json\/wp\/v2\/types\/page"}],"author":[{"embeddable":true,"href":"https:\/\/mdrhc.gov.tl\/tl\/wp-json\/wp\/v2\/users\/1"}],"replies":[{"embeddable":true,"href":"https:\/\/mdrhc.gov.tl\/tl\/wp-json\/wp\/v2\/comments?post=3974"}],"version-history":[{"count":3,"href":"https:\/\/mdrhc.gov.tl\/tl\/wp-json\/wp\/v2\/pages\/3974\/revisions"}],"predecessor-version":[{"id":3980,"href":"https:\/\/mdrhc.gov.tl\/tl\/wp-json\/wp\/v2\/pages\/3974\/revisions\/3980"}],"wp:attachment":[{"href":"https:\/\/mdrhc.gov.tl\/tl\/wp-json\/wp\/v2\/media?parent=3974"}],"curies":[{"name":"wp","href":"https:\/\/api.w.org\/{rel}","templated":true}]}}