{"id":4911,"date":"2025-05-29T04:54:35","date_gmt":"2025-05-29T04:54:35","guid":{"rendered":"https:\/\/mdrhc.gov.tl\/tl\/?page_id=4911"},"modified":"2025-06-10T04:10:31","modified_gmt":"2025-06-10T04:10:31","slug":"dirasaun-nasional-de-finansas-patrimonio-e-logistik","status":"publish","type":"page","link":"https:\/\/mdrhc.gov.tl\/tl\/dirasaun-nasional-de-finansas-patrimonio-e-logistik\/","title":{"rendered":"Dirasaun Nasional de Finansas Patrimonio e Logistik"},"content":{"rendered":"<section class=\"wpb-content-wrapper\"><p>[vc_row][vc_column][vc_column_text]<\/p>\n<p style=\"text-align: justify;\">Diresaun Nasion\u00e1l Finansas Patrim\u00f3niu no Log\u00edstika, abreviadamente designada ho DNFPL, mak servisu husi DGSC ne&#8217;eb\u00e9 respons\u00e1vel ba pr\u00e1tika atu hala&#8217;o atividade material ne&#8217;eb\u00e9 presiza ba exers\u00edsiu kompet\u00e9nsia relasiona ho jestaun finanseira, orsament\u00e1l patrimoni\u00e1l no log\u00edstika iha \u00e1rea MDRHC nian.<\/p>\n<p style=\"text-align: justify;\">Servisu DNAFL mak:<\/p>\n<ol>\n<li style=\"list-style-type: none;\">\n<ol>\n<li style=\"text-align: justify;\">Elabora projetu orsamentu anu\u00e1l MDRHC nian tuir orientasaun superior nian;<\/li>\n<li style=\"text-align: justify;\">Asegura realizasaun no kontrolu dotasaun orsament\u00e1l atribu\u00eddu ba MDRHC, sem prejudika exist\u00e9nsia meius kontrolu no avaliasaun ba kargu responsabilidade entidade seluk ne&#8217;eb\u00e9 kompetente;<\/li>\n<li style=\"text-align: justify;\">Verifika legalidade gastu ka despesa no prosesu sira pagamentu tuir orientasaun superi\u00f3r;<\/li>\n<li style=\"text-align: justify;\">Verifika legalidade reseitas sira ne\u2019eb\u00e9 mak rekolha ka arrekadadu husi servisu MDRHC nian no prosesu ba sira nia konformidade ka eskriturasaun kontabil\u00edstika ne\u2019eb\u00e9 kumpri tuir lejislasaun;<\/li>\n<li style=\"text-align: justify;\">Asegura realizasaun atividade material ne&#8217;eb\u00e9 presiza hodi hala&#8217;o jestaun finanseira planu anu\u00e1l no plurianu\u00e1l, tuir orientasaun hosi superi\u00f3r;<\/li>\n<li style=\"text-align: justify;\">Garante apoio log\u00edstika ba \u00f3rgaun no servisu hotu MDRHC nian;<\/li>\n<li style=\"text-align: justify;\">Jere no monitoriza kareta ou ve\u00edkulu MDRHC nian, defini padraun ba utilizasaun, gastu kombust\u00edvel\/mina, utiliza sistema GPS no padraun ba servisu manutensaun nian;<\/li>\n<li style=\"text-align: justify;\">Jere ho efik\u00e1z stok, armazenamentu siguru no invent\u00e1riu per\u00ed\u00f3diku ba ekipamentu no material konsum\u00edvel MDRHC nian;<\/li>\n<li style=\"text-align: justify;\">Garante jestaun no protesaun ba propriedade m\u00f3bil no im\u00f3bil Estadu nian iha MDRHC liu husi reparasaun, no defini programa manutensaun per\u00ed\u00f3diku no exist\u00e9nsia kontratu p\u00fabliku ba efeitu ida ne&#8217;e;<\/li>\n<li style=\"text-align: justify;\">Garante invent\u00e1riu, manutensaun no prezervasaun ba patrim\u00f3niu Estadu nian iha MDRHC no koordena atividade relevante ho servisu seluk, atu hatene sira nia nesesidade, no hala&#8217;o prosedimentu ba akizisaun no distribuisaun mateir\u00e1l no ekipamentu ba unidade no subunidade org\u00e1nika ka funsion\u00e1l sira.<\/li>\n<li style=\"text-align: justify;\">Koordena no asegura inventariasaun, jestaun, no kontrolu ba patrim\u00f3niu ne&#8217;eb\u00e9 tama no sai iha armaz\u00e9n iha Unidade Org\u00e1nika balun husi MDRHC liu husi implementasaun sistema kontrolu no inspesaun;<\/li>\n<li style=\"text-align: justify;\">Realiza tarefa seluk ne&#8217;eb\u00e9 atribu\u00eddu husi lei, regulamentu, ka desizaun superior nian.<\/li>\n<li style=\"text-align: justify;\">DNAFL dirije husi diretor nasion\u00e1l ida, subordinadu iha hierarkia ba Diret\u00f3r Jeral Servisu Korporativu, no nomeadu tuir termus rejime jur\u00eddiku kargu diresaun no xefia husi Administra\u00e7\u00e3o P\u00fablika nian.<\/li>\n<\/ol>\n<\/li>\n<\/ol>\n<pre><strong><em>*RESOURCE: DECRETO-LEI N.\u00ba 67\/2023 de 14 de Setembro Artigu 21.o Diresaun Nasion\u00e1l Finansas, <\/em><em>Patrim\u00f3niu no Log\u00edstika<\/em><\/strong><\/pre>\n<p>[\/vc_column_text][\/vc_column][\/vc_row]<\/p>\n<\/section>","protected":false},"excerpt":{"rendered":"<p>[vc_row][vc_column][vc_column_text] Diresaun Nasion\u00e1l Finansas Patrim\u00f3niu no Log\u00edstika, abreviadamente designada ho DNFPL, mak servisu husi DGSC ne&#8217;eb\u00e9 respons\u00e1vel ba pr\u00e1tika atu hala&#8217;o atividade material ne&#8217;eb\u00e9 presiza ba exers\u00edsiu kompet\u00e9nsia relasiona ho jestaun finanseira, orsament\u00e1l patrimoni\u00e1l no log\u00edstika iha \u00e1rea MDRHC nian. Servisu DNAFL mak: Elabora projetu orsamentu anu\u00e1l MDRHC nian tuir orientasaun superior nian; Asegura realizasaun [&hellip;]<\/p>\n","protected":false},"author":1,"featured_media":0,"parent":0,"menu_order":0,"comment_status":"closed","ping_status":"closed","template":"","meta":{"_FSMCFIC_featured_image_caption":"","_FSMCFIC_featured_image_nocaption":"","_FSMCFIC_featured_image_hide":"","footnotes":""},"class_list":["post-4911","page","type-page","status-publish","hentry"],"_links":{"self":[{"href":"https:\/\/mdrhc.gov.tl\/tl\/wp-json\/wp\/v2\/pages\/4911","targetHints":{"allow":["GET"]}}],"collection":[{"href":"https:\/\/mdrhc.gov.tl\/tl\/wp-json\/wp\/v2\/pages"}],"about":[{"href":"https:\/\/mdrhc.gov.tl\/tl\/wp-json\/wp\/v2\/types\/page"}],"author":[{"embeddable":true,"href":"https:\/\/mdrhc.gov.tl\/tl\/wp-json\/wp\/v2\/users\/1"}],"replies":[{"embeddable":true,"href":"https:\/\/mdrhc.gov.tl\/tl\/wp-json\/wp\/v2\/comments?post=4911"}],"version-history":[{"count":3,"href":"https:\/\/mdrhc.gov.tl\/tl\/wp-json\/wp\/v2\/pages\/4911\/revisions"}],"predecessor-version":[{"id":5384,"href":"https:\/\/mdrhc.gov.tl\/tl\/wp-json\/wp\/v2\/pages\/4911\/revisions\/5384"}],"wp:attachment":[{"href":"https:\/\/mdrhc.gov.tl\/tl\/wp-json\/wp\/v2\/media?parent=4911"}],"curies":[{"name":"wp","href":"https:\/\/api.w.org\/{rel}","templated":true}]}}