{"id":4934,"date":"2025-05-29T04:59:10","date_gmt":"2025-05-29T04:59:10","guid":{"rendered":"https:\/\/mdrhc.gov.tl\/tl\/?page_id=4934"},"modified":"2025-06-10T06:21:18","modified_gmt":"2025-06-10T06:21:18","slug":"departamento-de-kontratasaun-publika","status":"publish","type":"page","link":"https:\/\/mdrhc.gov.tl\/tl\/departamento-de-kontratasaun-publika\/","title":{"rendered":"Departamento de Kontratasaun Publika"},"content":{"rendered":"<section class=\"wpb-content-wrapper\"><p>[vc_row][vc_column][vc_column_text]<\/p>\n<p style=\"text-align: justify;\">Departamentu Kontratasaun P\u00fablika mak servisu husi DNA ne&#8217;eb\u00e9 respons\u00e1vel ba prosedimentu husi aprovisionamentu ba MDRHC.<\/p>\n<p style=\"text-align: justify;\">Kabe ba Departamentu Kontratasaun P\u00fablika atu:<\/p>\n<ol style=\"text-align: justify;\">\n<li>Asegura implementasaun husi aktus material ne&#8217;eb\u00e9 neses\u00e1riu ba prosesamentu prosedimentu administrativu husi aprovisionamentu ba MDRHC tuir lei no orientasaun superi\u00f3r;<\/li>\n<li>Dezenvolve planu aprovisionamentu ba Minist\u00e9riu no asegura katak planu ne&#8217;e bele mantein aktualizadu durante tinan finanseiru;<\/li>\n<li>Halo revizaun espesifikasaun t\u00e9knika ba prosedimentu aprovisionamentu nian;<\/li>\n<li>Prepara dokumentasaun ne&#8217;eb\u00e9 relasionadu ho prosedimentu aprovisionamentu, tuir kalendarizaun ne&#8217;eb\u00e9 define ona;<\/li>\n<li>Garante publisidade husi prosedimentu aprovisionamentu nian;<\/li>\n<li>Prepara konfer\u00e9nsia pr\u00e9viu ba interesadus sira ba konkurso nian;<\/li>\n<li>Simu proposta sira no dokumentu sira ne&#8217;eb\u00e9 relasionadu ho aprovisionamentu;<\/li>\n<li>Elabora proposta ba kuadru pessoal Departamentu nian, asegura identifikasaun husi funsaun espes\u00edfiku husi funsion\u00e1riu sira ne&#8217;eb\u00e9 iha Departamentu nia laran, hodi kumpri no respeitu ba planu orsament\u00e1l internu.<\/li>\n<li>Dezenvolve dokumentus ne&#8217;eb\u00e9 presiza iha ambitu administrasaun p\u00fablika atu asegura funsionamentu regular no efetivu husi Departamentu;<\/li>\n<li>Realiza tarefa sira seluk ne&#8217;eb\u00e9 atribu\u00eddu liu husi lei, regulamentu ka determinasaun superior nian.<\/li>\n<\/ol>\n<p style=\"text-align: justify;\">Departamentu ba Kontratasaun P\u00fablika lidera husi Xefe Departamentu ida, ne&#8217;eb\u00e9 nomeadu tuir termus rejime legal ba kargu diresaun no xefia Administrasaun P\u00fablika nian.<\/p>\n<p>&nbsp;<\/p>\n<pre><strong><em>*RESOURCE: Diploma Ministerial N.\u00ba 18 \/2024 de 28 de Fevereiro Artigu 23. Departamentu Kontratasaun P\u00fablika<\/em><\/strong><\/pre>\n<p>[\/vc_column_text][\/vc_column][\/vc_row]<\/p>\n<\/section>","protected":false},"excerpt":{"rendered":"<p>[vc_row][vc_column][vc_column_text] Departamentu Kontratasaun P\u00fablika mak servisu husi DNA ne&#8217;eb\u00e9 respons\u00e1vel ba prosedimentu husi aprovisionamentu ba MDRHC. Kabe ba Departamentu Kontratasaun P\u00fablika atu: Asegura implementasaun husi aktus material ne&#8217;eb\u00e9 neses\u00e1riu ba prosesamentu prosedimentu administrativu husi aprovisionamentu ba MDRHC tuir lei no orientasaun superi\u00f3r; Dezenvolve planu aprovisionamentu ba Minist\u00e9riu no asegura katak planu ne&#8217;e bele mantein aktualizadu [&hellip;]<\/p>\n","protected":false},"author":1,"featured_media":0,"parent":0,"menu_order":0,"comment_status":"closed","ping_status":"closed","template":"","meta":{"_FSMCFIC_featured_image_caption":"","_FSMCFIC_featured_image_nocaption":"","_FSMCFIC_featured_image_hide":"","footnotes":""},"class_list":["post-4934","page","type-page","status-publish","hentry"],"_links":{"self":[{"href":"https:\/\/mdrhc.gov.tl\/tl\/wp-json\/wp\/v2\/pages\/4934","targetHints":{"allow":["GET"]}}],"collection":[{"href":"https:\/\/mdrhc.gov.tl\/tl\/wp-json\/wp\/v2\/pages"}],"about":[{"href":"https:\/\/mdrhc.gov.tl\/tl\/wp-json\/wp\/v2\/types\/page"}],"author":[{"embeddable":true,"href":"https:\/\/mdrhc.gov.tl\/tl\/wp-json\/wp\/v2\/users\/1"}],"replies":[{"embeddable":true,"href":"https:\/\/mdrhc.gov.tl\/tl\/wp-json\/wp\/v2\/comments?post=4934"}],"version-history":[{"count":3,"href":"https:\/\/mdrhc.gov.tl\/tl\/wp-json\/wp\/v2\/pages\/4934\/revisions"}],"predecessor-version":[{"id":5423,"href":"https:\/\/mdrhc.gov.tl\/tl\/wp-json\/wp\/v2\/pages\/4934\/revisions\/5423"}],"wp:attachment":[{"href":"https:\/\/mdrhc.gov.tl\/tl\/wp-json\/wp\/v2\/media?parent=4934"}],"curies":[{"name":"wp","href":"https:\/\/api.w.org\/{rel}","templated":true}]}}