{"id":4954,"date":"2025-05-29T05:12:05","date_gmt":"2025-05-29T05:12:05","guid":{"rendered":"https:\/\/mdrhc.gov.tl\/tl\/?page_id=4954"},"modified":"2025-06-10T06:24:17","modified_gmt":"2025-06-10T06:24:17","slug":"unidade-de-planeamentu-monitorizasaun-e-avaliasaun","status":"publish","type":"page","link":"https:\/\/mdrhc.gov.tl\/tl\/unidade-de-planeamentu-monitorizasaun-e-avaliasaun\/","title":{"rendered":"Unidade de Planeamentu, Monitorizasaun e Avaliasaun"},"content":{"rendered":"<section class=\"wpb-content-wrapper\"><p>[vc_row][vc_column][vc_column_text]<\/p>\n<p style=\"text-align: justify;\">Unidade Planeamentu, Monitorizasaun no Avaliasaun mak servisu husi DNFPL ne&#8217;eb\u00e9 respons\u00e1vel ba planeamentu, monitorizasaun no avaliasaun ba atividade anuais husi MDRHC.<\/p>\n<p style=\"text-align: justify;\">Kabe ba Unidade Planeamentu, Monitorizasaun no Avaliasaun atu:<\/p>\n<ol style=\"text-align: justify;\">\n<li>Prepara no elabora, ho kolaborasaun husi servisu sira seluk, planu sira ba kurtu prazu, meiu no longu prazu, tuir konformidade ho Planu Estrat\u00e9jiku Dezenvolvimentu no Objetivu Dezenvolvimentu Sustent\u00e1vel (ODS);<\/li>\n<li>Estabelese mekanizmu koordenasaun ne&#8217;eb\u00e9 presiza ho servisu sira hotu MDRHC nian, iha nivel sentr\u00e1l ka nivel munis\u00edpiu, atu sentraliza elaborasaun planu asaun annual, planu operasion\u00e1l, pakote fisk\u00e1l, nom\u00f3s elaborasaun relat\u00f3riu ezekusaun nian;<\/li>\n<li>Partisipa iha atividade sira, ekipa ka grupu traballu hotu-hotu ne&#8217;eb\u00e9 destina ba prod\u00fas dokumentu estrat\u00e9jiku ka pol\u00edtika set\u00f3rial nian.<\/li>\n<li>Akompa\u00f1a negosiasaun no ezekusaun programa sira ka akordu kooperasaun ho parseiru dezenvolvimentu no aj\u00e9nsia internasion\u00e1l;<\/li>\n<li>Elabora relat\u00f3riu mens\u00e1l, trimestr\u00e1l no annual ba Planu Anu\u00e1l Atividade sira MDRHC nian;<\/li>\n<li>Monitoriza no avalia projetu infraestrutura sira ne&#8217;eb\u00e9 ezekuta husi MDRHC;<\/li>\n<li>Koordena ho departamentu governu respons\u00e1vel ba \u00e1rea finansas, elaborasaun no introdusaun iha sistema inform\u00e1tiku Planu Anu\u00e1l Atividade no Planu Aprovisiomentu MDRHC nian, hanesan m\u00f3s elaborasaun relat\u00f3riu no informasaun iha \u00e1rea planu atividade sira ne&#8217;eb\u00e9 sai kompet\u00e9nsia MDRHC nian.<\/li>\n<li>Efetua tarefa sira seluk ne&#8217;eb\u00e9 atribu\u00eddu liu husi lei, regulamentu ka determinasaun superior nian.<\/li>\n<\/ol>\n<p style=\"text-align: justify;\">Unidade Planeamentu, Monitorizasaun no Avaliasaun, hanesan ho Departamentu, no lidera husi Xefe Departamentu ida, ne&#8217;eb\u00e9 nomeadu bazeia ba rejime jur\u00eddiku kargu diresaun no xefia iha Administrasaun P\u00fablika nian.<\/p>\n<p>&nbsp;<\/p>\n<pre><strong><em>*RESOURCE:<\/em> <em>Diploma Ministerial N.\u00ba 18 \/2024 de 28 de Fevereiro Artigu 27.\u00ba Unidade Planeamentu, Monitorizasaun no Avaliasaun<\/em><\/strong><\/pre>\n<p>[\/vc_column_text][\/vc_column][\/vc_row]<\/p>\n<\/section>","protected":false},"excerpt":{"rendered":"<p>[vc_row][vc_column][vc_column_text] Unidade Planeamentu, Monitorizasaun no Avaliasaun mak servisu husi DNFPL ne&#8217;eb\u00e9 respons\u00e1vel ba planeamentu, monitorizasaun no avaliasaun ba atividade anuais husi MDRHC. Kabe ba Unidade Planeamentu, Monitorizasaun no Avaliasaun atu: Prepara no elabora, ho kolaborasaun husi servisu sira seluk, planu sira ba kurtu prazu, meiu no longu prazu, tuir konformidade ho Planu Estrat\u00e9jiku Dezenvolvimentu no [&hellip;]<\/p>\n","protected":false},"author":1,"featured_media":0,"parent":0,"menu_order":0,"comment_status":"closed","ping_status":"closed","template":"","meta":{"_FSMCFIC_featured_image_caption":"","_FSMCFIC_featured_image_nocaption":"","_FSMCFIC_featured_image_hide":"","footnotes":""},"class_list":["post-4954","page","type-page","status-publish","hentry"],"_links":{"self":[{"href":"https:\/\/mdrhc.gov.tl\/tl\/wp-json\/wp\/v2\/pages\/4954","targetHints":{"allow":["GET"]}}],"collection":[{"href":"https:\/\/mdrhc.gov.tl\/tl\/wp-json\/wp\/v2\/pages"}],"about":[{"href":"https:\/\/mdrhc.gov.tl\/tl\/wp-json\/wp\/v2\/types\/page"}],"author":[{"embeddable":true,"href":"https:\/\/mdrhc.gov.tl\/tl\/wp-json\/wp\/v2\/users\/1"}],"replies":[{"embeddable":true,"href":"https:\/\/mdrhc.gov.tl\/tl\/wp-json\/wp\/v2\/comments?post=4954"}],"version-history":[{"count":3,"href":"https:\/\/mdrhc.gov.tl\/tl\/wp-json\/wp\/v2\/pages\/4954\/revisions"}],"predecessor-version":[{"id":5424,"href":"https:\/\/mdrhc.gov.tl\/tl\/wp-json\/wp\/v2\/pages\/4954\/revisions\/5424"}],"wp:attachment":[{"href":"https:\/\/mdrhc.gov.tl\/tl\/wp-json\/wp\/v2\/media?parent=4954"}],"curies":[{"name":"wp","href":"https:\/\/api.w.org\/{rel}","templated":true}]}}