{"id":4957,"date":"2025-05-29T05:12:06","date_gmt":"2025-05-29T05:12:06","guid":{"rendered":"https:\/\/mdrhc.gov.tl\/tl\/?page_id=4957"},"modified":"2025-06-10T06:10:58","modified_gmt":"2025-06-10T06:10:58","slug":"departamento-de-koperasaun","status":"publish","type":"page","link":"https:\/\/mdrhc.gov.tl\/tl\/departamento-de-koperasaun\/","title":{"rendered":"Departamento de Koperasaun"},"content":{"rendered":"<section class=\"wpb-content-wrapper\"><p>[vc_row][vc_column][vc_column_text]<\/p>\n<p style=\"text-align: justify;\">Departamentu Kooperasaun, abreviadamente designadu hanesan DEC, mak servisu Unidade Parseria no Kooperasaun, ne&#8217;eb\u00e9 respons\u00e1vel ba tarefa sira kona-ba estabelesimentu relasaun institusion\u00e1l ho parseiru nasion\u00e1l no estranjeiru.<\/p>\n<p style=\"text-align: justify;\">Kabe ba DEC atu:<\/p>\n<ol style=\"text-align: justify;\">\n<li>Dezenvolve no asegura relasaun kooperasaun ho parseiru dezenvolvimentu, nasion\u00e1l ka internasion\u00e1l, ho koordenasaun hamutuk ho departamentu governu sira seluk;<\/li>\n<li>Asegura rekolha no tratamentu ba dadus husi instituisaun solidariedade sosial no husi benefisi\u00e1riu sira iha programa sosi\u00e1l ne\u2019eb\u00e9 implementa iha komunidade nia laran, no m\u00f3s rekolha dadus estat\u00edstiku sira kona-ba set\u00f3r solidariedade sosial nian, ho koordenasaun hamutuk ho departamentu governu ne\u2019eb\u00e9 iha kompet\u00e9nsia iha asuntus solidariedade sosial nian;<\/li>\n<li>Jere no mantein baze dadus atualizadu relasiona ho asaun no projetu dezenvolvimentu rural integradu ho servisu no minist\u00e9riu relevante sira seluk, atu halo kruzamentu ka cross referencing, sistematizasaun no kontrolu dadus relevante sira.<\/li>\n<li>Efetua tarefa sira seluk ne&#8217;eb\u00e9 atribu\u00eddu liu husi lei, regulamentu ka determinasaun superior nian.<\/li>\n<\/ol>\n<p style=\"text-align: justify;\">Departamentu Kooperasaun lidera husi Xefe Departamentu ida, ne&#8217;eb\u00e9 nomeadu bazeia ba rejime jur\u00eddiku ba kargu diresaun no xefia iha Administrasaun P\u00fablika nian.<\/p>\n<p>&nbsp;<\/p>\n<pre><strong><em>*RESOURCE: Diploma Ministerial N.\u00ba 18 \/2024 de 28 de Fevereiro Artigu 30.\u00ba Departamentu Kooperasaun<\/em><\/strong><\/pre>\n<p>[\/vc_column_text][\/vc_column][\/vc_row]<\/p>\n<\/section>","protected":false},"excerpt":{"rendered":"<p>[vc_row][vc_column][vc_column_text] Departamentu Kooperasaun, abreviadamente designadu hanesan DEC, mak servisu Unidade Parseria no Kooperasaun, ne&#8217;eb\u00e9 respons\u00e1vel ba tarefa sira kona-ba estabelesimentu relasaun institusion\u00e1l ho parseiru nasion\u00e1l no estranjeiru. Kabe ba DEC atu: Dezenvolve no asegura relasaun kooperasaun ho parseiru dezenvolvimentu, nasion\u00e1l ka internasion\u00e1l, ho koordenasaun hamutuk ho departamentu governu sira seluk; Asegura rekolha no tratamentu ba [&hellip;]<\/p>\n","protected":false},"author":1,"featured_media":0,"parent":0,"menu_order":0,"comment_status":"closed","ping_status":"closed","template":"","meta":{"_FSMCFIC_featured_image_caption":"","_FSMCFIC_featured_image_nocaption":"","_FSMCFIC_featured_image_hide":"","footnotes":""},"class_list":["post-4957","page","type-page","status-publish","hentry"],"_links":{"self":[{"href":"https:\/\/mdrhc.gov.tl\/tl\/wp-json\/wp\/v2\/pages\/4957","targetHints":{"allow":["GET"]}}],"collection":[{"href":"https:\/\/mdrhc.gov.tl\/tl\/wp-json\/wp\/v2\/pages"}],"about":[{"href":"https:\/\/mdrhc.gov.tl\/tl\/wp-json\/wp\/v2\/types\/page"}],"author":[{"embeddable":true,"href":"https:\/\/mdrhc.gov.tl\/tl\/wp-json\/wp\/v2\/users\/1"}],"replies":[{"embeddable":true,"href":"https:\/\/mdrhc.gov.tl\/tl\/wp-json\/wp\/v2\/comments?post=4957"}],"version-history":[{"count":3,"href":"https:\/\/mdrhc.gov.tl\/tl\/wp-json\/wp\/v2\/pages\/4957\/revisions"}],"predecessor-version":[{"id":5420,"href":"https:\/\/mdrhc.gov.tl\/tl\/wp-json\/wp\/v2\/pages\/4957\/revisions\/5420"}],"wp:attachment":[{"href":"https:\/\/mdrhc.gov.tl\/tl\/wp-json\/wp\/v2\/media?parent=4957"}],"curies":[{"name":"wp","href":"https:\/\/api.w.org\/{rel}","templated":true}]}}