{"id":4968,"date":"2025-05-29T05:20:33","date_gmt":"2025-05-29T05:20:33","guid":{"rendered":"https:\/\/mdrhc.gov.tl\/tl\/?page_id=4968"},"modified":"2025-06-10T04:24:22","modified_gmt":"2025-06-10T04:24:22","slug":"diresaun-nasional-de-politicas-de-dezenvolvimento-rural-integradu","status":"publish","type":"page","link":"https:\/\/mdrhc.gov.tl\/tl\/diresaun-nasional-de-politicas-de-dezenvolvimento-rural-integradu\/","title":{"rendered":"Diresaun Nasional de Politicas de Dezenvolvimento Rural Integradu"},"content":{"rendered":"<section class=\"wpb-content-wrapper\"><p>[vc_row][vc_column][vc_column_text]Diresaun Nasion\u00e1l Pol\u00edtika Dezenvolvimentu Rural Integradu, abreviadamente dezignadu ho DNPDRI, servisu ida husi DGDR nian ne&#8217;eb\u00e9 iha responsabilidade:<\/p>\n<ol>\n<li>Propoin pol\u00edtika no estrat\u00e9jia ba dezenvolvimentu rural integradu;<\/li>\n<li>Halo planu, halo deze\u00f1u no propoin pol\u00edtika ba dezenvolvimentu rural integradu;<\/li>\n<li>Nulo\/laiha<\/li>\n<li>Dezenvolve no garante ezekusaun planu atividade anu\u00e1l bazeia ba pol\u00edtika no estrat\u00e9jia ne&#8217;eb\u00e9 hatudu iha leten;<\/li>\n<li>Asegura koordenasaun jer\u00e1l ba servisu sentr\u00e1l sira ne\u2019eb\u00e9 iha relasaun ba asaun ba dezenvolvimentu rural integradu;<\/li>\n<li>Partisipa iha formulasaun medida pol\u00edtika orsamental ba \u00e1rea interven\u00e7\u00e3o hirak ne\u2019eb\u00e9 relevante;<\/li>\n<li>Propoin enkuadramentu regulador ba set\u00f3r dezenvolvimentu rural, ho koordenasaun hamutuk ho departamentu governu ne&#8217;eb\u00e9 respons\u00e1vel ba apoiu organizasaun komunit\u00e1ria lokal;<\/li>\n<li>Promove no dezenvolve estudu no peskiza iha \u00e1rea dezenvolvimentu rural integradu;<\/li>\n<li>Estimula dezenvolvimentu rural integradu, asosiasaun no kooperativismu iha area rural, ho koordenasaun hamutuk ho Sekret\u00e1riu Estadu ba Kooperativa;<\/li>\n<li>Promove uzu rasion\u00e1l no sustent\u00e1vel ba rekursu natur\u00e1l, iha estrutura kontrolu ekoj\u00edjika, biodiversidade no defenza ba norma ambient\u00e1l ne&#8217;eb\u00e9 defini husi estrutura kompetente, ho koordenasaun hamutuk ho departamentu governu ne&#8217;eb\u00e9 respons\u00e1vel ba \u00e1rea ambient\u00e1l;<\/li>\n<li>Promove, koordena no ezekuta asaun apoiu ba dezenvolvimentu komunidade no ekonomia rural, ho koordenasaun hamutuk ho entidade sira seluk ne&#8217;eb\u00e9 kompetente;<\/li>\n<li>Garante implementasaun Programa Movimentu Hafoun Aldeia, iha koordenasaun hamutuk ho servisu kompetente husi departamentu governu nian ne\u2019eb\u00e9 relevante;<\/li>\n<li>Ezerse tan tarefa sira seluk ne&#8217;eb\u00e9 atribui hosi liu husi lejizlasaun, regulamentu ka determinasaun superior nian.<\/li>\n<\/ol>\n<p>DNPDRI lidera hosi Diretor nasion\u00e1l, subordinadu hier\u00e1rkikamente ba Diresaun Jer\u00e1l Dezenvolvimentu Rural, ne&#8217;eb\u00e9 nomeia tuir termu rejime legal ba kargu diresaun no xefia Administrasaun P\u00fablika nian.<\/p>\n<p>&nbsp;<\/p>\n<pre><strong><em>*RESOURCE: DECRETO-LEI N.\u00ba 67\/2023 de 14 de Setembro Artigu 11 Diret\u00f3r Nasion\u00e1l Pol\u00edtika Dezenvolvimentu Rural Integradu<\/em><\/strong><\/pre>\n<p>[\/vc_column_text][\/vc_column][\/vc_row]<\/p>\n<\/section>","protected":false},"excerpt":{"rendered":"<p>[vc_row][vc_column][vc_column_text]Diresaun Nasion\u00e1l Pol\u00edtika Dezenvolvimentu Rural Integradu, abreviadamente dezignadu ho DNPDRI, servisu ida husi DGDR nian ne&#8217;eb\u00e9 iha responsabilidade: Propoin pol\u00edtika no estrat\u00e9jia ba dezenvolvimentu rural integradu; Halo planu, halo deze\u00f1u no propoin pol\u00edtika ba dezenvolvimentu rural integradu; Nulo\/laiha Dezenvolve no garante ezekusaun planu atividade anu\u00e1l bazeia ba pol\u00edtika no estrat\u00e9jia ne&#8217;eb\u00e9 hatudu iha leten; Asegura [&hellip;]<\/p>\n","protected":false},"author":1,"featured_media":0,"parent":0,"menu_order":0,"comment_status":"closed","ping_status":"closed","template":"","meta":{"_FSMCFIC_featured_image_caption":"","_FSMCFIC_featured_image_nocaption":"","_FSMCFIC_featured_image_hide":"","footnotes":""},"class_list":["post-4968","page","type-page","status-publish","hentry"],"_links":{"self":[{"href":"https:\/\/mdrhc.gov.tl\/tl\/wp-json\/wp\/v2\/pages\/4968","targetHints":{"allow":["GET"]}}],"collection":[{"href":"https:\/\/mdrhc.gov.tl\/tl\/wp-json\/wp\/v2\/pages"}],"about":[{"href":"https:\/\/mdrhc.gov.tl\/tl\/wp-json\/wp\/v2\/types\/page"}],"author":[{"embeddable":true,"href":"https:\/\/mdrhc.gov.tl\/tl\/wp-json\/wp\/v2\/users\/1"}],"replies":[{"embeddable":true,"href":"https:\/\/mdrhc.gov.tl\/tl\/wp-json\/wp\/v2\/comments?post=4968"}],"version-history":[{"count":4,"href":"https:\/\/mdrhc.gov.tl\/tl\/wp-json\/wp\/v2\/pages\/4968\/revisions"}],"predecessor-version":[{"id":5388,"href":"https:\/\/mdrhc.gov.tl\/tl\/wp-json\/wp\/v2\/pages\/4968\/revisions\/5388"}],"wp:attachment":[{"href":"https:\/\/mdrhc.gov.tl\/tl\/wp-json\/wp\/v2\/media?parent=4968"}],"curies":[{"name":"wp","href":"https:\/\/api.w.org\/{rel}","templated":true}]}}