{"id":4970,"date":"2025-05-29T05:20:34","date_gmt":"2025-05-29T05:20:34","guid":{"rendered":"https:\/\/mdrhc.gov.tl\/tl\/?page_id=4970"},"modified":"2025-06-10T04:27:10","modified_gmt":"2025-06-10T04:27:10","slug":"diresaun-nasional-de-infraestruturas-rurais","status":"publish","type":"page","link":"https:\/\/mdrhc.gov.tl\/tl\/diresaun-nasional-de-infraestruturas-rurais\/","title":{"rendered":"Diresaun Nasional de Infraestruturas Rurais"},"content":{"rendered":"<section class=\"wpb-content-wrapper\"><p>[vc_row][vc_column][vc_column_text]<\/p>\n<p style=\"text-align: justify;\">Diresaun Nasion\u00e1l Infraestrutura Rural, abreviadamente ho DNIR, mak servisu husi DGDR nian ne&#8217;eb\u00e9 iha tarefa atu:<\/p>\n<ol style=\"text-align: justify;\">\n<li>Dezenvolve, propoin, no garante implementasaun pol\u00edtika no estrat\u00e9jia ba dezenvolvimentu infraestrutura rural, ho koordenasaun hamutuk ho entidade sira seluk ne&#8217;eb\u00e9 kompetente;<\/li>\n<li>Dezenvolve no garante ezekusaun planu atividade anu\u00e1l no plurianual ba dezenvolvimentu no hadia infraestrutura rural, ho koordenasaun hamutuk ho komunidade lokal sira no ho entidade sira seluk ne&#8217;eb\u00e9 kompetente;<\/li>\n<li>Estuda proposta projetu ne&#8217;eb\u00e9 apresenta husi aldeia sira ba finansiamentu Programa Movimentu Hafoun Aldeia no emiti parser ka opiniaun kona-ba viabilidade no komplementaridade relasiona ho programa governu sira seluk;<\/li>\n<li>Koordena projetu sira ne&#8217;eb\u00e9 sei implementa husi aldeia sira, atu evita duplikasaun atividade;<\/li>\n<li>Fornese apoiu t\u00e9kniku, liu husi servisu Munis\u00edpiu no lok\u00e1l ne&#8217;eb\u00e9 kompetente iha atividade ne&#8217;eb\u00e9 sei implementa iha aldeia;<\/li>\n<li>Supervisiona, ho koordenasaun hamutuk ho servisu Munis\u00edpiu no lok\u00e1l ne&#8217;eb\u00e9 kompetente iha atividade ne&#8217;eb\u00e9 sei implementa, ba ezekusaun programa ne&#8217;eb\u00e9 di&#8217;ak;<\/li>\n<li>Formula no apresenta ba membru Governu ne&#8217;eb\u00e9 respons\u00e1vel ba dezenvolvimentu rural parser ka opiniaun fundamentadu kona-ba kumprimentu kontratu subvensaun ne&#8217;eb\u00e9 asinadu iha enquadramentu Programa Movimentu Hafoun Aldeia;<\/li>\n<li>Partisipa iha negosiasaun ba asinatura akordu entre Minist\u00e9riu Dezenvolvimentu Rural no Habitasuan Komunit\u00e1ria ho instituisaun sira p\u00fabliku no privadu seluk, asegura implementasaun no monitorizasaun;<\/li>\n<li>Propoin, ho koordenasaun hamutuk ho servisu sira seluk, ba asaun priorit\u00e1riu sira ne\u2019eb\u00e9 ho impaktu boot ba zona rural;<\/li>\n<li>Asegura hodi realiza avaliasaun kompletu kona-ba nesesidade infraestrutura rural, hanesan estrada, ponte, forneseamentu bee, saneamentu, eletrifikasaun entre seluk tan, liu hosi koordenasaun ho departamentu governu ne&#8217;eb\u00e9 respons\u00e1vel ba obras p\u00fablika;<\/li>\n<li>Prepara dokumentasaun detalhadu ba projetu, espesifikasaun no deze\u00f1u engenharia, ho kolaborasaun hamutuk ho entidade sira ne\u2019eb\u00e9 kompetente;<\/li>\n<li>Koopera ho entidade p\u00fabliku ka privadu, iha \u00e1mbitu sistema protesaun ba komunidade rural sira ne&#8217;eb\u00e9 afetadu husi kalamidade ka dizastre;<\/li>\n<li>Analiza no emiti pareser ka opiniaun kona-ba projetu sira ne&#8217;eb\u00e9 submete ba finansiamentu rural, ho koordenasaun hamutuk ho entidade sira seluk ne&#8217;eb\u00e9 kompetente;<\/li>\n<li>Promove no koopera ho unidade sira seluk husi Minist\u00e9riu no ho komunidade lokal sira iha identifikasaun, avaliasaun, no implementasaun programa dezenvolvimentu infraestrutura rural.<\/li>\n<li>Exerse tarefa seluk ne&#8217;eb\u00e9 atribu\u00eddu ona liu husi lei, regulamentu ka determinasaun superior nian.<\/li>\n<\/ol>\n<p style=\"text-align: justify;\">Diresaun Nasion\u00e1l Infraestrutura Rural dirije husi diretor nasion\u00e1l, ne&#8217;eb\u00e9 subordinadu iha hierarkia baDiresaunJeral Dezenvolvimentu Rural nian, nomeadu tuir termus regulamentu ka rejime kargu sira ba diresaun no xefia iha Administrasaun P\u00fablika<\/p>\n<p>&nbsp;<\/p>\n<pre><strong><em>*RESOURCE: DECRETO-LEI N.\u00ba 67\/2023 de 14 de Setembro Artigo 5.o Departamentu Estudu Peskiza<\/em><\/strong><\/pre>\n<p>[\/vc_column_text][\/vc_column][\/vc_row]<\/p>\n<\/section>","protected":false},"excerpt":{"rendered":"<p>[vc_row][vc_column][vc_column_text] Diresaun Nasion\u00e1l Infraestrutura Rural, abreviadamente ho DNIR, mak servisu husi DGDR nian ne&#8217;eb\u00e9 iha tarefa atu: Dezenvolve, propoin, no garante implementasaun pol\u00edtika no estrat\u00e9jia ba dezenvolvimentu infraestrutura rural, ho koordenasaun hamutuk ho entidade sira seluk ne&#8217;eb\u00e9 kompetente; Dezenvolve no garante ezekusaun planu atividade anu\u00e1l no plurianual ba dezenvolvimentu no hadia infraestrutura rural, ho koordenasaun [&hellip;]<\/p>\n","protected":false},"author":1,"featured_media":0,"parent":0,"menu_order":0,"comment_status":"closed","ping_status":"closed","template":"","meta":{"_FSMCFIC_featured_image_caption":"","_FSMCFIC_featured_image_nocaption":"","_FSMCFIC_featured_image_hide":"","footnotes":""},"class_list":["post-4970","page","type-page","status-publish","hentry"],"_links":{"self":[{"href":"https:\/\/mdrhc.gov.tl\/tl\/wp-json\/wp\/v2\/pages\/4970","targetHints":{"allow":["GET"]}}],"collection":[{"href":"https:\/\/mdrhc.gov.tl\/tl\/wp-json\/wp\/v2\/pages"}],"about":[{"href":"https:\/\/mdrhc.gov.tl\/tl\/wp-json\/wp\/v2\/types\/page"}],"author":[{"embeddable":true,"href":"https:\/\/mdrhc.gov.tl\/tl\/wp-json\/wp\/v2\/users\/1"}],"replies":[{"embeddable":true,"href":"https:\/\/mdrhc.gov.tl\/tl\/wp-json\/wp\/v2\/comments?post=4970"}],"version-history":[{"count":3,"href":"https:\/\/mdrhc.gov.tl\/tl\/wp-json\/wp\/v2\/pages\/4970\/revisions"}],"predecessor-version":[{"id":5389,"href":"https:\/\/mdrhc.gov.tl\/tl\/wp-json\/wp\/v2\/pages\/4970\/revisions\/5389"}],"wp:attachment":[{"href":"https:\/\/mdrhc.gov.tl\/tl\/wp-json\/wp\/v2\/media?parent=4970"}],"curies":[{"name":"wp","href":"https:\/\/api.w.org\/{rel}","templated":true}]}}