{"id":4993,"date":"2025-05-29T05:35:22","date_gmt":"2025-05-29T05:35:22","guid":{"rendered":"https:\/\/mdrhc.gov.tl\/tl\/?page_id=4993"},"modified":"2025-06-10T05:51:37","modified_gmt":"2025-06-10T05:51:37","slug":"departamento-de-planeamentu-de-infraestruturas-rurais","status":"publish","type":"page","link":"https:\/\/mdrhc.gov.tl\/tl\/departamento-de-planeamentu-de-infraestruturas-rurais\/","title":{"rendered":"Departamento de Planeamentu de Infraestruturas Rurais"},"content":{"rendered":"<section class=\"wpb-content-wrapper\"><p>[vc_row][vc_column][vc_column_text]<\/p>\n<p style=\"text-align: justify;\">Departamentu Planeamentu Infraestruturas Rurais mak servisu DNIR ne&#8217;eb\u00e9 respons\u00e1vel ba an\u00e1lize no planeamentu proposta infraestrutura rurais nian.<\/p>\n<p style=\"text-align: justify;\">Kabe ba Departamentu Planeamentu Infraestruturas Rurais atu:<\/p>\n<ol style=\"text-align: justify;\">\n<li>Elabora no implementa planu estrat\u00e9jiku atu garantia funsionamentu di&#8217;ak ba Departamentu, nune\u2019e tenke estabelese objetivu klaru, metas ho prazu ne\u2019eb\u00e9 definidu no tenke aprova husi Diretor DNIR;<\/li>\n<li>Dezenvolve no implementa planu ho proposta orsamentu internu atu aprezenta no aprova husi Diretor DNIR;<\/li>\n<li>Koordena projetu sira ne\u2019eb\u00e9 atu implementa iha suku, nune\u2019e evita duplikasaun atividade sira;<\/li>\n<li>Fornese apoiu t\u00e9kniku, liu husi servisu munisip\u00e1l no lokal sira kompetente ho razaun ba atividades sira ne\u2019eb\u00e9 atu implementa iha suku;<\/li>\n<li>Kria mekanizmu komunikasaun ho servisu sentr\u00e1l, munisip\u00e1l, organizasaun komunit\u00e1ria lokal, no parseiru sira dezenvolvimentu nian, atu fasilita apoiu t\u00e9kniku ne\u2019eb\u00e9 mak atu fornese ba;<\/li>\n<li>Supervisiona ho koordenasaun hamutuk ho servisu munisip\u00e1l no lokal sira kompetente ba atividades sira atu asegura implementasaun di&#8217;ak tuir programa nian;<\/li>\n<li>Elabora pareser fundamentadu kona-ba kumprimentu kontratu subvensaun ne&#8217;eb\u00e9 hala&#8217;o tuir knar ba Programa Dezenvolvimentu Rural;<\/li>\n<li>Assegura atu realiza avaliasaun kona-ba nesesidade infrastrutura rural, liuhusi estrada, ponte, fornesimentu bee, saneamentu, eletrifikasaun entre seluk tan, ho koordenasaun hamutuk ho departamentu governu ne&#8217;eb\u00e9 respons\u00e1vel ba obras p\u00fablika;<\/li>\n<li>Prepara dokumentasaun detalhadu projetu nian, espesifikasaun no dese\u00f1u engenharia nian, ho kolaborasaun hamutuk ho entidade sira ne\u2019eb\u00e9 kompetentes;<\/li>\n<li>Analiza no emiti pareser kona-ba projetu sira ne&#8217;eb\u00e9 submete ba finansiamentu rural, ho koordenasaun hamutuk ho entidade sira ne\u2019eb\u00e9 kompetentes;<\/li>\n<li>Promove no kolabora ho unidade sira seluk iha Minist\u00e9riu no komunidade lokal sira iha identifikasaun, avaliasaun no implementasaun programa dezenvolvimentu infraestrutura rural nian;<\/li>\n<li>Elabora proposta kuadru pessoal Departamentu nian, asegura identifikasaun funsaun espes\u00edfiku funsion\u00e1riu sira ne\u2019eb\u00e9 iha Departamentu nia laran, hodi kumpri no respeitu ba planu orsament\u00e1l internu nian;<\/li>\n<li>m) Elabora dokumentu sira ne&#8217;eb\u00e9 neses\u00e1riu, iha \u00e2mbitu jestaun administrasaun p\u00fablika, atu asegura funsionamentu regular no efetivu Departamentu nian;<\/li>\n<li>n) Hala&#8217;o tarefa sira seluk ne&#8217;eb\u00e9 atribu\u00eddu liu husi lei, regulamentu, ka determinasaun superior nian.<\/li>\n<\/ol>\n<p style=\"text-align: justify;\">Departamentu Planeamentu Infraestrutura Rural nian l\u00eddera husi Xefi Departamentu ida, nomeadu tuir termu r\u00e9jime jur\u00eddiku kargu diresaun no xefia Administrasaun P\u00fablika nian.<\/p>\n<p>&nbsp;<\/p>\n<pre><strong><em>*RESOURCE:\u00a0 Diploma Ministerial N.\u00ba 18 \/2024 de 28 de Fevereiro Artigu 8.o Departamentu Planeamentu Infraestruturas Rurais<\/em><\/strong><\/pre>\n<p>[\/vc_column_text][\/vc_column][\/vc_row]<\/p>\n<\/section>","protected":false},"excerpt":{"rendered":"<p>[vc_row][vc_column][vc_column_text] Departamentu Planeamentu Infraestruturas Rurais mak servisu DNIR ne&#8217;eb\u00e9 respons\u00e1vel ba an\u00e1lize no planeamentu proposta infraestrutura rurais nian. Kabe ba Departamentu Planeamentu Infraestruturas Rurais atu: Elabora no implementa planu estrat\u00e9jiku atu garantia funsionamentu di&#8217;ak ba Departamentu, nune\u2019e tenke estabelese objetivu klaru, metas ho prazu ne\u2019eb\u00e9 definidu no tenke aprova husi Diretor DNIR; Dezenvolve no implementa [&hellip;]<\/p>\n","protected":false},"author":1,"featured_media":0,"parent":0,"menu_order":0,"comment_status":"closed","ping_status":"closed","template":"","meta":{"_FSMCFIC_featured_image_caption":"","_FSMCFIC_featured_image_nocaption":"","_FSMCFIC_featured_image_hide":"","footnotes":""},"class_list":["post-4993","page","type-page","status-publish","hentry"],"_links":{"self":[{"href":"https:\/\/mdrhc.gov.tl\/tl\/wp-json\/wp\/v2\/pages\/4993","targetHints":{"allow":["GET"]}}],"collection":[{"href":"https:\/\/mdrhc.gov.tl\/tl\/wp-json\/wp\/v2\/pages"}],"about":[{"href":"https:\/\/mdrhc.gov.tl\/tl\/wp-json\/wp\/v2\/types\/page"}],"author":[{"embeddable":true,"href":"https:\/\/mdrhc.gov.tl\/tl\/wp-json\/wp\/v2\/users\/1"}],"replies":[{"embeddable":true,"href":"https:\/\/mdrhc.gov.tl\/tl\/wp-json\/wp\/v2\/comments?post=4993"}],"version-history":[{"count":3,"href":"https:\/\/mdrhc.gov.tl\/tl\/wp-json\/wp\/v2\/pages\/4993\/revisions"}],"predecessor-version":[{"id":5416,"href":"https:\/\/mdrhc.gov.tl\/tl\/wp-json\/wp\/v2\/pages\/4993\/revisions\/5416"}],"wp:attachment":[{"href":"https:\/\/mdrhc.gov.tl\/tl\/wp-json\/wp\/v2\/media?parent=4993"}],"curies":[{"name":"wp","href":"https:\/\/api.w.org\/{rel}","templated":true}]}}