{"id":5006,"date":"2025-05-29T05:50:23","date_gmt":"2025-05-29T05:50:23","guid":{"rendered":"https:\/\/mdrhc.gov.tl\/tl\/?page_id=5006"},"modified":"2025-06-10T05:48:35","modified_gmt":"2025-06-10T05:48:35","slug":"departamento-de-promosaun-e-inovasaun","status":"publish","type":"page","link":"https:\/\/mdrhc.gov.tl\/tl\/departamento-de-promosaun-e-inovasaun\/","title":{"rendered":"Departamento de Promosaun e Inovasaun"},"content":{"rendered":"<section class=\"wpb-content-wrapper\"><p>[vc_row][vc_column][vc_column_text]<\/p>\n<p style=\"text-align: justify;\">Departamentu Promosaun no Inovasaun nudar servisu husi DNIPC ne&#8217;eb\u00e9 respons\u00e1vel ba dezenvolvimentu medidas inovasaun iha \u00e1rea hotu-hotu dezenvolvimentu rural nian.<\/p>\n<p style=\"text-align: justify;\">Kompetensia ba Departamentu Promosaun no Inovasaun atu:<\/p>\n<ol style=\"text-align: justify;\">\n<li>Elabora no implementa planu estrat\u00e9jiku ba funsionamentu di&#8217;ak Departamentu nian, ne&#8217;eb\u00e9 tenke estabelese objetivu klaru, metas ho prazu definidu no tenke aprova husi Diret\u00f3r DNIPF;<\/li>\n<li>Elabora no implementa planu ho proposta orsamentu internu atu aprezenta no aprova husi Diret\u00f3r DNIPF;<\/li>\n<li>Dezenvolve, propoin no garante implementasaun estrat\u00e9jia ba dezenvolvimentu inovasaun iha \u00e1rea hotu dezenvolvimentu rural nian;<\/li>\n<li>Assegura realizasaun atividade sira ne&#8217;eb\u00e9 presiza atu implementa inklui ezekusaun planu atividade anu\u00e1l ne&#8217;eb\u00e9 direta ba inovasaun no promosaun ba dezenvolvimentu rural integradu;<\/li>\n<li>Estuda solusaun inovativu, ne&#8217;eb\u00e9 fasil ho aplikasaun, ho rezultadu di&#8217;ak no fasil aplika iha \u00e1rea sira dezenvolvimentu rural nian;<\/li>\n<li>Estimula, ho partisipasaun komunit\u00e1ria, surjimentu no dezenvolvimentu esp\u00edritu empreendedorismu iha meiu ka \u00e1mbitu rural nian, espesi\u00e1lmente unidade ki&#8217;ik sira ne&#8217;eb\u00e9 prod\u00fas rendimentu, hodi garante sustentabilidade esplorasaun rekursu naturais ne&#8217;eb\u00e9 disp\u00f3n\u00edvel;<\/li>\n<li>Kria mekanizmu komunikasaun ho servisu sentr\u00e1l, munis\u00edpiu, organisasaun komunit\u00e1ria lok\u00e1l no parseiru dezenvolvimentu, hodi implementa medida inovasaun;<\/li>\n<li>Dezenvolve proposta kona-ba kuadru pessoal Departamentu nian, asegura identifikasaun funsaun espes\u00edfiku hosi funsion\u00e1riu iha Departamentu ne\u2019e nia laran, hodi kumpri no respeitu ba planu orsamentu internu nian;<\/li>\n<li>Elabora dokumentu sira ne&#8217;eb\u00e9 presiza, iha \u00e2mbitu jestaun administrasaun p\u00fablika, atu asegura funsionamentu regul\u00e1r no efetivu Departamentu nian; Exerse servisu seluk ne&#8217;eb\u00e9 atribu\u00eddu husi lei, regulamentu ka desizaun superior nian.<\/li>\n<\/ol>\n<p style=\"text-align: justify;\">Departamentu Promosaun no Inovasaun lidera husi Xefi Departamentu ida, nomeadu tuir termus rejime jur\u00eddiku ba kargu diresaun no xefia administrasaun p\u00fablika nian.<\/p>\n<p>&nbsp;<\/p>\n<pre><strong><em>*RESOURCE: Diploma Ministerial N.\u00ba 18 \/2024 de 28 de Fevereiro Artigu 9.\u00ba Departamentu Promosaun no Inovasaun<\/em><\/strong><\/pre>\n<p>[\/vc_column_text][\/vc_column][\/vc_row]<\/p>\n<\/section>","protected":false},"excerpt":{"rendered":"<p>[vc_row][vc_column][vc_column_text] Departamentu Promosaun no Inovasaun nudar servisu husi DNIPC ne&#8217;eb\u00e9 respons\u00e1vel ba dezenvolvimentu medidas inovasaun iha \u00e1rea hotu-hotu dezenvolvimentu rural nian. Kompetensia ba Departamentu Promosaun no Inovasaun atu: Elabora no implementa planu estrat\u00e9jiku ba funsionamentu di&#8217;ak Departamentu nian, ne&#8217;eb\u00e9 tenke estabelese objetivu klaru, metas ho prazu definidu no tenke aprova husi Diret\u00f3r DNIPF; Elabora no [&hellip;]<\/p>\n","protected":false},"author":1,"featured_media":0,"parent":0,"menu_order":0,"comment_status":"closed","ping_status":"closed","template":"","meta":{"_FSMCFIC_featured_image_caption":"","_FSMCFIC_featured_image_nocaption":"","_FSMCFIC_featured_image_hide":"","footnotes":""},"class_list":["post-5006","page","type-page","status-publish","hentry"],"_links":{"self":[{"href":"https:\/\/mdrhc.gov.tl\/tl\/wp-json\/wp\/v2\/pages\/5006","targetHints":{"allow":["GET"]}}],"collection":[{"href":"https:\/\/mdrhc.gov.tl\/tl\/wp-json\/wp\/v2\/pages"}],"about":[{"href":"https:\/\/mdrhc.gov.tl\/tl\/wp-json\/wp\/v2\/types\/page"}],"author":[{"embeddable":true,"href":"https:\/\/mdrhc.gov.tl\/tl\/wp-json\/wp\/v2\/users\/1"}],"replies":[{"embeddable":true,"href":"https:\/\/mdrhc.gov.tl\/tl\/wp-json\/wp\/v2\/comments?post=5006"}],"version-history":[{"count":3,"href":"https:\/\/mdrhc.gov.tl\/tl\/wp-json\/wp\/v2\/pages\/5006\/revisions"}],"predecessor-version":[{"id":5415,"href":"https:\/\/mdrhc.gov.tl\/tl\/wp-json\/wp\/v2\/pages\/5006\/revisions\/5415"}],"wp:attachment":[{"href":"https:\/\/mdrhc.gov.tl\/tl\/wp-json\/wp\/v2\/media?parent=5006"}],"curies":[{"name":"wp","href":"https:\/\/api.w.org\/{rel}","templated":true}]}}