{"id":5020,"date":"2025-05-29T05:57:23","date_gmt":"2025-05-29T05:57:23","guid":{"rendered":"https:\/\/mdrhc.gov.tl\/tl\/?page_id=5020"},"modified":"2025-06-10T04:36:36","modified_gmt":"2025-06-10T04:36:36","slug":"dirasaun-nasional-desenvolimento-habitasaun-komunitaria","status":"publish","type":"page","link":"https:\/\/mdrhc.gov.tl\/tl\/dirasaun-nasional-desenvolimento-habitasaun-komunitaria\/","title":{"rendered":"Dirasaun Nasional desenvolimento Habitasaun Komunitaria"},"content":{"rendered":"<section class=\"wpb-content-wrapper\"><p>[vc_row][vc_column][vc_column_text]. Diresaun Nasion\u00e1l ba Dezenvolvimentu Habitasaun Komunit\u00e1ria mak servisu husi DGHC ne&#8217;eb\u00e9 respons\u00e1vel hodi:<\/p>\n<ol>\n<li>Implementa no ezekuta programa sira ba Habitasaun Komunit\u00e1ria, liuliu iha konstrusaun ba moradia ka hela fatin ba ema sira ho rendimentu ki&#8217;ik ka m\u00e9diu, liu hosi koordenasaun hamutuk ho departamentu governu relevantes;<\/li>\n<li>Reabilita moradia ka hela fatin sira ne&#8217;eb\u00e9 mensiona iha al\u00ednea anterior;<\/li>\n<li>Ezekuta tarefas seluk ne&#8217;eb\u00e9 atribu\u00eddu husi lei, regulamentu ka desizaun superior nian.Diresaun Nasion\u00e1l ba Dezenvolvimentu<\/li>\n<\/ol>\n<p>Habitasaun mak lidera husi diretor nasion\u00e1l ida, subordinadu iha hierarkia ba Diresaun Jer\u00e1l ba Habitasaun, no nomeia liu husi rejime jur\u00eddiku ba kargu sira ba diretor no xefia iha Administrasaun P\u00fablika.<\/p>\n<p>&nbsp;<\/p>\n<pre><strong><em>*RESOURSE: DECRETO-LEI N.\u00ba 67\/2023 de 14 de Setembro Artigu 16.\u00ba Diresaun Nasion\u00e1l ba Dezenvolvimentu Habitasaun Komunit\u00e1ria<\/em><\/strong><\/pre>\n<p>[\/vc_column_text][\/vc_column][\/vc_row]<\/p>\n<\/section>","protected":false},"excerpt":{"rendered":"<p>[vc_row][vc_column][vc_column_text]. Diresaun Nasion\u00e1l ba Dezenvolvimentu Habitasaun Komunit\u00e1ria mak servisu husi DGHC ne&#8217;eb\u00e9 respons\u00e1vel hodi: Implementa no ezekuta programa sira ba Habitasaun Komunit\u00e1ria, liuliu iha konstrusaun ba moradia ka hela fatin ba ema sira ho rendimentu ki&#8217;ik ka m\u00e9diu, liu hosi koordenasaun hamutuk ho departamentu governu relevantes; Reabilita moradia ka hela fatin sira ne&#8217;eb\u00e9 mensiona iha [&hellip;]<\/p>\n","protected":false},"author":1,"featured_media":0,"parent":0,"menu_order":0,"comment_status":"closed","ping_status":"closed","template":"","meta":{"_FSMCFIC_featured_image_caption":"","_FSMCFIC_featured_image_nocaption":"","_FSMCFIC_featured_image_hide":"","footnotes":""},"class_list":["post-5020","page","type-page","status-publish","hentry"],"_links":{"self":[{"href":"https:\/\/mdrhc.gov.tl\/tl\/wp-json\/wp\/v2\/pages\/5020","targetHints":{"allow":["GET"]}}],"collection":[{"href":"https:\/\/mdrhc.gov.tl\/tl\/wp-json\/wp\/v2\/pages"}],"about":[{"href":"https:\/\/mdrhc.gov.tl\/tl\/wp-json\/wp\/v2\/types\/page"}],"author":[{"embeddable":true,"href":"https:\/\/mdrhc.gov.tl\/tl\/wp-json\/wp\/v2\/users\/1"}],"replies":[{"embeddable":true,"href":"https:\/\/mdrhc.gov.tl\/tl\/wp-json\/wp\/v2\/comments?post=5020"}],"version-history":[{"count":3,"href":"https:\/\/mdrhc.gov.tl\/tl\/wp-json\/wp\/v2\/pages\/5020\/revisions"}],"predecessor-version":[{"id":5393,"href":"https:\/\/mdrhc.gov.tl\/tl\/wp-json\/wp\/v2\/pages\/5020\/revisions\/5393"}],"wp:attachment":[{"href":"https:\/\/mdrhc.gov.tl\/tl\/wp-json\/wp\/v2\/media?parent=5020"}],"curies":[{"name":"wp","href":"https:\/\/api.w.org\/{rel}","templated":true}]}}