{"id":5021,"date":"2025-05-29T05:57:23","date_gmt":"2025-05-29T05:57:23","guid":{"rendered":"https:\/\/mdrhc.gov.tl\/tl\/?page_id=5021"},"modified":"2025-06-10T04:38:06","modified_gmt":"2025-06-10T04:38:06","slug":"dirasaun-nasional-de-kontrolu-kualidade-da-habitasaun","status":"publish","type":"page","link":"https:\/\/mdrhc.gov.tl\/tl\/dirasaun-nasional-de-kontrolu-kualidade-da-habitasaun\/","title":{"rendered":"Dirasaun Nasional de Kontrolu Kualidade da Habitasaun"},"content":{"rendered":"<section class=\"wpb-content-wrapper\"><p>[vc_row][vc_column][vc_column_text]Diresaun Nasion\u00e1l ba Kontrolu Kualidade ba Habitasaun mak servisu husi DGHC ne&#8217;eb\u00e9 respons\u00e1vel hodi:<\/p>\n<p>Diresaun Nasion\u00e1l ba Kontrolu Kualidade ba Habitasaun lidera husi diretor nasion\u00e1l, subordinadu iha hierarkia ba Diresaun Jer\u00e1l ba Habitasaun, no nomeia liu husi rejime jur\u00eddiku ba kargu sira ba diretor no xefia iha Administrasaun P\u00fablika.<\/p>\n<ol>\n<li>Kontrolu ba konstrusaun moradia ka hela fatin sira ne&#8217;eb\u00e9 mak sai responsabilidade Minist\u00e9riu nian;<\/li>\n<li>Halo inspesaun no kontrola ba materiais konstrusaun ne&#8217;eb\u00e9 uza iha konstrusaun ba hela fatin ka moradia inklui ba Planu no Programa ba Habitasaun Komunit\u00e1ria, ho koordenasaun hamutuk ho departamentu governu respons\u00e1vel ba \u00e1rea obras p\u00fablikas;<\/li>\n<li>Avalia konstrusaun sira iha programa ba Habitasaun komunit\u00e1ria, iha koordenasaun ho departamentu governu relevante;<\/li>\n<li>Ezekuta tarefas seluk ne&#8217;eb\u00e9 atribu\u00eddu husi lei, regulamentu ka desizaun superior nian.<\/li>\n<\/ol>\n<p>&nbsp;<\/p>\n<pre><strong><em>*RESOURSE: DECRETO-LEI N.\u00ba 67\/2023 de 14 de Setembro Artigu 17.\u00ba Diresaun Nasion\u00e1l ba Kontrolu Kualidade ba Habitasaun<\/em><\/strong><\/pre>\n<p>[\/vc_column_text][\/vc_column][\/vc_row]<\/p>\n<\/section>","protected":false},"excerpt":{"rendered":"<p>[vc_row][vc_column][vc_column_text]Diresaun Nasion\u00e1l ba Kontrolu Kualidade ba Habitasaun mak servisu husi DGHC ne&#8217;eb\u00e9 respons\u00e1vel hodi: Diresaun Nasion\u00e1l ba Kontrolu Kualidade ba Habitasaun lidera husi diretor nasion\u00e1l, subordinadu iha hierarkia ba Diresaun Jer\u00e1l ba Habitasaun, no nomeia liu husi rejime jur\u00eddiku ba kargu sira ba diretor no xefia iha Administrasaun P\u00fablika. Kontrolu ba konstrusaun moradia ka hela [&hellip;]<\/p>\n","protected":false},"author":1,"featured_media":0,"parent":0,"menu_order":0,"comment_status":"closed","ping_status":"closed","template":"","meta":{"_FSMCFIC_featured_image_caption":"","_FSMCFIC_featured_image_nocaption":"","_FSMCFIC_featured_image_hide":"","footnotes":""},"class_list":["post-5021","page","type-page","status-publish","hentry"],"_links":{"self":[{"href":"https:\/\/mdrhc.gov.tl\/tl\/wp-json\/wp\/v2\/pages\/5021","targetHints":{"allow":["GET"]}}],"collection":[{"href":"https:\/\/mdrhc.gov.tl\/tl\/wp-json\/wp\/v2\/pages"}],"about":[{"href":"https:\/\/mdrhc.gov.tl\/tl\/wp-json\/wp\/v2\/types\/page"}],"author":[{"embeddable":true,"href":"https:\/\/mdrhc.gov.tl\/tl\/wp-json\/wp\/v2\/users\/1"}],"replies":[{"embeddable":true,"href":"https:\/\/mdrhc.gov.tl\/tl\/wp-json\/wp\/v2\/comments?post=5021"}],"version-history":[{"count":3,"href":"https:\/\/mdrhc.gov.tl\/tl\/wp-json\/wp\/v2\/pages\/5021\/revisions"}],"predecessor-version":[{"id":5394,"href":"https:\/\/mdrhc.gov.tl\/tl\/wp-json\/wp\/v2\/pages\/5021\/revisions\/5394"}],"wp:attachment":[{"href":"https:\/\/mdrhc.gov.tl\/tl\/wp-json\/wp\/v2\/media?parent=5021"}],"curies":[{"name":"wp","href":"https:\/\/api.w.org\/{rel}","templated":true}]}}