{"id":5039,"date":"2025-05-29T06:02:28","date_gmt":"2025-05-29T06:02:28","guid":{"rendered":"https:\/\/mdrhc.gov.tl\/tl\/?page_id=5039"},"modified":"2025-06-10T05:33:32","modified_gmt":"2025-06-10T05:33:32","slug":"departamento-de-estudo-da-habitasaun-komunitaria","status":"publish","type":"page","link":"https:\/\/mdrhc.gov.tl\/tl\/departamento-de-estudo-da-habitasaun-komunitaria\/","title":{"rendered":"Departamento de Estudo da habitasaun Komunitaria"},"content":{"rendered":"<section class=\"wpb-content-wrapper\"><p>[vc_row][vc_column][vc_column_text]<\/p>\n<p style=\"text-align: justify;\">Departamentu Estudu Habitasaun Komunit\u00e1ria mak servisu DNPHC respons\u00e1vel ba estudu kona-ba Habitasaun Komunit\u00e1ria.<\/p>\n<p style=\"text-align: justify;\">Kompet\u00e9nsia Departamentu Estudu Habitasaun Komunit\u00e1ria mak atu:<\/p>\n<ol style=\"text-align: justify;\">\n<li>Elabora no implementa planu estrat\u00e9jiku atu Departamentu funsiona ho di&#8217;ak, nune\u2019e tenki estabelese objetivu klaru, metas ho prazu definidu no tenki hetan aprovasaun husi Diret\u00f3r DNPHC;<\/li>\n<li>Elabora no implementa planu ho proposta orsamentu internu atu aprezenta no hetan aprovasaun husi Diret\u00f3r DNPHC;<\/li>\n<li>Dezenvolve estudu no peskiza kona-ba habitasaun komunit\u00e1ria atu dezenvolve estrat\u00e9jia ba habitasaun iha terit\u00f3riu nasion\u00e1l tomak;<\/li>\n<li>Realiza planu estudu tekniku kona-ba habitasaun no an\u00e1lize projetu enjenhar\u00eda detalladu ho kolaborasaun hamutuk ho departamentu governu ne\u2019eb\u00e9 respons\u00e1vel ba \u00e1rea obras p\u00fablika;<\/li>\n<li>Dezenvolve estudu komparativu no apropriadu ba realidade Timor-Leste atu elabora Pol\u00edtika Nasional Habitasaun foun;<\/li>\n<li>Rekolla dadus no informasaun kona-ba estadu konservasaun habitasaun.<\/li>\n<li>Kria mekanizmu komunikasaun ho servisu sentr\u00e1l, munis\u00edpiu, organizasaun komunit\u00e1ria lokal no parseiru dezenvolvimentu, hodi implementa asaun sira relasiona ho peskiza dadus kona ba habitasaun nian;<\/li>\n<li>Elabora proposta ba kuadru pessoal Departamentu nian, asegura identifikasaun funsaun espes\u00edfiku ba funsion\u00e1riu sira iha Departamentu refere, hodi kumpri no respeitu ba planu orsamentu internu;<\/li>\n<li>Elabora dokumentus ne&#8217;eb\u00e9 presiza, iha \u00e1mbitu jestaun administrasaun p\u00fablika, atu asegura funsionamentu regular no efetivu ba Departamentu;<\/li>\n<li>Ezerse tarefa seluk sira ne&#8217;eb\u00e9 atribui liu husi lei, regulamentu, ka determinasaun superior nian.<\/li>\n<\/ol>\n<p style=\"text-align: justify;\">Departamentu Estudu Habitasaun Komunit\u00e1ria lidera husi Xefe Departamentu ida, ne&#8217;eb\u00e9 nomeadu tuir termu rejime jur\u00eddiku kargu diresaun no xefia Administrasaun P\u00fablika nian.<\/p>\n<p>&nbsp;<\/p>\n<pre><strong><em>*RESOURSE: Diploma Ministerial N.\u00ba 18 \/2024 de 28 de Fevereiro Artigu 14.o Departamentu Estudu Habitasaun Komunit\u00e1ria<\/em><\/strong><\/pre>\n<p>[\/vc_column_text][\/vc_column][\/vc_row]<\/p>\n<\/section>","protected":false},"excerpt":{"rendered":"<p>[vc_row][vc_column][vc_column_text] Departamentu Estudu Habitasaun Komunit\u00e1ria mak servisu DNPHC respons\u00e1vel ba estudu kona-ba Habitasaun Komunit\u00e1ria. Kompet\u00e9nsia Departamentu Estudu Habitasaun Komunit\u00e1ria mak atu: Elabora no implementa planu estrat\u00e9jiku atu Departamentu funsiona ho di&#8217;ak, nune\u2019e tenki estabelese objetivu klaru, metas ho prazu definidu no tenki hetan aprovasaun husi Diret\u00f3r DNPHC; Elabora no implementa planu ho proposta orsamentu internu [&hellip;]<\/p>\n","protected":false},"author":1,"featured_media":0,"parent":0,"menu_order":0,"comment_status":"closed","ping_status":"closed","template":"","meta":{"_FSMCFIC_featured_image_caption":"","_FSMCFIC_featured_image_nocaption":"","_FSMCFIC_featured_image_hide":"","footnotes":""},"class_list":["post-5039","page","type-page","status-publish","hentry"],"_links":{"self":[{"href":"https:\/\/mdrhc.gov.tl\/tl\/wp-json\/wp\/v2\/pages\/5039","targetHints":{"allow":["GET"]}}],"collection":[{"href":"https:\/\/mdrhc.gov.tl\/tl\/wp-json\/wp\/v2\/pages"}],"about":[{"href":"https:\/\/mdrhc.gov.tl\/tl\/wp-json\/wp\/v2\/types\/page"}],"author":[{"embeddable":true,"href":"https:\/\/mdrhc.gov.tl\/tl\/wp-json\/wp\/v2\/users\/1"}],"replies":[{"embeddable":true,"href":"https:\/\/mdrhc.gov.tl\/tl\/wp-json\/wp\/v2\/comments?post=5039"}],"version-history":[{"count":3,"href":"https:\/\/mdrhc.gov.tl\/tl\/wp-json\/wp\/v2\/pages\/5039\/revisions"}],"predecessor-version":[{"id":5412,"href":"https:\/\/mdrhc.gov.tl\/tl\/wp-json\/wp\/v2\/pages\/5039\/revisions\/5412"}],"wp:attachment":[{"href":"https:\/\/mdrhc.gov.tl\/tl\/wp-json\/wp\/v2\/media?parent=5039"}],"curies":[{"name":"wp","href":"https:\/\/api.w.org\/{rel}","templated":true}]}}