{"id":5043,"date":"2025-05-29T06:02:29","date_gmt":"2025-05-29T06:02:29","guid":{"rendered":"https:\/\/mdrhc.gov.tl\/tl\/?page_id=5043"},"modified":"2025-06-10T05:24:38","modified_gmt":"2025-06-10T05:24:38","slug":"departamento-de-analiza-da-sustentabilidade-dos-programas","status":"publish","type":"page","link":"https:\/\/mdrhc.gov.tl\/tl\/departamento-de-analiza-da-sustentabilidade-dos-programas\/","title":{"rendered":"Departamento de Analiza da Sustentabilidade dos Programas"},"content":{"rendered":"<section class=\"wpb-content-wrapper\"><p>[vc_row][vc_column][vc_column_text]<\/p>\n<p style=\"text-align: justify;\">Departamentu Analiza Sustentabilidade Programa nian hanesan servisu husi DNCQH respons\u00e1vel atu analiza sustentabilidade programa sira ba Habitasaun MDRHC nian.<\/p>\n<p style=\"text-align: justify;\">Departamentu Analiza Sustentabilidade Programa mak responsabiliza atu:<\/p>\n<ol style=\"text-align: justify;\">\n<li>Elabora no implementa planu estrat\u00e9jiku atu asegura funsionamentu di&#8217;ak ba Departamentu, nune\u2019e tenke estabelese objetivu klaru, metas ho prazu determinadu no tenki hetan aprovasaun husi Diret\u00f3r DNCQH nian;<\/li>\n<li>Elabora no implementa planu ho proposta orsamentu internu atu aprezenta no hetan aprovasaun husi Diret\u00f3r DNCQH nian;<\/li>\n<li>Kria no mant\u00e9n atualizadu baze dadus ho programa sira husi MDRHC nian;<\/li>\n<li>Jere programa habitasaun existente sira, inklui iha aspetu sosial no komersi\u00e1l, hodi analiza sira nia sustentabilidade no kontinuidade iha futuru;<\/li>\n<li>Akompa\u00f1a implementasaun programa sira;<\/li>\n<li>Koordena ho entidade p\u00fabliku no privadu atu kria programa foun;<\/li>\n<li>Kria mekanizmu komunikasaun ho departamentu governu relevante sira atu evita duplikasaun atividade no konkorda ho esforsu sira liu-liu iha konkretizasaun objetivu sira ne&#8217;e;<\/li>\n<li>Kria mekanizmu komunikasaun ho servisu sentr\u00e1l, munisip\u00e1l, organizasaun komunit\u00e1ria lok\u00e1l no parseiru dezenvolvimentu, atu fasilita implementasaun kompet\u00e9nsia Departamentu nian;<\/li>\n<li>Dezenvolve proposta ba kuadru pessoal ba Departamentu, asegura identifikasaun ba funsaun espes\u00edfiku husi funsion\u00e1riu sira iha Departamentu nia laran, hodi kumpri no respeitu ba planu orsamentu internu;<\/li>\n<li>Dezenvolve dokumentu sira ne&#8217;eb\u00e9 neses\u00e1riu, iha \u00e1rea jestaun administrasaun p\u00fablika, atu garante funsionamentu regular no efetivu ba Departamentu;<\/li>\n<li>Ezerse tarefa sira seluk ne&#8217;eb\u00e9 atribui liu husi lei, regulamentu ka determinasaun superior nian.<\/li>\n<\/ol>\n<p style=\"text-align: justify;\">Departamentu Analiza Sustentabilidade Programa nian lidera husi Xefe Departamentu ida, ne&#8217;eb\u00e9 nomeia tuir termu ba rejime legal kargu diresaun no xefia administrasaun p\u00fablika nian.<\/p>\n<p>&nbsp;<\/p>\n<pre><strong><em>*RESOURSE: Diploma Ministerial N.\u00ba 18 \/2024 de 28 de Fevereiro Artigu 18.o Departamentu Analiza Sustentabilidade Programa<\/em><\/strong><\/pre>\n<p>[\/vc_column_text][\/vc_column][\/vc_row][vc_row][vc_column][\/vc_column][\/vc_row]<\/p>\n<\/section>","protected":false},"excerpt":{"rendered":"<p>[vc_row][vc_column][vc_column_text] Departamentu Analiza Sustentabilidade Programa nian hanesan servisu husi DNCQH respons\u00e1vel atu analiza sustentabilidade programa sira ba Habitasaun MDRHC nian. Departamentu Analiza Sustentabilidade Programa mak responsabiliza atu: Elabora no implementa planu estrat\u00e9jiku atu asegura funsionamentu di&#8217;ak ba Departamentu, nune\u2019e tenke estabelese objetivu klaru, metas ho prazu determinadu no tenki hetan aprovasaun husi Diret\u00f3r DNCQH nian; [&hellip;]<\/p>\n","protected":false},"author":1,"featured_media":0,"parent":0,"menu_order":0,"comment_status":"closed","ping_status":"closed","template":"","meta":{"_FSMCFIC_featured_image_caption":"","_FSMCFIC_featured_image_nocaption":"","_FSMCFIC_featured_image_hide":"","footnotes":""},"class_list":["post-5043","page","type-page","status-publish","hentry"],"_links":{"self":[{"href":"https:\/\/mdrhc.gov.tl\/tl\/wp-json\/wp\/v2\/pages\/5043","targetHints":{"allow":["GET"]}}],"collection":[{"href":"https:\/\/mdrhc.gov.tl\/tl\/wp-json\/wp\/v2\/pages"}],"about":[{"href":"https:\/\/mdrhc.gov.tl\/tl\/wp-json\/wp\/v2\/types\/page"}],"author":[{"embeddable":true,"href":"https:\/\/mdrhc.gov.tl\/tl\/wp-json\/wp\/v2\/users\/1"}],"replies":[{"embeddable":true,"href":"https:\/\/mdrhc.gov.tl\/tl\/wp-json\/wp\/v2\/comments?post=5043"}],"version-history":[{"count":3,"href":"https:\/\/mdrhc.gov.tl\/tl\/wp-json\/wp\/v2\/pages\/5043\/revisions"}],"predecessor-version":[{"id":5408,"href":"https:\/\/mdrhc.gov.tl\/tl\/wp-json\/wp\/v2\/pages\/5043\/revisions\/5408"}],"wp:attachment":[{"href":"https:\/\/mdrhc.gov.tl\/tl\/wp-json\/wp\/v2\/media?parent=5043"}],"curies":[{"name":"wp","href":"https:\/\/api.w.org\/{rel}","templated":true}]}}