{"id":5067,"date":"2025-05-29T06:24:51","date_gmt":"2025-05-29T06:24:51","guid":{"rendered":"https:\/\/mdrhc.gov.tl\/tl\/?page_id=5067"},"modified":"2025-06-10T05:21:39","modified_gmt":"2025-06-10T05:21:39","slug":"unidade-dos-servisu-de-inspesaun","status":"publish","type":"page","link":"https:\/\/mdrhc.gov.tl\/tl\/unidade-dos-servisu-de-inspesaun\/","title":{"rendered":"Unidade dos Servisu de Inspesaun"},"content":{"rendered":"<section class=\"wpb-content-wrapper\"><p>[vc_row][vc_column][vc_column_text]<\/p>\n<p style=\"text-align: justify;\">Unidade Servisu Inspesaun no Fisk\u00e1lizasaun, abreviadamente hanaran USIF, mak servisu Gabinete Inspesaun nian ne&#8217;eb\u00e9 respons\u00e1vel ba apoiu ba funsionamentu inspet\u00f3r Gabinete Inspesaun iha dom\u00edniu inspesaun nian.<\/p>\n<p style=\"text-align: justify;\">Kompet\u00e9nsia ba USIF atu:<\/p>\n<ol style=\"text-align: justify;\">\n<li>Akompa\u00f1a funsionamentu servisu sentr\u00e1l sira, propoin medidas korretiva atu adota;<\/li>\n<li>Fisk\u00e1liza legalidade, regularidade no kualidade funsionamentu servisu sentr\u00e1l MDRHC nian.<\/li>\n<li>Realiza inspesaun, averiguasaun, ink\u00e9ritus, no disiplina ho natureza administrativa, no f inanseira ba servisu sentr\u00e1l Minist\u00e9riu nian, bainhira sem prejuizu ka la afeta ba kompet\u00e9nsia Komisaun Funsaun P\u00fablika nian;<\/li>\n<li>Rekolla informasaun kona-ba funsionamentu servisu, propoin medidas korretiva ne&#8217;eb\u00e9 razoavel;<\/li>\n<li>Verifika apropriasaun no efik\u00e1sia kontrolu internu sira MDRHC nian;<\/li>\n<li>Verifika integridade no konfiabilidade informasaun no rejistu internu servisu MDRHC nian<\/li>\n<li>Propoin medidas sira kona-ba organizasaun no funsionamentu \u00f3rgaun no servisu MDRHC nian, ho objetivu atu simplifika prosesu, sirkuitu no komunikasaun;<\/li>\n<li>Realiza tarefa seluk ne&#8217;eb\u00e9 atribu\u00eddu husi lei, regulamentu, ka determinasaun superior nian.<\/li>\n<\/ol>\n<p style=\"text-align: justify;\">Unidade Servisu Inspesaun no Fisk\u00e1lizasaun dirije husi Subinspet\u00f3r ida, ho ekiparasaun ba efeitu legais hanesan ho diretor nasion\u00e1l no depende iha hierarkia no funsionalmente husi Inspet\u00f3r Gabinete Inspesaun nian.<\/p>\n<p>&nbsp;<\/p>\n<pre><strong><em>*RESOURSE: Diploma Ministerial N.\u00ba 18 \/2024 de 28 de Fevereiro Artigu 36.\u00ba Unidade Servisu Inspesaun no Fisk\u00e1lizasaun<\/em><\/strong><\/pre>\n<p>[\/vc_column_text][\/vc_column][\/vc_row]<\/p>\n<\/section>","protected":false},"excerpt":{"rendered":"<p>[vc_row][vc_column][vc_column_text] Unidade Servisu Inspesaun no Fisk\u00e1lizasaun, abreviadamente hanaran USIF, mak servisu Gabinete Inspesaun nian ne&#8217;eb\u00e9 respons\u00e1vel ba apoiu ba funsionamentu inspet\u00f3r Gabinete Inspesaun iha dom\u00edniu inspesaun nian. Kompet\u00e9nsia ba USIF atu: Akompa\u00f1a funsionamentu servisu sentr\u00e1l sira, propoin medidas korretiva atu adota; Fisk\u00e1liza legalidade, regularidade no kualidade funsionamentu servisu sentr\u00e1l MDRHC nian. Realiza inspesaun, averiguasaun, ink\u00e9ritus, [&hellip;]<\/p>\n","protected":false},"author":1,"featured_media":0,"parent":0,"menu_order":0,"comment_status":"closed","ping_status":"closed","template":"","meta":{"_FSMCFIC_featured_image_caption":"","_FSMCFIC_featured_image_nocaption":"","_FSMCFIC_featured_image_hide":"","footnotes":""},"class_list":["post-5067","page","type-page","status-publish","hentry"],"_links":{"self":[{"href":"https:\/\/mdrhc.gov.tl\/tl\/wp-json\/wp\/v2\/pages\/5067","targetHints":{"allow":["GET"]}}],"collection":[{"href":"https:\/\/mdrhc.gov.tl\/tl\/wp-json\/wp\/v2\/pages"}],"about":[{"href":"https:\/\/mdrhc.gov.tl\/tl\/wp-json\/wp\/v2\/types\/page"}],"author":[{"embeddable":true,"href":"https:\/\/mdrhc.gov.tl\/tl\/wp-json\/wp\/v2\/users\/1"}],"replies":[{"embeddable":true,"href":"https:\/\/mdrhc.gov.tl\/tl\/wp-json\/wp\/v2\/comments?post=5067"}],"version-history":[{"count":5,"href":"https:\/\/mdrhc.gov.tl\/tl\/wp-json\/wp\/v2\/pages\/5067\/revisions"}],"predecessor-version":[{"id":5407,"href":"https:\/\/mdrhc.gov.tl\/tl\/wp-json\/wp\/v2\/pages\/5067\/revisions\/5407"}],"wp:attachment":[{"href":"https:\/\/mdrhc.gov.tl\/tl\/wp-json\/wp\/v2\/media?parent=5067"}],"curies":[{"name":"wp","href":"https:\/\/api.w.org\/{rel}","templated":true}]}}