{"id":5101,"date":"2025-05-29T07:53:26","date_gmt":"2025-05-29T07:53:26","guid":{"rendered":"https:\/\/mdrhc.gov.tl\/tl\/?page_id=5101"},"modified":"2025-06-12T07:15:41","modified_gmt":"2025-06-12T07:15:41","slug":"gatd","status":"publish","type":"page","link":"https:\/\/mdrhc.gov.tl\/tl\/gatd\/","title":{"rendered":"GATD"},"content":{"rendered":"<section class=\"wpb-content-wrapper\"><p>[vc_row][vc_column][vc_custom_heading text=&#8221;Gabinete Transformasaun Dizitalisaun&#8221; font_container=&#8221;tag:h2|text_align:center&#8221;][vc_column_text]Gabinete Transformasaun Digital no Dijitalizasaun, abreviadu ho sigla GATD, mak servisu sentr\u00e1l husi Minist\u00e9riu ne&#8217;eb\u00e9, ho depend\u00e9nsia ba Ministru, asegura integrasaun teknolojia dijit\u00e1l iha operasaun Minist\u00e9riu nian.<\/p>\n<p>GATD nia responsabilidade mak:<\/p>\n<ol>\n<li>Fornese rede lokal no teknolojia ekipamentu ba Minist\u00e9riu;<\/li>\n<li>Assegura no apoia Portal Transpar\u00e9nsia Minist\u00e9riu nian;<\/li>\n<li>Estabelese suporta informasaun no teknolojia (TI) no ajuda resolve buat hotu relasiona ho apoiu tekniku, espesialmente iha instalasaun no konfigurasaun komputad\u00f3r, impresora ka printer, jestaun rede lokal no rede internet.<\/li>\n<li>Analiza dadus atu koleta; integrasaun dadus kompiladu; harmoniza dadus dijit\u00e1l sira no produz relat\u00f3riu atu apoia servisu dezenvolvimentu rural.<\/li>\n<li>Dezenvolve estrat\u00e9jia komunikasaun dijit\u00e1l;<\/li>\n<li>Realiza tarefa seluk ne&#8217;eb\u00e9 atribu\u00eddu husi lei, regulamentu, ka determinasaun superior nian.<\/li>\n<\/ol>\n<p>Digitalizasaun dirije husi xefi, ne&#8217;eb\u00e9 equiparadu ba efeitus legais ho diretor nasion\u00e1l, nomeadu tuir termus rejime jur\u00eddiku kargu diresaun no xefia husi Administra\u00e7\u00e3o P\u00fablika, ne&#8217;eb\u00e9 depende iha hier\u00e1rkia no funsion\u00e1lmente ba Ministru.<\/p>\n<p>&nbsp;<\/p>\n<pre><strong><em>*RESOURCE: DECRETO-LEI N.\u00ba 67\/2023 de 14 de Setembro Artigu 23.o Gabinete Transformasaun no Dijitalizasaun<\/em><\/strong><\/pre>\n<h1 style=\"text-align: center;\"><strong>ESTRUTURA GATD<\/strong><\/h1>\n<p style=\"text-align: justify;\"><img fetchpriority=\"high\" decoding=\"async\" class=\"wp-image-5224 aligncenter\" src=\"https:\/\/mdrhc.gov.tl\/wp-content\/uploads\/2025\/05\/GATDS-300x268.png\" alt=\"\" width=\"864\" height=\"772\" srcset=\"https:\/\/mdrhc.gov.tl\/wp-content\/uploads\/2025\/05\/GATDS-300x268.png 300w, https:\/\/mdrhc.gov.tl\/wp-content\/uploads\/2025\/05\/GATDS-768x685.png 768w, https:\/\/mdrhc.gov.tl\/wp-content\/uploads\/2025\/05\/GATDS-1536x1370.png 1536w, https:\/\/mdrhc.gov.tl\/wp-content\/uploads\/2025\/05\/GATDS-2048x1827.png 2048w\" sizes=\"(max-width: 864px) 100vw, 864px\" \/><\/p>\n<p>[\/vc_column_text][\/vc_column][\/vc_row][vc_row][vc_column][vc_separator color=&#8221;black&#8221;][vc_column_text css_animation=&#8221;fadeInUp&#8221;]<\/p>\n<p style=\"text-align: justify;\">GATD nia responsabilidade mak:<\/p>\n<ol style=\"text-align: justify;\">\n<li>Fornese rede lokal no teknolojia ekipamentu ba Minist\u00e9riu;<\/li>\n<li>Assegura no apoia Portal Transpar\u00e9nsia Minist\u00e9riu nian;<\/li>\n<li>Estabelese suporta informasaun no teknolojia (TI) no ajuda resolve buat hotu relasiona ho apoiu tekniku, espesialmente iha instalasaun no konfigurasaun komputad\u00f3r, impresora ka printer, jestaun rede lokal no rede internet.<\/li>\n<li>Analiza dadus atu koleta; integrasaun dadus kompiladu; harmoniza dadus dijit\u00e1l sira no produz relat\u00f3riu atu apoia servisu dezenvolvimentu rural; e. Dezenvolve estrat\u00e9jia komunikasaun dijit\u00e1l;<\/li>\n<li>Realiza tarefa seluk ne&#8217;eb\u00e9 atribu\u00eddu husi lei, regulamentu, ka determinasaun superior nian<\/li>\n<\/ol>\n<p style=\"text-align: justify;\">Gabinete Transformasaun no Digitalizasaun dirije husi xefi, ne&#8217;eb\u00e9 equiparadu ba efeitus legais ho diretor nasion\u00e1l, nomeadu tuir termus rejime jur\u00eddiku kargu diresaun no xefia husi Administra\u00e7\u00e3o P\u00fablika, ne&#8217;eb\u00e9 depende iha hier\u00e1rkia no funsion\u00e1lmente ba Ministru.<\/p>\n<p>[\/vc_column_text][\/vc_column][\/vc_row]<\/p>\n<p>&nbsp;<\/p>\n<p>&nbsp;<\/p>\n<\/section>","protected":false},"excerpt":{"rendered":"<p>[vc_row][vc_column][vc_custom_heading text=&#8221;Gabinete Transformasaun Dizitalisaun&#8221; font_container=&#8221;tag:h2|text_align:center&#8221;][vc_column_text]Gabinete Transformasaun Digital no Dijitalizasaun, abreviadu ho sigla GATD, mak servisu sentr\u00e1l husi Minist\u00e9riu ne&#8217;eb\u00e9, ho depend\u00e9nsia ba Ministru, asegura integrasaun teknolojia dijit\u00e1l iha operasaun Minist\u00e9riu nian. GATD nia responsabilidade mak: Fornese rede lokal no teknolojia ekipamentu ba Minist\u00e9riu; Assegura no apoia Portal Transpar\u00e9nsia Minist\u00e9riu nian; Estabelese suporta informasaun no teknolojia [&hellip;]<\/p>\n","protected":false},"author":1,"featured_media":0,"parent":0,"menu_order":0,"comment_status":"closed","ping_status":"closed","template":"","meta":{"_FSMCFIC_featured_image_caption":"","_FSMCFIC_featured_image_nocaption":"","_FSMCFIC_featured_image_hide":"","footnotes":""},"class_list":["post-5101","page","type-page","status-publish","hentry"],"_links":{"self":[{"href":"https:\/\/mdrhc.gov.tl\/tl\/wp-json\/wp\/v2\/pages\/5101","targetHints":{"allow":["GET"]}}],"collection":[{"href":"https:\/\/mdrhc.gov.tl\/tl\/wp-json\/wp\/v2\/pages"}],"about":[{"href":"https:\/\/mdrhc.gov.tl\/tl\/wp-json\/wp\/v2\/types\/page"}],"author":[{"embeddable":true,"href":"https:\/\/mdrhc.gov.tl\/tl\/wp-json\/wp\/v2\/users\/1"}],"replies":[{"embeddable":true,"href":"https:\/\/mdrhc.gov.tl\/tl\/wp-json\/wp\/v2\/comments?post=5101"}],"version-history":[{"count":9,"href":"https:\/\/mdrhc.gov.tl\/tl\/wp-json\/wp\/v2\/pages\/5101\/revisions"}],"predecessor-version":[{"id":5569,"href":"https:\/\/mdrhc.gov.tl\/tl\/wp-json\/wp\/v2\/pages\/5101\/revisions\/5569"}],"wp:attachment":[{"href":"https:\/\/mdrhc.gov.tl\/tl\/wp-json\/wp\/v2\/media?parent=5101"}],"curies":[{"name":"wp","href":"https:\/\/api.w.org\/{rel}","templated":true}]}}