{"id":5114,"date":"2025-05-29T08:00:08","date_gmt":"2025-05-29T08:00:08","guid":{"rendered":"https:\/\/mdrhc.gov.tl\/tl\/?page_id=5114"},"modified":"2025-06-10T04:54:22","modified_gmt":"2025-06-10T04:54:22","slug":"gaj","status":"publish","type":"page","link":"https:\/\/mdrhc.gov.tl\/tl\/gaj\/","title":{"rendered":"GAJ"},"content":{"rendered":"<section class=\"wpb-content-wrapper\"><p>[vc_row][vc_column][vc_column_text]<\/p>\n<p style=\"text-align: justify;\">Gabinete Apoiu Jur\u00eddiku, dezignadu no sigla GAJ, mak servisu respons\u00e1vel atu fo asist\u00e9nsia no konsellu ba Ministru iha asuntu hotu ho natureza jur\u00eddiku.<\/p>\n<p style=\"text-align: justify;\">GAJ iha responsabilidade hanesan tuir mai:<\/p>\n<ol style=\"text-align: justify;\">\n<li>Elabora pareser, responde ba konsulta no elabora estudu kona-ba asuntu sira ho natureza jur\u00eddiku;<\/li>\n<li>Elabora, bainhira hetan pedidu atu dezenvolve projetu lei iha \u00e1rea rural no habitasaun komunit\u00e1ria nian;<\/li>\n<li>Emite pareser no asiste prosesu disiplin\u00e1r, investigasaun, inqu\u00e9ritu no averiguasaun, bainhira determina husi Ministru, bainhira la prej\u00fadika ba kompet\u00e9nsia Komisaun Funsaun P\u00fablika no Inspeksaun-Jer\u00e1l Estadu;<\/li>\n<li>Verifika legalidade kontratu sira ne&#8217;eb\u00e9 sei asina husi Minist\u00e9riu, iha kolaborasaun ho servisu relevante sira;<\/li>\n<li>Garante apoiu jur\u00eddiku iha prosesu desizaun no formulasaun pol\u00edtika set\u00f3r sira, hodi garante legalidade iha prosesu refere;<\/li>\n<li>Kria no halo jestaun ba arkivu lei no regulamentu relevante ba \u00e1rea rural, habitasaun komunit\u00e1ria no \u00e1rea sira ne\u2019eb\u00e9 mak ligadus.<\/li>\n<li>Realiza tarefa seluk ne&#8217;eb\u00e9 atribu\u00eddu husi lei, regulamentu ka determinasaun superior nian.<\/li>\n<\/ol>\n<p style=\"text-align: justify;\">Gabinete Apoiu Jur\u00eddiku dirije husi xefi ida, ho ekiparasaun ba efeitu legais hanesan ho diretor nasion\u00e1l, ne&#8217;eb\u00e9 nomeadu tuir termus r\u00e9jime jur\u00eddiku ba kargu diresaun no xefia iha Administrasaun P\u00fablika no depende tuir hierarkia no funsionalmente ba Ministru.<\/p>\n<p>&nbsp;<\/p>\n<pre><strong><em>*RESOURCE: DECRETO-LEI N.\u00ba 67\/2023 de 14 de Setembro Artigu 25.o Gabinete Apoio Jur\u00eddiku<\/em><\/strong><\/pre>\n<p>[\/vc_column_text][vc_separator color=&#8221;pink&#8221;][vc_column_text]Dokumento Sobre Leis no Diploma bele Download iha ne&#8217;e:<\/p>\n<ol>\n<li style=\"list-style-type: none;\">\n<ol>\n<li><a href=\"https:\/\/mdrhc.gov.tl\/wp-content\/uploads\/2025\/05\/ConstituicaoRDTL_tetum.pdf\">ConstituicaoRDTL_tetum<\/a><\/li>\n<li><a href=\"https:\/\/mdrhc.gov.tl\/wp-content\/uploads\/2025\/06\/TT-2023-07-19-Programa-IX-Governo.pdf\">TT-2023-07-19-Programa-IX-Governo<\/a><\/li>\n<li><a href=\"https:\/\/mdrhc.gov.tl\/wp-content\/uploads\/2025\/05\/Competencia-cada-Diracao-MDRHC-Bazeia-ba-DL-67.2023.pdf\">Competencia cada Diracao MDRHC Bazeia ba DL 67.2023<\/a><\/li>\n<li><a href=\"https:\/\/mdrhc.gov.tl\/wp-content\/uploads\/2025\/05\/Programa-Revitalizasaun-Komunitaria.pdf\">Programa Revitalizasaun Komunitaria<\/a><\/li>\n<li><a href=\"https:\/\/mdrhc.gov.tl\/wp-content\/uploads\/2025\/05\/Regulamento-de-Subsidios-Subvencoes-e-Doacoes-Publicas.pdf\">Regulamento de Subsidios, Subven\u00e7\u00f5es e Doa\u00e7\u00f5es P\u00fablicas<\/a><\/li>\n<\/ol>\n<\/li>\n<\/ol>\n<p>&nbsp;[\/vc_column_text][\/vc_column][\/vc_row]<\/p>\n<\/section>","protected":false},"excerpt":{"rendered":"<p>[vc_row][vc_column][vc_column_text] Gabinete Apoiu Jur\u00eddiku, dezignadu no sigla GAJ, mak servisu respons\u00e1vel atu fo asist\u00e9nsia no konsellu ba Ministru iha asuntu hotu ho natureza jur\u00eddiku. GAJ iha responsabilidade hanesan tuir mai: Elabora pareser, responde ba konsulta no elabora estudu kona-ba asuntu sira ho natureza jur\u00eddiku; Elabora, bainhira hetan pedidu atu dezenvolve projetu lei iha \u00e1rea rural [&hellip;]<\/p>\n","protected":false},"author":1,"featured_media":0,"parent":0,"menu_order":0,"comment_status":"closed","ping_status":"closed","template":"","meta":{"_FSMCFIC_featured_image_caption":"","_FSMCFIC_featured_image_nocaption":"","_FSMCFIC_featured_image_hide":"","footnotes":""},"class_list":["post-5114","page","type-page","status-publish","hentry"],"_links":{"self":[{"href":"https:\/\/mdrhc.gov.tl\/tl\/wp-json\/wp\/v2\/pages\/5114","targetHints":{"allow":["GET"]}}],"collection":[{"href":"https:\/\/mdrhc.gov.tl\/tl\/wp-json\/wp\/v2\/pages"}],"about":[{"href":"https:\/\/mdrhc.gov.tl\/tl\/wp-json\/wp\/v2\/types\/page"}],"author":[{"embeddable":true,"href":"https:\/\/mdrhc.gov.tl\/tl\/wp-json\/wp\/v2\/users\/1"}],"replies":[{"embeddable":true,"href":"https:\/\/mdrhc.gov.tl\/tl\/wp-json\/wp\/v2\/comments?post=5114"}],"version-history":[{"count":7,"href":"https:\/\/mdrhc.gov.tl\/tl\/wp-json\/wp\/v2\/pages\/5114\/revisions"}],"predecessor-version":[{"id":5402,"href":"https:\/\/mdrhc.gov.tl\/tl\/wp-json\/wp\/v2\/pages\/5114\/revisions\/5402"}],"wp:attachment":[{"href":"https:\/\/mdrhc.gov.tl\/tl\/wp-json\/wp\/v2\/media?parent=5114"}],"curies":[{"name":"wp","href":"https:\/\/api.w.org\/{rel}","templated":true}]}}