{"id":5129,"date":"2025-05-30T04:36:06","date_gmt":"2025-05-30T04:36:06","guid":{"rendered":"https:\/\/mdrhc.gov.tl\/tl\/?page_id=5129"},"modified":"2025-05-30T07:18:06","modified_gmt":"2025-05-30T07:18:06","slug":"sobre-mdrhc","status":"publish","type":"page","link":"https:\/\/mdrhc.gov.tl\/tl\/sobre-mdrhc\/","title":{"rendered":"Sobre MDRHC"},"content":{"rendered":"<section class=\"wpb-content-wrapper\"><p>[vc_row][vc_column][vc_column_text css_animation=&#8221;bounceIn&#8221;]<\/p>\n<h3 style=\"text-align: justify;\"><em><img fetchpriority=\"high\" decoding=\"async\" class=\"size-full wp-image-5191 alignleft\" src=\"https:\/\/mdrhc.gov.tl\/wp-content\/uploads\/2025\/05\/images.jpg\" alt=\"\" width=\"187\" height=\"270\" \/>Vise-Primeiru-Ministru, Ministru Koordenad\u00f3r Asuntus Sosiais no Ministru Dezenvolvimentu Rur\u00e1l no Abitasaun Komunit\u00e1ria<\/em><\/h3>\n<p style=\"text-align: justify;\"><strong>Mariano Assanami Sabino<\/strong><\/p>\n<p style=\"text-align: justify;\">Vise-Primeiru-Ministru, Ministru Koordenad\u00f3r Asuntus Sosiais no Ministru Dezenvolvimentu Rur\u00e1l no Abitasaun Komunit\u00e1ria sei tulun Primeiru-Ministru iha koordenasaun no supervizaun ba membrus Governu ne\u2019eb\u00e9 responsavel ba ezekusaun pol\u00edtikas ba \u00e1rea governasaun iha aspetu sosi\u00e1l, liuliu Minist\u00e9riu Solidariedade Sosi\u00e1l no Inkluzaun, Minist\u00e9riu Asuntus Kombatetentes Libertasaun Nasion\u00e1l, Minist\u00e9riu Sa\u00fade, Minist\u00e9riu Ensinu Superi\u00f3r, Si\u00e9nsia no Kultura, Minist\u00e9riu Edukasaun, Minist\u00e9riu Juventude, Desportu, Arte no Kultura.<\/p>\n<p style=\"text-align: justify;\">Nu\u2019ud\u00e1r Ministru Koordenad\u00f3r Asuntus Sosiais, na\u2019i-ulun ne\u2019e iha kompet\u00e9nsia atu koordena elaborasaun, ezekusaun no kontrolu ba pol\u00edtika hirak ne\u2019eb\u00e9 define ona husi Konsellu Ministrus iha \u00e1reas sosi\u00e1l, koordena preparasaun no organizasaun traballu departamentu governament\u00e1l nian sira ne\u2019eb\u00e9 tutela ba nia, akompa\u00f1a no avalia traballu no prestasaun servisu membrus Governu nian ne\u2019eb\u00e9 temi iha n\u00fameru anteri\u00f3r, propoin no dezenvolve pol\u00edtikas p\u00fablikas ho kar\u00e1kter sosi\u00e1l ne\u2019eb\u00e9 kontribui ba melloria prestasaun servisu ba sidadaun sira, koordena preparasaun no organizasaun traballu governament\u00e1l iha \u00e1rea sosi\u00e1l no garante koordenasaun ho entidade relevantes ne\u2019eb\u00e9 kontribui ba dezenvolvimentu sosi\u00e1l.<\/p>\n<p style=\"text-align: justify;\">Nu\u2019ud\u00e1r Ministru Dezenvolvimentu Rur\u00e1l no Abitasaun Komunit\u00e1ria, nia iha responsabilidade ba konsesaun, ezekusaun, koordenasaun no avaliasaun pol\u00edtikas, ne\u2019eb\u00e9 define no aprova ona husi Konsellu Ministrus ba \u00e1reas relevantes ho melloria kondisaun moris, oportunidade no asesibilidade iha zona rur\u00e1l, dezenvolvimentu inisiativas promotoras ba diversifikasaun atividades, kriasaun empregu iha espasu rur\u00e1l, ho objetivu atu konsolida ninia estrutura produtiva.<\/p>\n<p style=\"text-align: justify;\">Vise-Primeiru-Ministru, Ministru Koordenad\u00f3r Asuntus Sosiais no Ministru Dezenvolvimentu Rur\u00e1l no Habitasaun Komunit\u00e1ria maka sei tutela ba: Komisaun Nasion\u00e1l Desportu, Komisaun Reguladora Artes Marsiais, I.P., Servisu Apoiu Sosiedade Siv\u00edl no Auditoria Sosi\u00e1l, I.P., Institutu Nasion\u00e1l Kombate HIV\/SIDA, I.P. (INCSIDA), Institutu Defeza Direitus Labarik I.P. (INDDICA) no Unidade Misaun ba Kombate Raes Badak.<\/p>\n<ul>\n<li style=\"text-align: justify;\">e-mail:\u00a0<a href=\"http:\/\/timor-leste.gov.tl\/mariano.assanami@timor-leste.gov.tl\">assanami@timor-leste.gov.tl<\/a><\/li>\n<li style=\"text-align: justify;\">telefone:\u00a07795 31 03<\/li>\n<\/ul>\n<p>[\/vc_column_text][vc_separator color=&#8221;black&#8221; border_width=&#8221;8&#8243;][\/vc_column][\/vc_row][vc_row][vc_column][vc_column_text css_animation=&#8221;bounceIn&#8221;]<\/p>\n<p style=\"text-align: justify;\"><strong>\u00a0<\/strong><\/p>\n<p style=\"text-align: justify;\"><img decoding=\"async\" class=\" wp-image-5194 alignleft\" src=\"https:\/\/mdrhc.gov.tl\/wp-content\/uploads\/2025\/05\/logo-300x300.png\" alt=\"\" width=\"206\" height=\"206\" srcset=\"https:\/\/mdrhc.gov.tl\/wp-content\/uploads\/2025\/05\/logo-300x300.png 300w, https:\/\/mdrhc.gov.tl\/wp-content\/uploads\/2025\/05\/logo-150x150.png 150w, https:\/\/mdrhc.gov.tl\/wp-content\/uploads\/2025\/05\/logo.png 499w\" sizes=\"(max-width: 206px) 100vw, 206px\" \/>Ministerio Desemvolvimento Rural no Habitasaun Komunitaria (MDRHK), nudar departamentu Governu ne\u2019ebe responsavel ba deze\u00f1u, implementasaun, koordenasaun no avaliasaun ba politika definidu no hetan aprovasaun husi konselhu Min\u00edstru iiha area sira ne\u2019ebe liga ho melhoramentu kodisaun moris, oportunidade no asesibilidade iha area rural, inisiativa hodi dezenvolve atu promove diversifikasaun atividade sira, kriasaun empregu iha espasu rural.<\/p>\n<p style=\"text-align: justify;\">Dezenvolvimentu rural no Habitasaun, nu\u2019udar pil\u00e1r principal hodi fornese dezemvolvimentu, harmon\u00edza atu sustenta moris di\u2019ak no dignu ba sidadaun sira hotu iha area rurais liu husi dezenvolvimentu ekon\u00f3miku no social. Iha parte selu;, konstrusaun uma ne\u2019ebe adekuadu ho kondisaun hijiene hodi proteje privasidade fam\u00edlia idaidak.<\/p>\n<p style=\"text-align: justify;\">Dezemvolvimentu rural sai fat\u00f3r importante hodi empodera ekonomia ho objetivu atu reduz pobreza iha rurais hodi kontribuiba realizasaun objetivu dezenvolvimentu sustent\u00e1vel (ODS). Ema hotu hotu iha direituatu hela iha uma ne\u2019ebe dignu, nune\u2019e, Min\u00edsteriu ida ne\u2019e focus hodi kria kondisaun no medidas sira ne\u2019ebe sei garante ba konstrusaun uma no habitante sira.<\/p>\n<p>[\/vc_column_text][vc_separator][\/vc_column][\/vc_row]<\/p>\n<\/section>","protected":false},"excerpt":{"rendered":"<p>[vc_row][vc_column][vc_column_text css_animation=&#8221;bounceIn&#8221;] Vise-Primeiru-Ministru, Ministru Koordenad\u00f3r Asuntus Sosiais no Ministru Dezenvolvimentu Rur\u00e1l no Abitasaun Komunit\u00e1ria Mariano Assanami Sabino Vise-Primeiru-Ministru, Ministru Koordenad\u00f3r Asuntus Sosiais no Ministru Dezenvolvimentu Rur\u00e1l no Abitasaun Komunit\u00e1ria sei tulun Primeiru-Ministru iha koordenasaun no supervizaun ba membrus Governu ne\u2019eb\u00e9 responsavel ba ezekusaun pol\u00edtikas ba \u00e1rea governasaun iha aspetu sosi\u00e1l, liuliu Minist\u00e9riu Solidariedade Sosi\u00e1l no [&hellip;]<\/p>\n","protected":false},"author":1,"featured_media":0,"parent":0,"menu_order":0,"comment_status":"closed","ping_status":"closed","template":"","meta":{"_FSMCFIC_featured_image_caption":"","_FSMCFIC_featured_image_nocaption":"","_FSMCFIC_featured_image_hide":"","footnotes":""},"class_list":["post-5129","page","type-page","status-publish","hentry"],"_links":{"self":[{"href":"https:\/\/mdrhc.gov.tl\/tl\/wp-json\/wp\/v2\/pages\/5129","targetHints":{"allow":["GET"]}}],"collection":[{"href":"https:\/\/mdrhc.gov.tl\/tl\/wp-json\/wp\/v2\/pages"}],"about":[{"href":"https:\/\/mdrhc.gov.tl\/tl\/wp-json\/wp\/v2\/types\/page"}],"author":[{"embeddable":true,"href":"https:\/\/mdrhc.gov.tl\/tl\/wp-json\/wp\/v2\/users\/1"}],"replies":[{"embeddable":true,"href":"https:\/\/mdrhc.gov.tl\/tl\/wp-json\/wp\/v2\/comments?post=5129"}],"version-history":[{"count":6,"href":"https:\/\/mdrhc.gov.tl\/tl\/wp-json\/wp\/v2\/pages\/5129\/revisions"}],"predecessor-version":[{"id":5199,"href":"https:\/\/mdrhc.gov.tl\/tl\/wp-json\/wp\/v2\/pages\/5129\/revisions\/5199"}],"wp:attachment":[{"href":"https:\/\/mdrhc.gov.tl\/tl\/wp-json\/wp\/v2\/media?parent=5129"}],"curies":[{"name":"wp","href":"https:\/\/api.w.org\/{rel}","templated":true}]}}