{"id":60,"date":"2023-08-29T02:53:10","date_gmt":"2023-08-29T02:53:10","guid":{"rendered":"http:\/\/localhost\/mdrhc\/?page_id=60"},"modified":"2024-03-08T03:33:50","modified_gmt":"2024-03-08T03:33:50","slug":"servicos-corporativos","status":"publish","type":"page","link":"https:\/\/mdrhc.gov.tl\/tl\/servicos-corporativos\/","title":{"rendered":"Habita\u00e7\u00e3o Comunitaria"},"content":{"rendered":"<p><strong>Programa IX Governu Konstitusional Konaba Abitasaun Komunit\u00e1ria<\/strong><\/p>\n<p style=\"text-align: justify;\">Ema hotu-hotu iha direitu, ba nia an rasik no ba nia fam\u00edlia, ba abitasaun (ka uma) di\u2019ak ida ho luan ne\u2019eb\u00e9 natoon, ho kondisoens ijiene no konfortu, ne\u2019eb\u00e9 bele prezerva intimidade peso\u00e1l ho privasidade fam\u00edlia nian.<\/p>\n<p style=\"text-align: justify;\">Atu proporsiona abitasaun ne\u2019eb\u00e9 kondigna ba ita-nia sidadauns, Governu sei:<\/p>\n<p style=\"text-align: justify;\">\u00a0Habita\u00e7\u00e3o<\/p>\n<ul style=\"text-align: justify;\">\n<li>Revee Pol\u00edtika Nasion\u00e1l ba Abitasaun, tinan 2007 nian, hodi dezenvolve Programa Nasion\u00e1l Abitasaun, iha ne\u2019eb\u00e9 inklui kestoens sustentabilidade, hodi garante, tuir prazu, abitasaun ne\u2019eb\u00e9 kondigna ba timoroan hotu-hotu, ho asesu ba bee m\u00f3s norezervat\u00f3riu, instalasoens saneamentu individu\u00e1l (hariis fatin), kozi\u00f1a ka dapur, eletrisidade ho n\u00edvel konfortu ne\u2019eb\u00e9 tuir padroens modernus;<\/li>\n<\/ul>\n<ul style=\"text-align: justify;\">\n<li>Kria regulamentus hodi estabelese rekizitus m\u00ednimus, atu bele harii no asegurakonstrusaun uma ne\u2019eb\u00e9 dignu, ne\u2019eb\u00e9 promove habitabilidade ho kondisaun seguransa no m\u00f3s ho hijiene;<\/li>\n<\/ul>\n<ul style=\"text-align: justify;\">\n<li>Haree di\u2019ak fali no reforma Programa kona-ba Objetivus Dezenvolvimentu Mil\u00e9niu (MDG Sukus \u2013 PED 2015);<\/li>\n<\/ul>\n<ul style=\"text-align: justify;\">\n<li>Kria no implementa programa apoiu ba reabilitasaun no konstrusaun uma, hodi hadi\u2019a kualidade nu\u2019udar hela fatin;<\/li>\n<\/ul>\n<ul style=\"text-align: justify;\">\n<li>Introd\u00fas t\u00e9knikas modernas ho materiais konstrusaun ne\u2019eb\u00e9 di\u2019ak no haree tuir kultura, tradisaun ho klima Timor-Leste, envolve partisipasaun komunidades lokais durante prosesu tomak;<\/li>\n<\/ul>\n<ul style=\"text-align: justify;\">\n<li>Estuda no implementa programa kona-ba promosaun atu harii uma hosi investidores privadu sira, iha fatin foun, liuhosi Planu Urbanizasaun ne\u2019eb\u00e9 planeadu no ho infraestruturas hotu ne\u2019eb\u00e9 hetan ona aprovasaun;<\/li>\n<\/ul>\n<ul style=\"text-align: justify;\">\n<li>Asegura akompa\u00f1amentu permanente ba komunidades, relasiona ho forma oins\u00e1 nia abitasoens bele simu animais hakiak, hodi forma no sensibiliza l\u00edderes komunit\u00e1rius ho xefes de fam\u00edlia kona-ba kestoens Sa\u00fade P\u00fablika, ne\u2019eb\u00e9 asosia ho konv\u00edviu (ka moris hamutuk) ho animais.<\/li>\n<\/ul>\n<ul style=\"text-align: justify;\">\n<li>Promove pol\u00edtika ida kona-ba abitasaun saud\u00e1vel no bairru sira ne\u2019eb\u00e9 inovad\u00f3r nointegradu;<\/li>\n<\/ul>\n<ul style=\"text-align: justify;\">\n<li>F\u00f3 apoiu ba komunidade, aldeia no suku sira ba ninia dezenvolvimentu.<\/li>\n<\/ul>\n<p style=\"text-align: justify;\">\n","protected":false},"excerpt":{"rendered":"<p>Programa IX Governu Konstitusional Konaba Abitasaun Komunit\u00e1ria Ema hotu-hotu iha direitu, ba nia an rasik no ba nia fam\u00edlia, ba abitasaun (ka uma) di\u2019ak ida ho luan ne\u2019eb\u00e9 natoon, ho kondisoens ijiene no konfortu, ne\u2019eb\u00e9 bele prezerva intimidade peso\u00e1l ho privasidade fam\u00edlia nian. Atu proporsiona abitasaun ne\u2019eb\u00e9 kondigna ba ita-nia sidadauns, Governu sei: \u00a0Habita\u00e7\u00e3o Revee [&hellip;]<\/p>\n","protected":false},"author":1,"featured_media":0,"parent":0,"menu_order":0,"comment_status":"closed","ping_status":"closed","template":"","meta":{"_FSMCFIC_featured_image_caption":"","_FSMCFIC_featured_image_nocaption":"","_FSMCFIC_featured_image_hide":"","footnotes":""},"class_list":["post-60","page","type-page","status-publish","hentry"],"_links":{"self":[{"href":"https:\/\/mdrhc.gov.tl\/tl\/wp-json\/wp\/v2\/pages\/60","targetHints":{"allow":["GET"]}}],"collection":[{"href":"https:\/\/mdrhc.gov.tl\/tl\/wp-json\/wp\/v2\/pages"}],"about":[{"href":"https:\/\/mdrhc.gov.tl\/tl\/wp-json\/wp\/v2\/types\/page"}],"author":[{"embeddable":true,"href":"https:\/\/mdrhc.gov.tl\/tl\/wp-json\/wp\/v2\/users\/1"}],"replies":[{"embeddable":true,"href":"https:\/\/mdrhc.gov.tl\/tl\/wp-json\/wp\/v2\/comments?post=60"}],"version-history":[{"count":2,"href":"https:\/\/mdrhc.gov.tl\/tl\/wp-json\/wp\/v2\/pages\/60\/revisions"}],"predecessor-version":[{"id":3664,"href":"https:\/\/mdrhc.gov.tl\/tl\/wp-json\/wp\/v2\/pages\/60\/revisions\/3664"}],"wp:attachment":[{"href":"https:\/\/mdrhc.gov.tl\/tl\/wp-json\/wp\/v2\/media?parent=60"}],"curies":[{"name":"wp","href":"https:\/\/api.w.org\/{rel}","templated":true}]}}